{"id":410,"date":"2023-03-21T16:06:03","date_gmt":"2023-03-21T16:06:03","guid":{"rendered":"https:\/\/test.pulchlorenz.de\/?product=transport-und-aufbewahrungsbehaelter-fuer-primo-star"},"modified":"2023-03-21T16:06:03","modified_gmt":"2023-03-21T16:06:03","slug":"transport-und-aufbewahrungsbehaelter-fuer-primo-star","status":"publish","type":"product","link":"https:\/\/test.pulchlorenz.de\/?product=transport-und-aufbewahrungsbehaelter-fuer-primo-star","title":{"rendered":"Transport- und Aufbewahrungsbeh\u00e4lter f\u00fcr Primo Star"},"content":{"rendered":"<p>Transportbox f\u00fcr\u00a0Primo Star Mikroskope und Zubeh\u00f6r.  Gr\u00f6\u00dfe: L 430mm x B 280mm x H 500mm  Gewicht : 3,4Kg  Kompatible Mikroskope:  \t Primo Star<\/p>\n","protected":false},"excerpt":{"rendered":"<p>Transportbox f\u00fcr\u00a0Primo Star Mikroskope und Zubeh\u00f6r. Gr\u00f6\u00dfe: L 430mm x B 280mm x H 500mm Gewicht : 3,4Kg Kompatible Mikroskope: Primo Star<\/p>\n","protected":false},"featured_media":0,"comment_status":"open","ping_status":"closed","template":"","meta":[],"product_brand":[],"product_cat":[15],"product_tag":[],"class_list":{"0":"post-410","1":"product","2":"type-product","3":"status-publish","5":"product_cat-unkategorisiert","7":"first","8":"instock","9":"taxable","10":"shipping-taxable","11":"purchasable","12":"product-type-simple"},"jetpack_sharing_enabled":true,"_links":{"self":[{"href":"https:\/\/test.pulchlorenz.de\/index.php?rest_route=\/wp\/v2\/product\/410","targetHints":{"allow":["GET"]}}],"collection":[{"href":"https:\/\/test.pulchlorenz.de\/index.php?rest_route=\/wp\/v2\/product"}],"about":[{"href":"https:\/\/test.pulchlorenz.de\/index.php?rest_route=\/wp\/v2\/types\/product"}],"replies":[{"embeddable":true,"href":"https:\/\/test.pulchlorenz.de\/index.php?rest_route=%2Fwp%2Fv2%2Fcomments&post=410"}],"wp:attachment":[{"href":"https:\/\/test.pulchlorenz.de\/index.php?rest_route=%2Fwp%2Fv2%2Fmedia&parent=410"}],"wp:term":[{"taxonomy":"product_brand","embeddable":true,"href":"https:\/\/test.pulchlorenz.de\/index.php?rest_route=%2Fwp%2Fv2%2Fproduct_brand&post=410"},{"taxonomy":"product_cat","embeddable":true,"href":"https:\/\/test.pulchlorenz.de\/index.php?rest_route=%2Fwp%2Fv2%2Fproduct_cat&post=410"},{"taxonomy":"product_tag","embeddable":true,"href":"https:\/\/test.pulchlorenz.de\/index.php?rest_route=%2Fwp%2Fv2%2Fproduct_tag&post=410"}],"curies":[{"name":"wp","href":"https:\/\/api.w.org\/{rel}","templated":true}]}}