{"id":521,"date":"2023-03-21T16:06:20","date_gmt":"2023-03-21T16:06:20","guid":{"rendered":"https:\/\/test.pulchlorenz.de\/?product=deckglaskappe-d-017-06-mm"},"modified":"2023-03-21T16:06:20","modified_gmt":"2023-03-21T16:06:20","slug":"deckglaskappe-d-017-06-mm","status":"publish","type":"product","link":"https:\/\/test.pulchlorenz.de\/?product=deckglaskappe-d-017-06-mm","title":{"rendered":"Deckglaskappe D = 0,17 &#8211; 0,6 mm"},"content":{"rendered":"<p>Deckglaskappe f\u00fcr D=0,17-0,6mm f\u00fcr LD A-Plan 32x, 40x und LD Plan-Achromat 20x und 40x  Zur Verwendung von Objekttr\u00e4ger mit Deckgl\u00e4sern bei den passenden LD-Objektiven<\/p>\n","protected":false},"excerpt":{"rendered":"<p>Deckglaskappe f\u00fcr D=0,17-0,6mm f\u00fcr LD A-Plan 32x, 40x und LD Plan-Achromat 20x und 40x Zur Verwendung von Objekttr\u00e4ger mit Deckgl\u00e4sern bei den passenden LD-Objektiven<\/p>\n","protected":false},"featured_media":0,"comment_status":"open","ping_status":"closed","template":"","meta":[],"product_brand":[],"product_cat":[15],"product_tag":[],"class_list":{"0":"post-521","1":"product","2":"type-product","3":"status-publish","5":"product_cat-unkategorisiert","7":"first","8":"instock","9":"taxable","10":"shipping-taxable","11":"purchasable","12":"product-type-simple"},"jetpack_sharing_enabled":true,"_links":{"self":[{"href":"https:\/\/test.pulchlorenz.de\/index.php?rest_route=\/wp\/v2\/product\/521","targetHints":{"allow":["GET"]}}],"collection":[{"href":"https:\/\/test.pulchlorenz.de\/index.php?rest_route=\/wp\/v2\/product"}],"about":[{"href":"https:\/\/test.pulchlorenz.de\/index.php?rest_route=\/wp\/v2\/types\/product"}],"replies":[{"embeddable":true,"href":"https:\/\/test.pulchlorenz.de\/index.php?rest_route=%2Fwp%2Fv2%2Fcomments&post=521"}],"wp:attachment":[{"href":"https:\/\/test.pulchlorenz.de\/index.php?rest_route=%2Fwp%2Fv2%2Fmedia&parent=521"}],"wp:term":[{"taxonomy":"product_brand","embeddable":true,"href":"https:\/\/test.pulchlorenz.de\/index.php?rest_route=%2Fwp%2Fv2%2Fproduct_brand&post=521"},{"taxonomy":"product_cat","embeddable":true,"href":"https:\/\/test.pulchlorenz.de\/index.php?rest_route=%2Fwp%2Fv2%2Fproduct_cat&post=521"},{"taxonomy":"product_tag","embeddable":true,"href":"https:\/\/test.pulchlorenz.de\/index.php?rest_route=%2Fwp%2Fv2%2Fproduct_tag&post=521"}],"curies":[{"name":"wp","href":"https:\/\/api.w.org\/{rel}","templated":true}]}}