{"id":559,"date":"2023-03-21T16:06:27","date_gmt":"2023-03-21T16:06:27","guid":{"rendered":"https:\/\/test.pulchlorenz.de\/?product=kameraadapter-anschluss-60n-t2-10x"},"modified":"2023-03-21T16:06:27","modified_gmt":"2023-03-21T16:06:27","slug":"kameraadapter-anschluss-60n-t2-10x","status":"publish","type":"product","link":"https:\/\/test.pulchlorenz.de\/?product=kameraadapter-anschluss-60n-t2-10x","title":{"rendered":"Kameraadapter Anschluss 60N &#8211; T2 1,0x"},"content":{"rendered":"<p>Kameradapter f\u00fcr Kameras mit T2-Mount und f\u00fcr Mikroskope mit einem Fototubus mit Trennstell 60N. Vergr\u00f6\u00dferungsfaktor 1,0x   Kompatible Mikroskope:   Axio Imager.A1  Axio Imager.D1  Axio Imager.D1 f\u00fcr Auflicht-Fluoreszenz mit ApoTome  Axio Imager.M1  Axio Imager.Z1  Axio Imager.Z1m  Axio Observer.A1  Axio Observer.D1  Axio Observer.Z1  Axio Observer.Z1 Cell Observer  SteREO Discovery.V12  SteREO Discovery.V8  SteREO Lumar.V12  Axio Observer.D1m  Axio Observer.Z1m  SteREO Discovery.V20  Axio Scope.A1  Axio Scope.A1 Vario  Axio Examiner.A1  Axio Examiner.D1  Axio Examiner.Z1  Axio Imager.Z1 + ApoTome  Axio Observer.Z1 TIRF 3  Axio Imager.A2  Axio Imager.A2m  Axio Imager.D2  Axio Imager.D2m  Axio Imager.M2  Axio Imager.M2m  Axio Imager.Z2  Axio Imager.Z2m  Axio Observer.D1 TIRF 3  Axio Scope.A1 Pol  Axio Lab.A1  Axio Lab.A1 MAT  Axio Lab.A1 FL-LED  Axio Lab.A1 Pol  Axio Imager Vario  Axio Vert.A1  Axio Vert.A1 FL  Axio Vert.A1 MAT  Axio Vert.A1 FL-LED  Axio Zoom.V16  Stemi 305  Stemi 508  Stemi 305 Demo  Stemi 508 Demo  Axio Observer 3 materials  Axio Observer 5 materials  Axio Observer 7 materials  Stemi 305 trino  Stemi 508 trino  Stemi 508 doc  Axio Observer 3  Axio Observer 5  Axio Observer 7  Axioscope 5 MAT  Axioscope 5 Pol  Axioscope 7 MAT  Axioscope vario  Stemi 305 cam  Axiolab 5  Axiolab 5 MAT  Axiolab 5 Pol  Axioscope 5  Axiovert 5  Axiovert 7<\/p>\n","protected":false},"excerpt":{"rendered":"<p>Kameradapter f\u00fcr Kameras mit T2-Mount und f\u00fcr Mikroskope mit einem Fototubus mit Trennstell 60N. Vergr\u00f6\u00dferungsfaktor 1,0x Kompatible Mikroskope: Axio Imager.A1 Axio Imager.D1 Axio Imager.D1 f\u00fcr Auflicht-Fluoreszenz mit ApoTome Axio Imager.M1 Axio Imager.Z1 Axio Imager.Z1m Axio Observer.A1 Axio Observer.D1 Axio Observer.Z1 Axio Observer.Z1 Cell Observer SteREO Discovery.V12 SteREO Discovery.V8 SteREO Lumar.V12 Axio Observer.D1m Axio Observer.Z1m SteREO [&hellip;]<\/p>\n","protected":false},"featured_media":0,"comment_status":"open","ping_status":"closed","template":"","meta":[],"product_brand":[],"product_cat":[15],"product_tag":[],"class_list":{"0":"post-559","1":"product","2":"type-product","3":"status-publish","5":"product_cat-unkategorisiert","7":"first","8":"instock","9":"taxable","10":"shipping-taxable","11":"purchasable","12":"product-type-simple"},"jetpack_sharing_enabled":true,"_links":{"self":[{"href":"https:\/\/test.pulchlorenz.de\/index.php?rest_route=\/wp\/v2\/product\/559","targetHints":{"allow":["GET"]}}],"collection":[{"href":"https:\/\/test.pulchlorenz.de\/index.php?rest_route=\/wp\/v2\/product"}],"about":[{"href":"https:\/\/test.pulchlorenz.de\/index.php?rest_route=\/wp\/v2\/types\/product"}],"replies":[{"embeddable":true,"href":"https:\/\/test.pulchlorenz.de\/index.php?rest_route=%2Fwp%2Fv2%2Fcomments&post=559"}],"wp:attachment":[{"href":"https:\/\/test.pulchlorenz.de\/index.php?rest_route=%2Fwp%2Fv2%2Fmedia&parent=559"}],"wp:term":[{"taxonomy":"product_brand","embeddable":true,"href":"https:\/\/test.pulchlorenz.de\/index.php?rest_route=%2Fwp%2Fv2%2Fproduct_brand&post=559"},{"taxonomy":"product_cat","embeddable":true,"href":"https:\/\/test.pulchlorenz.de\/index.php?rest_route=%2Fwp%2Fv2%2Fproduct_cat&post=559"},{"taxonomy":"product_tag","embeddable":true,"href":"https:\/\/test.pulchlorenz.de\/index.php?rest_route=%2Fwp%2Fv2%2Fproduct_tag&post=559"}],"curies":[{"name":"wp","href":"https:\/\/api.w.org\/{rel}","templated":true}]}}