{"id":561,"date":"2023-03-21T16:06:28","date_gmt":"2023-03-21T16:06:28","guid":{"rendered":"https:\/\/test.pulchlorenz.de\/?product=kamera-adapter-t2-c-1-10x-justierbar"},"modified":"2023-03-21T16:06:28","modified_gmt":"2023-03-21T16:06:28","slug":"kamera-adapter-t2-c-1-10x-justierbar","status":"publish","type":"product","link":"https:\/\/test.pulchlorenz.de\/?product=kamera-adapter-t2-c-1-10x-justierbar","title":{"rendered":"Kamera-Adapter T2-C 1 1,0x, justierbar"},"content":{"rendered":"<p>Dieser 1x-Kameradapter erm\u00f6glicht das feinjustieren von X-, Y- und Z-Achse sowie der Rotation der Kamera.  Die Feinjustierung der Rotation der Kamera spielt ist zum Beispiel besonders wichtig um f\u00fcr automatisiertes Zusammensetzen von Kachelbildern (Image Stitching) bei hohen Vergr\u00f6\u00dferungen die Kameraausrichtung auf die Ausrichtung des Kreuztisches abzustimmen.  Zum Anschlie\u00dfen der Kamera hat der Adapter ein C-Mount-Gewinde.  Kompatible Mikroskope:  \t Axio Examiner.A1 \t Axio Examiner.D1 \t Axio Examiner.Z1 \t Axio Imager Vario \t Axio Imager.A1 \t Axio Imager.A1m \t Axio Imager.A2 \t Axio Imager.A2m \t Axio Imager.D1 \t Axio Imager.D1 f\u00fcr Auflicht-Fluoreszenz mit ApoTome&#8220; \t Axio Imager.D1m \t Axio Imager.D2 \t Axio Imager.D2m \t Axio Imager.M1 \t Axio Imager.M1m \t Axio Imager.M2 \t Axio Imager.M2m \t Axio Imager.Z1 \t Axio Imager.Z1 + ApoTome \t Axio Imager.Z1m \t Axio Imager.Z2 \t Axio Imager.Z2m \t Axio Lab.A1 \t Axio Lab.A1 FL-LED \t Axio Lab.A1 MAT \t Axio Lab.A1 Pol \t Axio Observer.A1 \t Axio Observer.D1 \t Axio Observer.D1m \t Axio Observer.Z1 \t Axio Observer.Z1 Cell Observer \t Axio Observer.Z1m \t Axio Scope.A1 \t Axio Scope.A1 Pol \t Axio Scope.A1 Vario \t Axio Vert.A1 \t Axio Vert.A1 FL \t Axio Vert.A1 FL-LED \t Axio Vert.A1 MAT \t Axio Zoom.V16 \t Axioskop 2 FS MOT \t Axioskop 2 FS Plus \t Axioskop 40 \t Axioskop 40 A Pol \t Axioskop 40 FL \t Axioskop 40 Pol \t Axiostar plus \t Axiostar plus FL \t Axiotech vario \t Axiovert 200 \t Axiovert 200 M \t Axiovert 200 M MAT \t Axiovert 200 MAT \t SteREO Discovery.V12 \t SteREO Discovery.V8 \t SteREO Lumar.V12  &#8222;<\/p>\n","protected":false},"excerpt":{"rendered":"<p>Dieser 1x-Kameradapter erm\u00f6glicht das feinjustieren von X-, Y- und Z-Achse sowie der Rotation der Kamera. Die Feinjustierung der Rotation der Kamera spielt ist zum Beispiel besonders wichtig um f\u00fcr automatisiertes Zusammensetzen von Kachelbildern (Image Stitching) bei hohen Vergr\u00f6\u00dferungen die Kameraausrichtung auf die Ausrichtung des Kreuztisches abzustimmen. Zum Anschlie\u00dfen der Kamera hat der Adapter ein C-Mount-Gewinde. [&hellip;]<\/p>\n","protected":false},"featured_media":0,"comment_status":"open","ping_status":"closed","template":"","meta":[],"product_brand":[],"product_cat":[15],"product_tag":[],"class_list":{"0":"post-561","1":"product","2":"type-product","3":"status-publish","5":"product_cat-unkategorisiert","7":"first","8":"instock","9":"taxable","10":"shipping-taxable","11":"purchasable","12":"product-type-simple"},"jetpack_sharing_enabled":true,"_links":{"self":[{"href":"https:\/\/test.pulchlorenz.de\/index.php?rest_route=\/wp\/v2\/product\/561","targetHints":{"allow":["GET"]}}],"collection":[{"href":"https:\/\/test.pulchlorenz.de\/index.php?rest_route=\/wp\/v2\/product"}],"about":[{"href":"https:\/\/test.pulchlorenz.de\/index.php?rest_route=\/wp\/v2\/types\/product"}],"replies":[{"embeddable":true,"href":"https:\/\/test.pulchlorenz.de\/index.php?rest_route=%2Fwp%2Fv2%2Fcomments&post=561"}],"wp:attachment":[{"href":"https:\/\/test.pulchlorenz.de\/index.php?rest_route=%2Fwp%2Fv2%2Fmedia&parent=561"}],"wp:term":[{"taxonomy":"product_brand","embeddable":true,"href":"https:\/\/test.pulchlorenz.de\/index.php?rest_route=%2Fwp%2Fv2%2Fproduct_brand&post=561"},{"taxonomy":"product_cat","embeddable":true,"href":"https:\/\/test.pulchlorenz.de\/index.php?rest_route=%2Fwp%2Fv2%2Fproduct_cat&post=561"},{"taxonomy":"product_tag","embeddable":true,"href":"https:\/\/test.pulchlorenz.de\/index.php?rest_route=%2Fwp%2Fv2%2Fproduct_tag&post=561"}],"curies":[{"name":"wp","href":"https:\/\/api.w.org\/{rel}","templated":true}]}}