{"id":566,"date":"2023-03-21T16:06:29","date_gmt":"2023-03-21T16:06:29","guid":{"rendered":"https:\/\/test.pulchlorenz.de\/?product=kamera-adapter-60n-c-10x"},"modified":"2023-03-21T16:06:29","modified_gmt":"2023-03-21T16:06:29","slug":"kamera-adapter-60n-c-10x","status":"publish","type":"product","link":"https:\/\/test.pulchlorenz.de\/?product=kamera-adapter-60n-c-10x","title":{"rendered":"Kamera-Adapter 60N-C 1,0x"},"content":{"rendered":"<p>Geeignet f\u00fcr alle Kameras mit C-Mount-Gewinde.  Passend f\u00fcr PL Dokucams, insbesondere die Dokucam Dunkelfeld mit sehr gro\u00dfem Sensor. Erzeugt im Gegensatz zu einem 0,5x Adapter ein deutlich st\u00e4rker vergr\u00f6\u00dfertes Kamerabild mit kleinem Bildausschnitt.   Kompatible Mikroskope:  \t Axio Examiner.A1 \t Axio Examiner.D1 \t Axio Examiner.D1 Cell Observer SD \t Axio Examiner.Z1 \t Axio Examiner.Z1 Cell Observer SD \t Axio Imager Vario \t Axio Imager.A1 \t Axio Imager.A1m \t Axio Imager.A2 \t Axio Imager.A2m \t Axio Imager.D1 \t Axio Imager.D1 f\u00fcr Auflicht-Fluoreszenz mit ApoTome&#8220; \t Axio Imager.D1m \t Axio Imager.D2 \t Axio Imager.D2m \t Axio Imager.M1 \t Axio Imager.M1m \t Axio Imager.M2 \t Axio Imager.M2m \t Axio Imager.Z1 \t Axio Imager.Z1 + ApoTome \t Axio Imager.Z1m \t Axio Imager.Z2 \t Axio Imager.Z2m \t Axio Lab.A1 \t Axio Lab.A1 FL-LED \t Axio Lab.A1 MAT \t Axio Lab.A1 Pol \t Axio Observer.A1 \t Axio Observer.A1 Entry \t Axio Observer.D1 \t Axio Observer.D1 + ApoTome \t Axio Observer.D1 Entry \t Axio Observer.D1 Mid Range \t Axio Observer.D1 TIRF 3 \t Axio Observer.Z1 \t Axio Observer.Z1 Cell Observer \t Axio Observer.Z1 Cell Observer SD \t Axio Observer.Z1 High End \t Axio Observer.Z1 TIRF 3 \t Axio Observer.Z1m ACR \t Axio Scan.Z1 \t Axio Scope.A1 \t Axio Scope.A1 Pol \t Axio Scope.A1 Vario \t Axio Vert.A1 \t Axio Vert.A1 FL \t Axio Vert.A1 FL-LED \t Axio Vert.A1 MAT \t Axio Zoom.V16 \t Axioplan 2 Imaging \t Axiovert 200 \t Axiovert 200 f\u00fcr Auflicht-Fluoreszenz mit &#8222;ApoTome&#8220; \t Axiovert 200 M \t PALM CombiSystem Rel. 4.2 \t PALM MicroBeam \t PALM MicroBeam Rel.4.2 \t PALM MicroTweezers Rel.4.2 \t Stemi 508 doc \t Stemi 508 trino \t SteREO Discovery.V12 \t SteREO Discovery.V8 \t SteREO Lumar.V12  &#8222;<\/p>\n","protected":false},"excerpt":{"rendered":"<p>Geeignet f\u00fcr alle Kameras mit C-Mount-Gewinde. Passend f\u00fcr PL Dokucams, insbesondere die Dokucam Dunkelfeld mit sehr gro\u00dfem Sensor. Erzeugt im Gegensatz zu einem 0,5x Adapter ein deutlich st\u00e4rker vergr\u00f6\u00dfertes Kamerabild mit kleinem Bildausschnitt. Kompatible Mikroskope: Axio Examiner.A1 Axio Examiner.D1 Axio Examiner.D1 Cell Observer SD Axio Examiner.Z1 Axio Examiner.Z1 Cell Observer SD Axio Imager Vario Axio [&hellip;]<\/p>\n","protected":false},"featured_media":0,"comment_status":"open","ping_status":"closed","template":"","meta":[],"product_brand":[],"product_cat":[15],"product_tag":[],"class_list":{"0":"post-566","1":"product","2":"type-product","3":"status-publish","5":"product_cat-unkategorisiert","7":"first","8":"instock","9":"taxable","10":"shipping-taxable","11":"purchasable","12":"product-type-simple"},"jetpack_sharing_enabled":true,"_links":{"self":[{"href":"https:\/\/test.pulchlorenz.de\/index.php?rest_route=\/wp\/v2\/product\/566","targetHints":{"allow":["GET"]}}],"collection":[{"href":"https:\/\/test.pulchlorenz.de\/index.php?rest_route=\/wp\/v2\/product"}],"about":[{"href":"https:\/\/test.pulchlorenz.de\/index.php?rest_route=\/wp\/v2\/types\/product"}],"replies":[{"embeddable":true,"href":"https:\/\/test.pulchlorenz.de\/index.php?rest_route=%2Fwp%2Fv2%2Fcomments&post=566"}],"wp:attachment":[{"href":"https:\/\/test.pulchlorenz.de\/index.php?rest_route=%2Fwp%2Fv2%2Fmedia&parent=566"}],"wp:term":[{"taxonomy":"product_brand","embeddable":true,"href":"https:\/\/test.pulchlorenz.de\/index.php?rest_route=%2Fwp%2Fv2%2Fproduct_brand&post=566"},{"taxonomy":"product_cat","embeddable":true,"href":"https:\/\/test.pulchlorenz.de\/index.php?rest_route=%2Fwp%2Fv2%2Fproduct_cat&post=566"},{"taxonomy":"product_tag","embeddable":true,"href":"https:\/\/test.pulchlorenz.de\/index.php?rest_route=%2Fwp%2Fv2%2Fproduct_tag&post=566"}],"curies":[{"name":"wp","href":"https:\/\/api.w.org\/{rel}","templated":true}]}}