{"id":567,"date":"2023-03-21T16:06:29","date_gmt":"2023-03-21T16:06:29","guid":{"rendered":"https:\/\/test.pulchlorenz.de\/?product=kamera-adapter-t2-t2-16x-fuer-aps-c"},"modified":"2023-03-21T16:06:29","modified_gmt":"2023-03-21T16:06:29","slug":"kamera-adapter-t2-t2-16x-fuer-aps-c","status":"publish","type":"product","link":"https:\/\/test.pulchlorenz.de\/?product=kamera-adapter-t2-t2-16x-fuer-aps-c","title":{"rendered":"Kamera-Adapter T2-T2 1,6x f\u00fcr APS-C"},"content":{"rendered":"<p>Zur Anpassung der Vergr\u00f6\u00dferung\/Bildausschnittes bei der Adaption einer Systemkamera an einem Zeiss-Mikroskop mit T2-Anschluss. Der 1,6x-Adapter wird in der Regel f\u00fcr Kameras mit APS-C-Sensor verwendet.<\/p>\n","protected":false},"excerpt":{"rendered":"<p>Zur Anpassung der Vergr\u00f6\u00dferung\/Bildausschnittes bei der Adaption einer Systemkamera an einem Zeiss-Mikroskop mit T2-Anschluss. Der 1,6x-Adapter wird in der Regel f\u00fcr Kameras mit APS-C-Sensor verwendet.<\/p>\n","protected":false},"featured_media":0,"comment_status":"open","ping_status":"closed","template":"","meta":[],"product_brand":[],"product_cat":[15],"product_tag":[],"class_list":{"0":"post-567","1":"product","2":"type-product","3":"status-publish","5":"product_cat-unkategorisiert","7":"first","8":"instock","9":"taxable","10":"shipping-taxable","11":"purchasable","12":"product-type-simple"},"jetpack_sharing_enabled":true,"_links":{"self":[{"href":"https:\/\/test.pulchlorenz.de\/index.php?rest_route=\/wp\/v2\/product\/567","targetHints":{"allow":["GET"]}}],"collection":[{"href":"https:\/\/test.pulchlorenz.de\/index.php?rest_route=\/wp\/v2\/product"}],"about":[{"href":"https:\/\/test.pulchlorenz.de\/index.php?rest_route=\/wp\/v2\/types\/product"}],"replies":[{"embeddable":true,"href":"https:\/\/test.pulchlorenz.de\/index.php?rest_route=%2Fwp%2Fv2%2Fcomments&post=567"}],"wp:attachment":[{"href":"https:\/\/test.pulchlorenz.de\/index.php?rest_route=%2Fwp%2Fv2%2Fmedia&parent=567"}],"wp:term":[{"taxonomy":"product_brand","embeddable":true,"href":"https:\/\/test.pulchlorenz.de\/index.php?rest_route=%2Fwp%2Fv2%2Fproduct_brand&post=567"},{"taxonomy":"product_cat","embeddable":true,"href":"https:\/\/test.pulchlorenz.de\/index.php?rest_route=%2Fwp%2Fv2%2Fproduct_cat&post=567"},{"taxonomy":"product_tag","embeddable":true,"href":"https:\/\/test.pulchlorenz.de\/index.php?rest_route=%2Fwp%2Fv2%2Fproduct_tag&post=567"}],"curies":[{"name":"wp","href":"https:\/\/api.w.org\/{rel}","templated":true}]}}