{"id":568,"date":"2023-03-21T16:06:29","date_gmt":"2023-03-21T16:06:29","guid":{"rendered":"https:\/\/test.pulchlorenz.de\/?product=kamera-adapter-t2-t2-25x-fuer-vollformat"},"modified":"2023-03-21T16:06:29","modified_gmt":"2023-03-21T16:06:29","slug":"kamera-adapter-t2-t2-25x-fuer-vollformat","status":"publish","type":"product","link":"https:\/\/test.pulchlorenz.de\/?product=kamera-adapter-t2-t2-25x-fuer-vollformat","title":{"rendered":"Kamera-Adapter T2-T2 2,5x f\u00fcr Vollformat"},"content":{"rendered":"<p>Zur Anpassung der Vergr\u00f6\u00dferung\/Bildausschnittes bei der Adaption einer Systemkamera an einem Zeiss-Mikroskop mit T2-Anschluss. Der 2,5x-Adapter wird in der Regel f\u00fcr Kameras mit Vollformat-Sensor verwendet.   Kompatible Mikroskope:  \t Axio Examiner.A1 \t Axio Examiner.D1 \t Axio Examiner.Z1 \t Axio Imager Vario \t Axio Imager.A1 \t Axio Imager.A1m \t Axio Imager.A2 \t Axio Imager.A2m \t Axio Imager.D1 \t Axio Imager.D1 f\u00fcr Auflicht-Fluoreszenz mit ApoTome&#8220; \t Axio Imager.D1m \t Axio Imager.D2 \t Axio Imager.D2m \t Axio Imager.M1 \t Axio Imager.M1m \t Axio Imager.M2 \t Axio Imager.M2m \t Axio Imager.Z1 \t Axio Imager.Z1 + ApoTome \t Axio Imager.Z1m \t Axio Imager.Z2 \t Axio Imager.Z2m \t Axio Lab.A1 \t Axio Lab.A1 FL-LED \t Axio Lab.A1 MAT \t Axio Lab.A1 Pol \t Axio Observer.A1 \t Axio Observer.D1 \t Axio Observer.Z1 \t Axio Scope.A1 \t Axio Scope.A1 Pol \t Axio Scope.A1 Vario \t Axio Vert.A1 \t Axio Vert.A1 FL \t Axio Vert.A1 FL-LED \t Axio Vert.A1 MAT \t Axio Zoom.V16 \t Axioskop 2 FS MOT \t Axioskop 2 FS Plus \t Axioskop 40 \t Axioskop 40 A Pol \t Axioskop 40 FL \t Axioskop 40 Pol \t Axiostar \t Axiostar plus \t Axiostar plus FL \t Axiotech vario \t Axiovert 200 \t Axiovert 200 M \t Axiovert 200 M MAT \t Axiovert 200 MAT \t Stemi 2000 C \t Stemi 2000 CS \t SteREO Discovery.V12 \t SteREO Discovery.V8 \t SteREO Lumar.V12  &#8222;<\/p>\n","protected":false},"excerpt":{"rendered":"<p>Zur Anpassung der Vergr\u00f6\u00dferung\/Bildausschnittes bei der Adaption einer Systemkamera an einem Zeiss-Mikroskop mit T2-Anschluss. Der 2,5x-Adapter wird in der Regel f\u00fcr Kameras mit Vollformat-Sensor verwendet. Kompatible Mikroskope: Axio Examiner.A1 Axio Examiner.D1 Axio Examiner.Z1 Axio Imager Vario Axio Imager.A1 Axio Imager.A1m Axio Imager.A2 Axio Imager.A2m Axio Imager.D1 Axio Imager.D1 f\u00fcr Auflicht-Fluoreszenz mit ApoTome&#8220; Axio Imager.D1m Axio [&hellip;]<\/p>\n","protected":false},"featured_media":0,"comment_status":"open","ping_status":"closed","template":"","meta":[],"product_brand":[],"product_cat":[15],"product_tag":[],"class_list":{"0":"post-568","1":"product","2":"type-product","3":"status-publish","5":"product_cat-unkategorisiert","7":"first","8":"instock","9":"taxable","10":"shipping-taxable","11":"purchasable","12":"product-type-simple"},"jetpack_sharing_enabled":true,"_links":{"self":[{"href":"https:\/\/test.pulchlorenz.de\/index.php?rest_route=\/wp\/v2\/product\/568","targetHints":{"allow":["GET"]}}],"collection":[{"href":"https:\/\/test.pulchlorenz.de\/index.php?rest_route=\/wp\/v2\/product"}],"about":[{"href":"https:\/\/test.pulchlorenz.de\/index.php?rest_route=\/wp\/v2\/types\/product"}],"replies":[{"embeddable":true,"href":"https:\/\/test.pulchlorenz.de\/index.php?rest_route=%2Fwp%2Fv2%2Fcomments&post=568"}],"wp:attachment":[{"href":"https:\/\/test.pulchlorenz.de\/index.php?rest_route=%2Fwp%2Fv2%2Fmedia&parent=568"}],"wp:term":[{"taxonomy":"product_brand","embeddable":true,"href":"https:\/\/test.pulchlorenz.de\/index.php?rest_route=%2Fwp%2Fv2%2Fproduct_brand&post=568"},{"taxonomy":"product_cat","embeddable":true,"href":"https:\/\/test.pulchlorenz.de\/index.php?rest_route=%2Fwp%2Fv2%2Fproduct_cat&post=568"},{"taxonomy":"product_tag","embeddable":true,"href":"https:\/\/test.pulchlorenz.de\/index.php?rest_route=%2Fwp%2Fv2%2Fproduct_tag&post=568"}],"curies":[{"name":"wp","href":"https:\/\/api.w.org\/{rel}","templated":true}]}}