{"id":584,"date":"2023-03-21T16:06:32","date_gmt":"2023-03-21T16:06:32","guid":{"rendered":"https:\/\/test.pulchlorenz.de\/?product=axiovert-7-al-f-hf"},"modified":"2023-03-21T16:06:32","modified_gmt":"2023-03-21T16:06:32","slug":"axiovert-7-al-f-hf","status":"publish","type":"product","link":"https:\/\/test.pulchlorenz.de\/?product=axiovert-7-al-f-hf","title":{"rendered":"Axiovert 7 AL f\/HF"},"content":{"rendered":"<p>Inverses Mikroskop Axiovert 7 AL f\u00fcr Auflicht-Hellfeld mit Objektiven EC Epiplan HD und  Axiocam 305 color   Mikroskopstativ Axiovert 7 AL \t \t Objektivrevolver 6-fach HD DIC M27, kodiert mit Schieberaufnahme 6&#215;20 mm \t Reflektorrevolver 6-fach, kodiert f\u00fcr P &#038; C Module \t Aufnahme f\u00fcr Analysatorschieber 12&#215;35 mm \t Auflichtbeleuchtung HD mit Wei\u00dflicht LED 10W (durchschnittliche LED- Lebensdauer > 60000 h), Aufnahmen f\u00fcr Leuchtfeldblenden-, Aperturblenden-, Polarisator- und Filterschieber \t Schnittstelle f\u00fcr alternative Leuchte HAL 100 \t motorischer Fokustrieb (Aufl\u00f6sung 78 nm) \t Fokushub 13 mm mit einstellbarem Fokusstopp \t Ausl\u00f6ser f\u00fcr ZEISS Axiocam \t ECO Modus \t Lichtmanager f\u00fcr AL LED &#8211; Parfokalit\u00e4tsmanager \t USB 2.0, Typ-B Schnittstelle zu PC \t externes Netzteil Eingang: 100-240V AC, 50\/60Hz Ausgang: 24V DC, 5A \t l\u00e4nderspezifisches Netzkabel \t Staubschutz-Set \t  Ergozwischenst\u00fcck H=50 mm f\u00fcr Einblickh\u00f6henoptimierung  Filterschieber A 14&#215;40 mm, 3-fach f\u00fcr Filterdurchmesser 25 mm  Blendenschieber A 14&#215;40 mm mit Aperturblende f\u00fcr Axio Vert  Blendenschieber A 14&#215;40 mm mit Apertur-\/Leuchtfeldblende  Reflektormodul Hellfeld ACR P&#038;C f\u00fcr Auflicht  Beleuchtungsadapter A, achromatisch f\u00fcr Axio Vert  Konverter CAN &#8211; USB Rev.2 (D)  Scanningtisch 130&#215;85 mot P; CAN (D)  Einlegerahmen K; vertieft, f\u00fcr Auflicht d=72 mm  Tischlochblende, Metall; D=72 mm, d=10 mm  Tischlochblende, Metall; D=72 mm, d=23 mm  Binokularer Fototubus, links 45\u00b0\/23 (50:50)  Konversionsfilter 5700-3200 K, d=25 mm  Graufilter 0,06, d=25&#215;2  Graufilter 0,25, d=25&#215;2  Kamera-Adapter 60N-C 2\/3 0,63x<\/p>\n","protected":false},"excerpt":{"rendered":"<p>Inverses Mikroskop Axiovert 7 AL f\u00fcr Auflicht-Hellfeld mit Objektiven EC Epiplan HD und Axiocam 305 color Mikroskopstativ Axiovert 7 AL Objektivrevolver 6-fach HD DIC M27, kodiert mit Schieberaufnahme 6&#215;20 mm Reflektorrevolver 6-fach, kodiert f\u00fcr P &#038; C Module Aufnahme f\u00fcr Analysatorschieber 12&#215;35 mm Auflichtbeleuchtung HD mit Wei\u00dflicht LED 10W (durchschnittliche LED- Lebensdauer > 60000 h), [&hellip;]<\/p>\n","protected":false},"featured_media":0,"comment_status":"open","ping_status":"closed","template":"","meta":[],"product_brand":[],"product_cat":[15],"product_tag":[],"class_list":{"0":"post-584","1":"product","2":"type-product","3":"status-publish","5":"product_cat-unkategorisiert","7":"first","8":"instock","9":"taxable","10":"shipping-taxable","11":"product-type-simple"},"jetpack_sharing_enabled":true,"_links":{"self":[{"href":"https:\/\/test.pulchlorenz.de\/index.php?rest_route=\/wp\/v2\/product\/584","targetHints":{"allow":["GET"]}}],"collection":[{"href":"https:\/\/test.pulchlorenz.de\/index.php?rest_route=\/wp\/v2\/product"}],"about":[{"href":"https:\/\/test.pulchlorenz.de\/index.php?rest_route=\/wp\/v2\/types\/product"}],"replies":[{"embeddable":true,"href":"https:\/\/test.pulchlorenz.de\/index.php?rest_route=%2Fwp%2Fv2%2Fcomments&post=584"}],"wp:attachment":[{"href":"https:\/\/test.pulchlorenz.de\/index.php?rest_route=%2Fwp%2Fv2%2Fmedia&parent=584"}],"wp:term":[{"taxonomy":"product_brand","embeddable":true,"href":"https:\/\/test.pulchlorenz.de\/index.php?rest_route=%2Fwp%2Fv2%2Fproduct_brand&post=584"},{"taxonomy":"product_cat","embeddable":true,"href":"https:\/\/test.pulchlorenz.de\/index.php?rest_route=%2Fwp%2Fv2%2Fproduct_cat&post=584"},{"taxonomy":"product_tag","embeddable":true,"href":"https:\/\/test.pulchlorenz.de\/index.php?rest_route=%2Fwp%2Fv2%2Fproduct_tag&post=584"}],"curies":[{"name":"wp","href":"https:\/\/api.w.org\/{rel}","templated":true}]}}