{"id":66,"date":"2023-03-21T16:05:05","date_gmt":"2023-03-21T16:05:05","guid":{"rendered":"https:\/\/test.pulchlorenz.de\/?product=flexibler-schott-lichtleiter-jumbo-fuer-kl2500lcd"},"modified":"2023-03-21T16:05:05","modified_gmt":"2023-03-21T16:05:05","slug":"flexibler-schott-lichtleiter-jumbo-fuer-kl2500lcd","status":"publish","type":"product","link":"https:\/\/test.pulchlorenz.de\/?product=flexibler-schott-lichtleiter-jumbo-fuer-kl2500lcd","title":{"rendered":"Flexibler Schott Lichtleiter Jumbo f\u00fcr KL2500LCD"},"content":{"rendered":"<p>Flexible Lichtleiter mit einem Durchmesser von 15mm f\u00fcr maximale Lichtausbeute. Verschiedene Varianten.  Nur f\u00fcr Schott KL 2500 LCD<\/p>\n","protected":false},"excerpt":{"rendered":"<p>Flexible Lichtleiter mit einem Durchmesser von 15mm f\u00fcr maximale Lichtausbeute. Verschiedene Varianten. Nur f\u00fcr Schott KL 2500 LCD<\/p>\n","protected":false},"featured_media":0,"comment_status":"open","ping_status":"closed","template":"","meta":[],"product_brand":[],"product_cat":[15],"product_tag":[],"class_list":{"0":"post-66","1":"product","2":"type-product","3":"status-publish","5":"product_cat-unkategorisiert","7":"first","8":"instock","9":"taxable","10":"shipping-taxable","11":"purchasable","12":"product-type-simple"},"jetpack_sharing_enabled":true,"_links":{"self":[{"href":"https:\/\/test.pulchlorenz.de\/index.php?rest_route=\/wp\/v2\/product\/66","targetHints":{"allow":["GET"]}}],"collection":[{"href":"https:\/\/test.pulchlorenz.de\/index.php?rest_route=\/wp\/v2\/product"}],"about":[{"href":"https:\/\/test.pulchlorenz.de\/index.php?rest_route=\/wp\/v2\/types\/product"}],"replies":[{"embeddable":true,"href":"https:\/\/test.pulchlorenz.de\/index.php?rest_route=%2Fwp%2Fv2%2Fcomments&post=66"}],"wp:attachment":[{"href":"https:\/\/test.pulchlorenz.de\/index.php?rest_route=%2Fwp%2Fv2%2Fmedia&parent=66"}],"wp:term":[{"taxonomy":"product_brand","embeddable":true,"href":"https:\/\/test.pulchlorenz.de\/index.php?rest_route=%2Fwp%2Fv2%2Fproduct_brand&post=66"},{"taxonomy":"product_cat","embeddable":true,"href":"https:\/\/test.pulchlorenz.de\/index.php?rest_route=%2Fwp%2Fv2%2Fproduct_cat&post=66"},{"taxonomy":"product_tag","embeddable":true,"href":"https:\/\/test.pulchlorenz.de\/index.php?rest_route=%2Fwp%2Fv2%2Fproduct_tag&post=66"}],"curies":[{"name":"wp","href":"https:\/\/api.w.org\/{rel}","templated":true}]}}