{"id":660,"date":"2023-03-21T16:06:44","date_gmt":"2023-03-21T16:06:44","guid":{"rendered":"https:\/\/test.pulchlorenz.de\/?product=zeiss-immersionsoel-immersol-518-f-fluoreszenzfrei-oeler-20-ml"},"modified":"2023-03-21T16:06:44","modified_gmt":"2023-03-21T16:06:44","slug":"zeiss-immersionsoel-immersol-518-f-fluoreszenzfrei-oeler-20-ml","status":"publish","type":"product","link":"https:\/\/test.pulchlorenz.de\/?product=zeiss-immersionsoel-immersol-518-f-fluoreszenzfrei-oeler-20-ml","title":{"rendered":"Zeiss Immersions\u00f6l Immersol 518 F fluoreszenzfrei, \u00d6ler 20 ml"},"content":{"rendered":"<p>(ISO 8036-1, ne=1,518 (23\u00b0C), halogenfrei)   Anwendungsbereich:  Fluoreszensmikroskopie,optimierte Dispersion, entspricht ISO 8036 (DIN 58.884). Geeignet auch f\u00fcr offene Pr\u00e4parationen (ohne Deckgl\u00e4schen) mit Objektiv Achroplan 100 x \/ 1,25 oil o.D.   Chemische Basis : Ester\u00f6le,halogenfrei   Farbstabilit\u00e4t Best\u00e4ndig : Giemsas, Leishman, May-Gr\u00fcnwalds,Azur II, Brillantgr\u00fcn,\u00a0 Indigocarmin,\u00a0 Methylenblau, Orange G   Farbstabilit\u00e4t Bedingt best\u00e4ndi g: Alizarinrot S,Eosin B, Eosin G, Fuchsin, H\u00e4matoxylin   Farbstabilit\u00e4t Unbest\u00e4ndig: Kristallviolett, Malachitgr\u00fcn,Rhodamin B,Sudanfarbstoffe   Empfohlene Reinigungsmittel:  Petrolether 40\/60 (Wundbenzin), Cyclohexan, Methylcyclohexan, Ethanol(Spiritus),Isopropanol   Warnhinweis : Nicht mit anderen Immersions\u00f6len mischen, gebrauchtes \u00d6l nicht in die (Vorrats-) Flasche zur\u00fcckgie\u00dfen.   Entsorgungshinweise:  Als halogenfreie organische Fl\u00fcssigkeiten der Verwertung zuf\u00fchren<\/p>\n","protected":false},"excerpt":{"rendered":"<p>(ISO 8036-1, ne=1,518 (23\u00b0C), halogenfrei) Anwendungsbereich: Fluoreszensmikroskopie,optimierte Dispersion, entspricht ISO 8036 (DIN 58.884). Geeignet auch f\u00fcr offene Pr\u00e4parationen (ohne Deckgl\u00e4schen) mit Objektiv Achroplan 100 x \/ 1,25 oil o.D. Chemische Basis : Ester\u00f6le,halogenfrei Farbstabilit\u00e4t Best\u00e4ndig : Giemsas, Leishman, May-Gr\u00fcnwalds,Azur II, Brillantgr\u00fcn,\u00a0 Indigocarmin,\u00a0 Methylenblau, Orange G Farbstabilit\u00e4t Bedingt best\u00e4ndi g: Alizarinrot S,Eosin B, Eosin G, Fuchsin, [&hellip;]<\/p>\n","protected":false},"featured_media":0,"comment_status":"open","ping_status":"closed","template":"","meta":[],"product_brand":[],"product_cat":[15],"product_tag":[],"class_list":{"0":"post-660","1":"product","2":"type-product","3":"status-publish","5":"product_cat-unkategorisiert","7":"first","8":"instock","9":"taxable","10":"shipping-taxable","11":"purchasable","12":"product-type-simple"},"jetpack_sharing_enabled":true,"_links":{"self":[{"href":"https:\/\/test.pulchlorenz.de\/index.php?rest_route=\/wp\/v2\/product\/660","targetHints":{"allow":["GET"]}}],"collection":[{"href":"https:\/\/test.pulchlorenz.de\/index.php?rest_route=\/wp\/v2\/product"}],"about":[{"href":"https:\/\/test.pulchlorenz.de\/index.php?rest_route=\/wp\/v2\/types\/product"}],"replies":[{"embeddable":true,"href":"https:\/\/test.pulchlorenz.de\/index.php?rest_route=%2Fwp%2Fv2%2Fcomments&post=660"}],"wp:attachment":[{"href":"https:\/\/test.pulchlorenz.de\/index.php?rest_route=%2Fwp%2Fv2%2Fmedia&parent=660"}],"wp:term":[{"taxonomy":"product_brand","embeddable":true,"href":"https:\/\/test.pulchlorenz.de\/index.php?rest_route=%2Fwp%2Fv2%2Fproduct_brand&post=660"},{"taxonomy":"product_cat","embeddable":true,"href":"https:\/\/test.pulchlorenz.de\/index.php?rest_route=%2Fwp%2Fv2%2Fproduct_cat&post=660"},{"taxonomy":"product_tag","embeddable":true,"href":"https:\/\/test.pulchlorenz.de\/index.php?rest_route=%2Fwp%2Fv2%2Fproduct_tag&post=660"}],"curies":[{"name":"wp","href":"https:\/\/api.w.org\/{rel}","templated":true}]}}