{"id":670,"date":"2023-03-21T16:06:46","date_gmt":"2023-03-21T16:06:46","guid":{"rendered":"https:\/\/test.pulchlorenz.de\/?product=vorsatzoptik-5-apo-20x-fwd-35-mm"},"modified":"2023-03-21T16:06:46","modified_gmt":"2023-03-21T16:06:46","slug":"vorsatzoptik-5-apo-20x-fwd-35-mm","status":"publish","type":"product","link":"https:\/\/test.pulchlorenz.de\/?product=vorsatzoptik-5-apo-20x-fwd-35-mm","title":{"rendered":"Vorsatzoptik 5 Apo 2,0x FWD 35 mm"},"content":{"rendered":"<p>Vorsatzoptik 5 Apo 2,0x FWD 35 mm  \t Gewinde M49x0,75 f\u00fcr Analysator \t Adapter d=58 mm auf D=66 mm    \t \t\t \t\t\t Stemi 508 \t\t\t Okulare PL 10x 23 Br. foc. \t\t\t Okulare PL 16x 14 Br. foc. \t\t\t Okulare PL 25x 10 Br. foc. \t\t \t\t \t\t\t Frontoptik \t\t\t Arbeitsabstand \t\t\t(FWD) in mm \t\t\t Vergr\u00f6\u00dferung \t\t\t Objektfeld \t\t\tin mm \t\t\t Vergr\u00f6\u00dferung \t\t\t Objektfeld \t\t\tin mm \t\t\t Vergr\u00f6\u00dferung \t\t\t Objektfeld in mm \t\t \t\t \t\t\t 0,3x \t\t\t 287 \t\t\t 1,9x bis 15,0x \t\t\t 122,7 bis 15,3 \t\t\t 3,0x bis 24,0x \t\t\t 85,3 bis 10,7 \t\t\t 4,7x bis 37,5x \t\t\t 53,3 bis 6,7 \t\t \t\t \t\t\t 0,4x \t\t\t 211 \t\t\t 2,5x bis 20,0x \t\t\t 92,0 bis 11,5 \t\t\t 4,0x bis 32,0x \t\t\t 64,0 bis 8,0 \t\t\t 6,3x bis 50,0x \t\t\t 40,0 bis 5,0 \t\t \t\t \t\t\t 0,3-0,5x \t\t\t 230-90 \t\t\t 1,9x bis 25,0x \t\t\t 122,7 bis 9,2 \t\t\t 3,0x bis 40,0x \t\t\t 85,3 bis 6,4 \t\t\t 4,7x bis 62,5x \t\t\t 53,3 bis 4,0 \t\t \t\t \t\t\t 0,63x \t\t\t 127 \t\t\t 3,9x bis 31,5x \t\t\t 58,4 bis 7,3 \t\t\t 6,3x bis 50,0x \t\t\t 40,6 bis 5,1 \t\t\t 9,8x bis 78,8x \t\t\t 25,4 bis 3,2 \t\t \t\t \t\t\t ohne (1x) \t\t\t 92 \t\t\t 6,3x bis 50,0x \t\t\t 36,8 bis 4,6 \t\t\t 10,0x bis 80,0x \t\t\t 25,6 bis 3,2 \t\t\t 23,4x bis 187,5x \t\t\t 10,7 bis 1,3 \t\t \t\t \t\t\t 1,5x \t\t\t 53 \t\t\t 9,4x bis 75,0x \t\t\t 24,5 bis 3,1 \t\t\t 15,0x bis 120,0x \t\t\t 17,1 bis 2,1 \t\t\t 31,3x bis 250,0x \t\t\t 8,0 bis 1,0 \t\t \t\t \t\t\t  2,0x  \t\t\t  35  \t\t\t  12,5x bis 100,0x  \t\t\t  18,4 bis 2,3  \t\t\t  20,0x bis 160,0x  \t\t\t  12,8 bis 1,6  \t\t\t  31,3x bis 250,0x  \t\t\t  8,0 bis 1,0  \t\t \t     Kompatible Mikroskope:  \t Stemi 508 \t Stemi 2000 \t Stemi DV4<\/p>\n","protected":false},"excerpt":{"rendered":"<p>Vorsatzoptik 5 Apo 2,0x FWD 35 mm Gewinde M49x0,75 f\u00fcr Analysator Adapter d=58 mm auf D=66 mm Stemi 508 Okulare PL 10x 23 Br. foc. Okulare PL 16x 14 Br. foc. Okulare PL 25x 10 Br. foc. Frontoptik Arbeitsabstand (FWD) in mm Vergr\u00f6\u00dferung Objektfeld in mm Vergr\u00f6\u00dferung Objektfeld in mm Vergr\u00f6\u00dferung Objektfeld in mm 0,3x [&hellip;]<\/p>\n","protected":false},"featured_media":0,"comment_status":"open","ping_status":"closed","template":"","meta":[],"product_brand":[],"product_cat":[15],"product_tag":[],"class_list":{"0":"post-670","1":"product","2":"type-product","3":"status-publish","5":"product_cat-unkategorisiert","7":"first","8":"instock","9":"taxable","10":"shipping-taxable","11":"purchasable","12":"product-type-simple"},"jetpack_sharing_enabled":true,"_links":{"self":[{"href":"https:\/\/test.pulchlorenz.de\/index.php?rest_route=\/wp\/v2\/product\/670","targetHints":{"allow":["GET"]}}],"collection":[{"href":"https:\/\/test.pulchlorenz.de\/index.php?rest_route=\/wp\/v2\/product"}],"about":[{"href":"https:\/\/test.pulchlorenz.de\/index.php?rest_route=\/wp\/v2\/types\/product"}],"replies":[{"embeddable":true,"href":"https:\/\/test.pulchlorenz.de\/index.php?rest_route=%2Fwp%2Fv2%2Fcomments&post=670"}],"wp:attachment":[{"href":"https:\/\/test.pulchlorenz.de\/index.php?rest_route=%2Fwp%2Fv2%2Fmedia&parent=670"}],"wp:term":[{"taxonomy":"product_brand","embeddable":true,"href":"https:\/\/test.pulchlorenz.de\/index.php?rest_route=%2Fwp%2Fv2%2Fproduct_brand&post=670"},{"taxonomy":"product_cat","embeddable":true,"href":"https:\/\/test.pulchlorenz.de\/index.php?rest_route=%2Fwp%2Fv2%2Fproduct_cat&post=670"},{"taxonomy":"product_tag","embeddable":true,"href":"https:\/\/test.pulchlorenz.de\/index.php?rest_route=%2Fwp%2Fv2%2Fproduct_tag&post=670"}],"curies":[{"name":"wp","href":"https:\/\/api.w.org\/{rel}","templated":true}]}}