{"id":677,"date":"2023-03-21T16:06:47","date_gmt":"2023-03-21T16:06:47","guid":{"rendered":"https:\/\/test.pulchlorenz.de\/?product=kondensor-04-a53mm"},"modified":"2023-03-21T16:06:47","modified_gmt":"2023-03-21T16:06:47","slug":"kondensor-04-a53mm","status":"publish","type":"product","link":"https:\/\/test.pulchlorenz.de\/?product=kondensor-04-a53mm","title":{"rendered":"Kondensor 0,4 (a=53mm)"},"content":{"rendered":"<p>Kondensor 0,4 (a=53mm) f\u00fcr Objektivvergr\u00f6\u00dferungen  5x-40x (VAREL-Kontrast 10x&#8230;32x)  Kompatible Mikroskope:  \t Axio Observer.A1 \t Axiovert 200 \t Axiovert 200 M \t Axiovert 25 \t Axiovert 25 C \t Axiovert 25 CFL \t Axiovert 40 C \t Axiovert 40 CFL<\/p>\n","protected":false},"excerpt":{"rendered":"<p>Kondensor 0,4 (a=53mm) f\u00fcr Objektivvergr\u00f6\u00dferungen 5x-40x (VAREL-Kontrast 10x&#8230;32x) Kompatible Mikroskope: Axio Observer.A1 Axiovert 200 Axiovert 200 M Axiovert 25 Axiovert 25 C Axiovert 25 CFL Axiovert 40 C Axiovert 40 CFL<\/p>\n","protected":false},"featured_media":0,"comment_status":"open","ping_status":"closed","template":"","meta":[],"product_brand":[],"product_cat":[15],"product_tag":[],"class_list":{"0":"post-677","1":"product","2":"type-product","3":"status-publish","5":"product_cat-unkategorisiert","7":"first","8":"instock","9":"taxable","10":"shipping-taxable","11":"purchasable","12":"product-type-simple"},"jetpack_sharing_enabled":true,"_links":{"self":[{"href":"https:\/\/test.pulchlorenz.de\/index.php?rest_route=\/wp\/v2\/product\/677","targetHints":{"allow":["GET"]}}],"collection":[{"href":"https:\/\/test.pulchlorenz.de\/index.php?rest_route=\/wp\/v2\/product"}],"about":[{"href":"https:\/\/test.pulchlorenz.de\/index.php?rest_route=\/wp\/v2\/types\/product"}],"replies":[{"embeddable":true,"href":"https:\/\/test.pulchlorenz.de\/index.php?rest_route=%2Fwp%2Fv2%2Fcomments&post=677"}],"wp:attachment":[{"href":"https:\/\/test.pulchlorenz.de\/index.php?rest_route=%2Fwp%2Fv2%2Fmedia&parent=677"}],"wp:term":[{"taxonomy":"product_brand","embeddable":true,"href":"https:\/\/test.pulchlorenz.de\/index.php?rest_route=%2Fwp%2Fv2%2Fproduct_brand&post=677"},{"taxonomy":"product_cat","embeddable":true,"href":"https:\/\/test.pulchlorenz.de\/index.php?rest_route=%2Fwp%2Fv2%2Fproduct_cat&post=677"},{"taxonomy":"product_tag","embeddable":true,"href":"https:\/\/test.pulchlorenz.de\/index.php?rest_route=%2Fwp%2Fv2%2Fproduct_tag&post=677"}],"curies":[{"name":"wp","href":"https:\/\/api.w.org\/{rel}","templated":true}]}}