{"id":703,"date":"2023-03-21T16:06:51","date_gmt":"2023-03-21T16:06:51","guid":{"rendered":"https:\/\/test.pulchlorenz.de\/?product=staubschutzglas-fuer-stemi-2000-dv4-dr-508-mikroskopkoerper"},"modified":"2023-03-21T16:06:51","modified_gmt":"2023-03-21T16:06:51","slug":"staubschutzglas-fuer-stemi-2000-dv4-dr-508-mikroskopkoerper","status":"publish","type":"product","link":"https:\/\/test.pulchlorenz.de\/?product=staubschutzglas-fuer-stemi-2000-dv4-dr-508-mikroskopkoerper","title":{"rendered":"Staubschutzglas f\u00fcr Stemi 2000\/DV4\/DR\/508 Mikroskopk\u00f6rper"},"content":{"rendered":"<p>Staubschutzglas zu Stemi&#8220; DV4, DR 1040, DR 1663, 1000 , 2000 und Stemi 508 (ohne Vorsatzsystem!)  Abdeckung zum Schutz der Optik wenn kein Objektiv \/ Vorsatzsystem verwendet wird  M50 Au\u00dfengewinde mit M49x0,75 innengewinde f\u00fcr standard Fotofilter  Mit diesem Staubschutzglas betr\u00e4gt der Standard-Arbeitsabstand 87 mm statt 92 mm   Kompatible Mikroskope:  \t Stemi 2000 \t Stemi 2000 C \t Stemi 2000 CS \t Stemi DR 1040 \t Stemi DR 1063 \t Stemi DR 1663 \t Stemi DV4 \t Stemi 508\u00a0(ohne Vorsatzsystem!)  &#8222;<\/p>\n","protected":false},"excerpt":{"rendered":"<p>Staubschutzglas zu Stemi&#8220; DV4, DR 1040, DR 1663, 1000 , 2000 und Stemi 508 (ohne Vorsatzsystem!) Abdeckung zum Schutz der Optik wenn kein Objektiv \/ Vorsatzsystem verwendet wird M50 Au\u00dfengewinde mit M49x0,75 innengewinde f\u00fcr standard Fotofilter Mit diesem Staubschutzglas betr\u00e4gt der Standard-Arbeitsabstand 87 mm statt 92 mm Kompatible Mikroskope: Stemi 2000 Stemi 2000 C Stemi [&hellip;]<\/p>\n","protected":false},"featured_media":0,"comment_status":"open","ping_status":"closed","template":"","meta":[],"product_brand":[],"product_cat":[15],"product_tag":[],"class_list":{"0":"post-703","1":"product","2":"type-product","3":"status-publish","5":"product_cat-unkategorisiert","7":"first","8":"instock","9":"taxable","10":"shipping-taxable","11":"purchasable","12":"product-type-simple"},"jetpack_sharing_enabled":true,"_links":{"self":[{"href":"https:\/\/test.pulchlorenz.de\/index.php?rest_route=\/wp\/v2\/product\/703","targetHints":{"allow":["GET"]}}],"collection":[{"href":"https:\/\/test.pulchlorenz.de\/index.php?rest_route=\/wp\/v2\/product"}],"about":[{"href":"https:\/\/test.pulchlorenz.de\/index.php?rest_route=\/wp\/v2\/types\/product"}],"replies":[{"embeddable":true,"href":"https:\/\/test.pulchlorenz.de\/index.php?rest_route=%2Fwp%2Fv2%2Fcomments&post=703"}],"wp:attachment":[{"href":"https:\/\/test.pulchlorenz.de\/index.php?rest_route=%2Fwp%2Fv2%2Fmedia&parent=703"}],"wp:term":[{"taxonomy":"product_brand","embeddable":true,"href":"https:\/\/test.pulchlorenz.de\/index.php?rest_route=%2Fwp%2Fv2%2Fproduct_brand&post=703"},{"taxonomy":"product_cat","embeddable":true,"href":"https:\/\/test.pulchlorenz.de\/index.php?rest_route=%2Fwp%2Fv2%2Fproduct_cat&post=703"},{"taxonomy":"product_tag","embeddable":true,"href":"https:\/\/test.pulchlorenz.de\/index.php?rest_route=%2Fwp%2Fv2%2Fproduct_tag&post=703"}],"curies":[{"name":"wp","href":"https:\/\/api.w.org\/{rel}","templated":true}]}}