{"id":713,"date":"2023-03-21T16:06:52","date_gmt":"2023-03-21T16:06:52","guid":{"rendered":"https:\/\/test.pulchlorenz.de\/?product=zwischenstueck-fuer-probenraumerweiterung-um-60-mm-2"},"modified":"2023-03-21T16:06:52","modified_gmt":"2023-03-21T16:06:52","slug":"zwischenstueck-fuer-probenraumerweiterung-um-60-mm-2","status":"publish","type":"product","link":"https:\/\/test.pulchlorenz.de\/?product=zwischenstueck-fuer-probenraumerweiterung-um-60-mm-2","title":{"rendered":"Zwischenst\u00fcck f\u00fcr Probenraumerweiterung um 60 mm"},"content":{"rendered":"<p>Einsatz zwischen Axio Scope Unterteil und Oberteil. Erweiterung der max. Probenh\u00f6he auf insgesamt 110 mm  Das flexible Materialmikroskop Axio Scope bietet Platz auch f\u00fcr  au\u00dfergew\u00f6hnlcihe Proben. F\u00fcr Proben, die nicht der Norm entsprechen. Die  Gr\u00f6\u00dfe des Probenraums l\u00e4sst sich je nach Konfiguration nahezu belibig  skalieren. Und erleichtert Ihnen die\u00a0Handhabung.   kompatibel zu:   Axioscope 5\/7<\/p>\n","protected":false},"excerpt":{"rendered":"<p>Einsatz zwischen Axio Scope Unterteil und Oberteil. Erweiterung der max. Probenh\u00f6he auf insgesamt 110 mm Das flexible Materialmikroskop Axio Scope bietet Platz auch f\u00fcr au\u00dfergew\u00f6hnlcihe Proben. F\u00fcr Proben, die nicht der Norm entsprechen. Die Gr\u00f6\u00dfe des Probenraums l\u00e4sst sich je nach Konfiguration nahezu belibig skalieren. Und erleichtert Ihnen die\u00a0Handhabung. kompatibel zu: Axioscope 5\/7<\/p>\n","protected":false},"featured_media":0,"comment_status":"open","ping_status":"closed","template":"","meta":[],"product_brand":[],"product_cat":[15],"product_tag":[],"class_list":{"0":"post-713","1":"product","2":"type-product","3":"status-publish","5":"product_cat-unkategorisiert","7":"first","8":"instock","9":"taxable","10":"shipping-taxable","11":"purchasable","12":"product-type-simple"},"jetpack_sharing_enabled":true,"_links":{"self":[{"href":"https:\/\/test.pulchlorenz.de\/index.php?rest_route=\/wp\/v2\/product\/713","targetHints":{"allow":["GET"]}}],"collection":[{"href":"https:\/\/test.pulchlorenz.de\/index.php?rest_route=\/wp\/v2\/product"}],"about":[{"href":"https:\/\/test.pulchlorenz.de\/index.php?rest_route=\/wp\/v2\/types\/product"}],"replies":[{"embeddable":true,"href":"https:\/\/test.pulchlorenz.de\/index.php?rest_route=%2Fwp%2Fv2%2Fcomments&post=713"}],"wp:attachment":[{"href":"https:\/\/test.pulchlorenz.de\/index.php?rest_route=%2Fwp%2Fv2%2Fmedia&parent=713"}],"wp:term":[{"taxonomy":"product_brand","embeddable":true,"href":"https:\/\/test.pulchlorenz.de\/index.php?rest_route=%2Fwp%2Fv2%2Fproduct_brand&post=713"},{"taxonomy":"product_cat","embeddable":true,"href":"https:\/\/test.pulchlorenz.de\/index.php?rest_route=%2Fwp%2Fv2%2Fproduct_cat&post=713"},{"taxonomy":"product_tag","embeddable":true,"href":"https:\/\/test.pulchlorenz.de\/index.php?rest_route=%2Fwp%2Fv2%2Fproduct_tag&post=713"}],"curies":[{"name":"wp","href":"https:\/\/api.w.org\/{rel}","templated":true}]}}