{"id":714,"date":"2023-03-21T16:06:52","date_gmt":"2023-03-21T16:06:52","guid":{"rendered":"https:\/\/test.pulchlorenz.de\/?product=dokucam-dunkelfeld-23mp-1-1-2quot-usb3-inkl-software"},"modified":"2023-03-21T16:06:52","modified_gmt":"2023-03-21T16:06:52","slug":"dokucam-dunkelfeld-23mp-1-1-2quot-usb3-inkl-software","status":"publish","type":"product","link":"https:\/\/test.pulchlorenz.de\/?product=dokucam-dunkelfeld-23mp-1-1-2quot-usb3-inkl-software","title":{"rendered":"Dokucam Dunkelfeld 2,3MP 1\/1.2&amp;quot; USB3 inkl. Software"},"content":{"rendered":"<p>Ob zur Dokumentation, f\u00fcr Schulungen, oder einfach als Arbeitserleichterung, mit Digitalkamera haben Sie ein gestochen scharfes Livebild jederzeit am Bildschirm und k\u00f6nnen alle Kameraparameter bequem per Software steuern. \u00a0Durch eine Bildwiederholrate von \u00fcber 50 Bildern pro Sekunde bei Full HD Aufl\u00f6sung \u00fcberzeugt diese Kamera besonders f\u00fcr eine m\u00f6glichst hochwertige Livebilddarstellung; besonders bei Anwendungen, bei denen die Lichtreserven begrenzt sind &#8211; beispielsweise Dunkelfeld oder umso mehr noch bei Ultradunkelfeld-Anwendungen.  Ohne weiteren Adapter optimal passend zu allen modularen Zeiss-Mikroskopen mit 1,0x-Adaption mit C-Mount-Anschlu\u00df.   \t Maximale Aufl\u00f6sung 1920&#215;1200 mit eine Bildwiederholrate von 40 Bilder\/s bei voller Nutzung des 1\/1,2 Sensors (12Bit) \t 1\/1,2&#8243; CMOS Sensor, global shutter, 13,4mm Diagonale (11,3 x 7,1 mm) \t Pixelgr\u00f6\u00dfe: 5,8 x 5,8 \u00b5m \t Dynamikbereich \/ Digitalisierung: 12 Bit \t Verst\u00e4rkung: bis zu 48dB \t Belichtungszeit: 20\u00b5s bis 4s \t C\/CS-Mount (ohne Objektiv) \t Gewicht: 65g \t Abmessungen: 29\u00a0x 29\u00a0x 43\u00a0mm \t inkl. Windows-Auswertungssoftware\t \t\t  PL Capture \u00a0(u.a. Livebild,\u00a0Bilder speichern, Videos aufzeichnen) \t\t  PL Measure  (Messfunktionen) \t\t  PL Fullscreen Presenter  (Vollbilddarstellung f\u00fcr Pr\u00e4sentationen und Schulungen) \t \t \t DirectShow-kompatible-Treiber, so l\u00e4sst sich die Kamera in verschiedenen\u00a0anderen Anwendungen benutzen<\/p>\n","protected":false},"excerpt":{"rendered":"<p>Ob zur Dokumentation, f\u00fcr Schulungen, oder einfach als Arbeitserleichterung, mit Digitalkamera haben Sie ein gestochen scharfes Livebild jederzeit am Bildschirm und k\u00f6nnen alle Kameraparameter bequem per Software steuern. \u00a0Durch eine Bildwiederholrate von \u00fcber 50 Bildern pro Sekunde bei Full HD Aufl\u00f6sung \u00fcberzeugt diese Kamera besonders f\u00fcr eine m\u00f6glichst hochwertige Livebilddarstellung; besonders bei Anwendungen, bei denen [&hellip;]<\/p>\n","protected":false},"featured_media":0,"comment_status":"open","ping_status":"closed","template":"","meta":[],"product_brand":[],"product_cat":[15],"product_tag":[],"class_list":{"0":"post-714","1":"product","2":"type-product","3":"status-publish","5":"product_cat-unkategorisiert","7":"first","8":"instock","9":"taxable","10":"shipping-taxable","11":"purchasable","12":"product-type-simple"},"jetpack_sharing_enabled":true,"_links":{"self":[{"href":"https:\/\/test.pulchlorenz.de\/index.php?rest_route=\/wp\/v2\/product\/714","targetHints":{"allow":["GET"]}}],"collection":[{"href":"https:\/\/test.pulchlorenz.de\/index.php?rest_route=\/wp\/v2\/product"}],"about":[{"href":"https:\/\/test.pulchlorenz.de\/index.php?rest_route=\/wp\/v2\/types\/product"}],"replies":[{"embeddable":true,"href":"https:\/\/test.pulchlorenz.de\/index.php?rest_route=%2Fwp%2Fv2%2Fcomments&post=714"}],"wp:attachment":[{"href":"https:\/\/test.pulchlorenz.de\/index.php?rest_route=%2Fwp%2Fv2%2Fmedia&parent=714"}],"wp:term":[{"taxonomy":"product_brand","embeddable":true,"href":"https:\/\/test.pulchlorenz.de\/index.php?rest_route=%2Fwp%2Fv2%2Fproduct_brand&post=714"},{"taxonomy":"product_cat","embeddable":true,"href":"https:\/\/test.pulchlorenz.de\/index.php?rest_route=%2Fwp%2Fv2%2Fproduct_cat&post=714"},{"taxonomy":"product_tag","embeddable":true,"href":"https:\/\/test.pulchlorenz.de\/index.php?rest_route=%2Fwp%2Fv2%2Fproduct_tag&post=714"}],"curies":[{"name":"wp","href":"https:\/\/api.w.org\/{rel}","templated":true}]}}