{"id":717,"date":"2023-03-21T16:06:53","date_gmt":"2023-03-21T16:06:53","guid":{"rendered":"https:\/\/test.pulchlorenz.de\/?product=staubschutzhuelle-klein-l520xb240xh470"},"modified":"2023-03-21T16:06:53","modified_gmt":"2023-03-21T16:06:53","slug":"staubschutzhuelle-klein-l520xb240xh470","status":"publish","type":"product","link":"https:\/\/test.pulchlorenz.de\/?product=staubschutzhuelle-klein-l520xb240xh470","title":{"rendered":"Staubschutzh\u00fclle klein (L520xB240xH470)"},"content":{"rendered":"<p>L\u00e4nge 520 mm, Breite 240 mm, H\u00f6he 470 mm   Kompatible Mikroskope:  \t Axiovert 25 \t Axiovert 25 C \t Axiovert 25 CA \t Axiovert 25 CFL \t Axiovert 40 C \t Axiovert 40 CFL \t Axiovert 40 MAT \t Axiovert 40 MAT (W0,8) \t Stemi 2000 \t Stemi 508 \t Stemi 508 Demo<\/p>\n","protected":false},"excerpt":{"rendered":"<p>L\u00e4nge 520 mm, Breite 240 mm, H\u00f6he 470 mm Kompatible Mikroskope: Axiovert 25 Axiovert 25 C Axiovert 25 CA Axiovert 25 CFL Axiovert 40 C Axiovert 40 CFL Axiovert 40 MAT Axiovert 40 MAT (W0,8) Stemi 2000 Stemi 508 Stemi 508 Demo<\/p>\n","protected":false},"featured_media":0,"comment_status":"open","ping_status":"closed","template":"","meta":[],"product_brand":[],"product_cat":[15],"product_tag":[],"class_list":{"0":"post-717","1":"product","2":"type-product","3":"status-publish","5":"product_cat-unkategorisiert","7":"first","8":"instock","9":"taxable","10":"shipping-taxable","11":"purchasable","12":"product-type-simple"},"jetpack_sharing_enabled":true,"_links":{"self":[{"href":"https:\/\/test.pulchlorenz.de\/index.php?rest_route=\/wp\/v2\/product\/717","targetHints":{"allow":["GET"]}}],"collection":[{"href":"https:\/\/test.pulchlorenz.de\/index.php?rest_route=\/wp\/v2\/product"}],"about":[{"href":"https:\/\/test.pulchlorenz.de\/index.php?rest_route=\/wp\/v2\/types\/product"}],"replies":[{"embeddable":true,"href":"https:\/\/test.pulchlorenz.de\/index.php?rest_route=%2Fwp%2Fv2%2Fcomments&post=717"}],"wp:attachment":[{"href":"https:\/\/test.pulchlorenz.de\/index.php?rest_route=%2Fwp%2Fv2%2Fmedia&parent=717"}],"wp:term":[{"taxonomy":"product_brand","embeddable":true,"href":"https:\/\/test.pulchlorenz.de\/index.php?rest_route=%2Fwp%2Fv2%2Fproduct_brand&post=717"},{"taxonomy":"product_cat","embeddable":true,"href":"https:\/\/test.pulchlorenz.de\/index.php?rest_route=%2Fwp%2Fv2%2Fproduct_cat&post=717"},{"taxonomy":"product_tag","embeddable":true,"href":"https:\/\/test.pulchlorenz.de\/index.php?rest_route=%2Fwp%2Fv2%2Fproduct_tag&post=717"}],"curies":[{"name":"wp","href":"https:\/\/api.w.org\/{rel}","templated":true}]}}