{"id":719,"date":"2023-03-21T16:06:53","date_gmt":"2023-03-21T16:06:53","guid":{"rendered":"https:\/\/test.pulchlorenz.de\/?product=kopflupe-eyemag-pro-f"},"modified":"2023-03-21T16:06:53","modified_gmt":"2023-03-21T16:06:53","slug":"kopflupe-eyemag-pro-f","status":"publish","type":"product","link":"https:\/\/test.pulchlorenz.de\/?product=kopflupe-eyemag-pro-f","title":{"rendered":"Kopflupe EyeMag Pro F"},"content":{"rendered":"<p>Kopflupe EyeMag PRo F bestehend aus:  \t optisches System (Kepler) \t Systemtr\u00e4ger KF Titan \t Gebrauchsanweisung mit Kurzbedienungsanleitung \t Softcase, Objektivschutz, Ber\u00fchrungsschutz und Sideshields    \t \t\t \t\t\t Arbeitsabstand (mm \/ zoll) \t\t\t 300\/12 \t\t\t 300\/12 \t\t\t 350\/14 \t\t\t 350\/14 \t\t\t 400\/16 \t\t\t 400\/16 \t\t\t 450\/18 \t\t\t 450\/18 \t\t\t 500\/20 \t\t\t 500\/20 \t\t \t\t \t\t\t Vergr\u00f6\u00dferung \t\t\t 4x \t\t\t 5x \t\t\t 3,6x \t\t\t 4,5x \t\t\t 3,5x \t\t\t 4,3x \t\t\t 3,3x \t\t\t 4x \t\t\t 3,2x \t\t\t 4x \t\t \t\t \t\t\t Sehfeld \t\t\t 56 \t\t\t 44 \t\t\t 71 \t\t\t 56 \t\t\t 86 \t\t\t 68 \t\t\t 100 \t\t\t 81 \t\t\t 115 \t\t\t 93 \t\t \t    Diese Tabelle finden Sie auch in der PDF-Brosch\u00fcre im Download-Tab mit einer Darstellung der verschiedenen Sehfeldgr\u00f6\u00dfen im Ma\u00dfstab 1:1<\/p>\n","protected":false},"excerpt":{"rendered":"<p>Kopflupe EyeMag PRo F bestehend aus: optisches System (Kepler) Systemtr\u00e4ger KF Titan Gebrauchsanweisung mit Kurzbedienungsanleitung Softcase, Objektivschutz, Ber\u00fchrungsschutz und Sideshields Arbeitsabstand (mm \/ zoll) 300\/12 300\/12 350\/14 350\/14 400\/16 400\/16 450\/18 450\/18 500\/20 500\/20 Vergr\u00f6\u00dferung 4x 5x 3,6x 4,5x 3,5x 4,3x 3,3x 4x 3,2x 4x Sehfeld 56 44 71 56 86 68 100 81 115 [&hellip;]<\/p>\n","protected":false},"featured_media":0,"comment_status":"open","ping_status":"closed","template":"","meta":[],"product_brand":[],"product_cat":[15],"product_tag":[],"class_list":{"0":"post-719","1":"product","2":"type-product","3":"status-publish","5":"product_cat-unkategorisiert","7":"first","8":"instock","9":"taxable","10":"shipping-taxable","11":"purchasable","12":"product-type-simple"},"jetpack_sharing_enabled":true,"_links":{"self":[{"href":"https:\/\/test.pulchlorenz.de\/index.php?rest_route=\/wp\/v2\/product\/719","targetHints":{"allow":["GET"]}}],"collection":[{"href":"https:\/\/test.pulchlorenz.de\/index.php?rest_route=\/wp\/v2\/product"}],"about":[{"href":"https:\/\/test.pulchlorenz.de\/index.php?rest_route=\/wp\/v2\/types\/product"}],"replies":[{"embeddable":true,"href":"https:\/\/test.pulchlorenz.de\/index.php?rest_route=%2Fwp%2Fv2%2Fcomments&post=719"}],"wp:attachment":[{"href":"https:\/\/test.pulchlorenz.de\/index.php?rest_route=%2Fwp%2Fv2%2Fmedia&parent=719"}],"wp:term":[{"taxonomy":"product_brand","embeddable":true,"href":"https:\/\/test.pulchlorenz.de\/index.php?rest_route=%2Fwp%2Fv2%2Fproduct_brand&post=719"},{"taxonomy":"product_cat","embeddable":true,"href":"https:\/\/test.pulchlorenz.de\/index.php?rest_route=%2Fwp%2Fv2%2Fproduct_cat&post=719"},{"taxonomy":"product_tag","embeddable":true,"href":"https:\/\/test.pulchlorenz.de\/index.php?rest_route=%2Fwp%2Fv2%2Fproduct_tag&post=719"}],"curies":[{"name":"wp","href":"https:\/\/api.w.org\/{rel}","templated":true}]}}