{"id":758,"date":"2023-03-21T16:07:01","date_gmt":"2023-03-21T16:07:01","guid":{"rendered":"https:\/\/test.pulchlorenz.de\/?product=inverses-mikroskop-axiovert-5-dl-f-hf-ph1"},"modified":"2023-03-21T16:07:01","modified_gmt":"2023-03-21T16:07:01","slug":"inverses-mikroskop-axiovert-5-dl-f-hf-ph1","status":"publish","type":"product","link":"https:\/\/test.pulchlorenz.de\/?product=inverses-mikroskop-axiovert-5-dl-f-hf-ph1","title":{"rendered":"Inverses Mikroskop Axiovert 5 DL f\/HF Ph1"},"content":{"rendered":"<p>f\u00fcr Durchlicht-Hellfeld und Phasenkontrast Ph1   Mikroskopstativ Axiovert 5 DL  Ergozwischenst\u00fcck H=50 mm f\u00fcr Einblickh\u00f6henoptimierung  Objekttisch 232&#215;230 mm mit Harteloxal-Beschichtung  Binokularer Tubus 45\u00b0\/23  Konversionsfilter 5700-3200 K, d=32 mm  Gr\u00fcnfilter, d=32&#215;2 mm  Neutralfilter 0,06; d=32&#215;2  Okular PL 10x\/23 Br. foc.  Augenmuschel  Objektiv LD A-Plan 5x\/0,15 Ph1 M27  Objektiv LD A-Plan 10x\/0,25 Ph1 M27  Objektiv LD A-Plan 20x\/0,35 Ph1 M27  LD-Kondensor 0,3 f\u00fcr Schieber  Schieber 10&#215;46 mm mit fester Ringblende Ph 1\/0,3<\/p>\n","protected":false},"excerpt":{"rendered":"<p>f\u00fcr Durchlicht-Hellfeld und Phasenkontrast Ph1 Mikroskopstativ Axiovert 5 DL Ergozwischenst\u00fcck H=50 mm f\u00fcr Einblickh\u00f6henoptimierung Objekttisch 232&#215;230 mm mit Harteloxal-Beschichtung Binokularer Tubus 45\u00b0\/23 Konversionsfilter 5700-3200 K, d=32 mm Gr\u00fcnfilter, d=32&#215;2 mm Neutralfilter 0,06; d=32&#215;2 Okular PL 10x\/23 Br. foc. Augenmuschel Objektiv LD A-Plan 5x\/0,15 Ph1 M27 Objektiv LD A-Plan 10x\/0,25 Ph1 M27 Objektiv LD A-Plan 20x\/0,35 [&hellip;]<\/p>\n","protected":false},"featured_media":0,"comment_status":"open","ping_status":"closed","template":"","meta":[],"product_brand":[],"product_cat":[15],"product_tag":[],"class_list":{"0":"post-758","1":"product","2":"type-product","3":"status-publish","5":"product_cat-unkategorisiert","7":"first","8":"instock","9":"taxable","10":"shipping-taxable","11":"purchasable","12":"product-type-simple"},"jetpack_sharing_enabled":true,"_links":{"self":[{"href":"https:\/\/test.pulchlorenz.de\/index.php?rest_route=\/wp\/v2\/product\/758","targetHints":{"allow":["GET"]}}],"collection":[{"href":"https:\/\/test.pulchlorenz.de\/index.php?rest_route=\/wp\/v2\/product"}],"about":[{"href":"https:\/\/test.pulchlorenz.de\/index.php?rest_route=\/wp\/v2\/types\/product"}],"replies":[{"embeddable":true,"href":"https:\/\/test.pulchlorenz.de\/index.php?rest_route=%2Fwp%2Fv2%2Fcomments&post=758"}],"wp:attachment":[{"href":"https:\/\/test.pulchlorenz.de\/index.php?rest_route=%2Fwp%2Fv2%2Fmedia&parent=758"}],"wp:term":[{"taxonomy":"product_brand","embeddable":true,"href":"https:\/\/test.pulchlorenz.de\/index.php?rest_route=%2Fwp%2Fv2%2Fproduct_brand&post=758"},{"taxonomy":"product_cat","embeddable":true,"href":"https:\/\/test.pulchlorenz.de\/index.php?rest_route=%2Fwp%2Fv2%2Fproduct_cat&post=758"},{"taxonomy":"product_tag","embeddable":true,"href":"https:\/\/test.pulchlorenz.de\/index.php?rest_route=%2Fwp%2Fv2%2Fproduct_tag&post=758"}],"curies":[{"name":"wp","href":"https:\/\/api.w.org\/{rel}","templated":true}]}}