{"id":765,"date":"2023-03-21T16:07:02","date_gmt":"2023-03-21T16:07:02","guid":{"rendered":"https:\/\/test.pulchlorenz.de\/?product=zen-toolkit-base-acquisition"},"modified":"2023-03-21T16:07:02","modified_gmt":"2023-03-21T16:07:02","slug":"zen-toolkit-base-acquisition","status":"publish","type":"product","link":"https:\/\/test.pulchlorenz.de\/?product=zen-toolkit-base-acquisition","title":{"rendered":"ZEN Toolkit Base Acquisition"},"content":{"rendered":"<p>Erfassen Sie Bilder, einschlie\u00dflich Zeitraffer, Mehrkanal-Fluoreszenz und Hellfeld. Dieses Paket erm\u00f6glicht die Aufnahme von Fluoreszenz- und Durchlichtbildern sowie von Kontrastverfahren in unabh\u00e4ngigen Kan\u00e4len. Dar\u00fcber hinaus bietet es Funktionen zur Aufnahme von Zeitrafferbildern dynamischer Proben. F\u00fcr mehrkanalige Aufnahmen stehen folgende Funktionen zur Verf\u00fcgung:    Aufnahme von mehreren unabh\u00e4ngigen Kan\u00e4len f\u00fcr Auflicht- und Durchlichtverfahren   Farbstoffe (einschlie\u00dflich Wellenl\u00e4ngeninformationen) k\u00f6nnen aus einer Datenbank mit mehr als 500 Farbstoffen oder fluoreszierenden Proteinen ausgew\u00e4hlt werden, und zwar f\u00fcr alle g\u00e4ngigen Durchlichtkontrastverfahren, die vom Aufnahmesystem unterst\u00fctzt werden (z. B. Hellfeld, Phasenkontrast, DIC, Dunkelfeld usw.)   Intelligente Setup-Generierung der erforderlichen Mikroskopeinstellungen f\u00fcr einen hinzugef\u00fcgten Kanal   M\u00f6glichkeit der manuellen Anpassung der Lichtintensit\u00e4t und der Kameraeinstellungen f\u00fcr jedenKanal   Anzeige der Kan\u00e4le in einem Pseudo-Farbbild mit \u00dcberlagerungsoption oder als monochrome Einzelkanalanzeige   M\u00f6glichkeit zur Erstellung von Shading-Korrekturen f\u00fcr jeden Kanal   Es kann ein Fokus-Referenzkanal definiert werden F\u00fcr die Zeitrafferaufnahme stehen folgende Funktionen zur Verf\u00fcgung:   Definition von Zeitreihen durch Auswahl von Intervallen, Gesamtdauer oder Anzahl der Zyklen.   Steuerung \u00fcber Zeit, Trigger* oder manuell *nur ZEN<\/p>\n","protected":false},"excerpt":{"rendered":"<p>Erfassen Sie Bilder, einschlie\u00dflich Zeitraffer, Mehrkanal-Fluoreszenz und Hellfeld. Dieses Paket erm\u00f6glicht die Aufnahme von Fluoreszenz- und Durchlichtbildern sowie von Kontrastverfahren in unabh\u00e4ngigen Kan\u00e4len. Dar\u00fcber hinaus bietet es Funktionen zur Aufnahme von Zeitrafferbildern dynamischer Proben. F\u00fcr mehrkanalige Aufnahmen stehen folgende Funktionen zur Verf\u00fcgung: Aufnahme von mehreren unabh\u00e4ngigen Kan\u00e4len f\u00fcr Auflicht- und Durchlichtverfahren Farbstoffe (einschlie\u00dflich Wellenl\u00e4ngeninformationen) k\u00f6nnen [&hellip;]<\/p>\n","protected":false},"featured_media":0,"comment_status":"open","ping_status":"closed","template":"","meta":[],"product_brand":[],"product_cat":[15],"product_tag":[],"class_list":{"0":"post-765","1":"product","2":"type-product","3":"status-publish","5":"product_cat-unkategorisiert","7":"first","8":"instock","9":"taxable","10":"shipping-taxable","11":"purchasable","12":"product-type-simple"},"jetpack_sharing_enabled":true,"_links":{"self":[{"href":"https:\/\/test.pulchlorenz.de\/index.php?rest_route=\/wp\/v2\/product\/765","targetHints":{"allow":["GET"]}}],"collection":[{"href":"https:\/\/test.pulchlorenz.de\/index.php?rest_route=\/wp\/v2\/product"}],"about":[{"href":"https:\/\/test.pulchlorenz.de\/index.php?rest_route=\/wp\/v2\/types\/product"}],"replies":[{"embeddable":true,"href":"https:\/\/test.pulchlorenz.de\/index.php?rest_route=%2Fwp%2Fv2%2Fcomments&post=765"}],"wp:attachment":[{"href":"https:\/\/test.pulchlorenz.de\/index.php?rest_route=%2Fwp%2Fv2%2Fmedia&parent=765"}],"wp:term":[{"taxonomy":"product_brand","embeddable":true,"href":"https:\/\/test.pulchlorenz.de\/index.php?rest_route=%2Fwp%2Fv2%2Fproduct_brand&post=765"},{"taxonomy":"product_cat","embeddable":true,"href":"https:\/\/test.pulchlorenz.de\/index.php?rest_route=%2Fwp%2Fv2%2Fproduct_cat&post=765"},{"taxonomy":"product_tag","embeddable":true,"href":"https:\/\/test.pulchlorenz.de\/index.php?rest_route=%2Fwp%2Fv2%2Fproduct_tag&post=765"}],"curies":[{"name":"wp","href":"https:\/\/api.w.org\/{rel}","templated":true}]}}