{"id":768,"date":"2023-03-21T16:07:03","date_gmt":"2023-03-21T16:07:03","guid":{"rendered":"https:\/\/test.pulchlorenz.de\/?product=flexi-tischstativ-d-mit-schwerer-platte-und-neigekupplung"},"modified":"2023-03-21T16:07:03","modified_gmt":"2023-03-21T16:07:03","slug":"flexi-tischstativ-d-mit-schwerer-platte-und-neigekupplung","status":"publish","type":"product","link":"https:\/\/test.pulchlorenz.de\/?product=flexi-tischstativ-d-mit-schwerer-platte-und-neigekupplung","title":{"rendered":"Flexi Tischstativ D mit schwerer Platte und Neigekupplung"},"content":{"rendered":"<p>Unsere Flexi-Mikroskopstative vereinen h\u00f6chsten Anspruch an Stabilit\u00e4t und Flexibilit\u00e4t mit ergonomischem Arbeiten:  \t einstellbar auf das Gewicht des\u00a0Mikroskopes \t einfache Demontage, leichter Transport \t Die S\u00e4ule kann auf dem 2-teiligen Tischsockel mittig genauso wie seitlich positioniert werden. \t sichere H\u00f6henarretierung in jeder Lage \t optionale\u00a0Bildschirmhalterung erh\u00e4ltlich   Flexi Stativ bestehend aus:  \t Tischsockel schwer, 2-teilig \t Aufschraubplatte mit variabler S\u00e4ule \t Hinterrohr 300mm \t Federgelenkarm \t Neigekupplung  mit 32mm S\u00e4ule zur Befestigung eines Mikroskoptriebes<\/p>\n","protected":false},"excerpt":{"rendered":"<p>Unsere Flexi-Mikroskopstative vereinen h\u00f6chsten Anspruch an Stabilit\u00e4t und Flexibilit\u00e4t mit ergonomischem Arbeiten: einstellbar auf das Gewicht des\u00a0Mikroskopes einfache Demontage, leichter Transport Die S\u00e4ule kann auf dem 2-teiligen Tischsockel mittig genauso wie seitlich positioniert werden. sichere H\u00f6henarretierung in jeder Lage optionale\u00a0Bildschirmhalterung erh\u00e4ltlich Flexi Stativ bestehend aus: Tischsockel schwer, 2-teilig Aufschraubplatte mit variabler S\u00e4ule Hinterrohr 300mm Federgelenkarm [&hellip;]<\/p>\n","protected":false},"featured_media":0,"comment_status":"open","ping_status":"closed","template":"","meta":[],"product_brand":[],"product_cat":[15],"product_tag":[],"class_list":{"0":"post-768","1":"product","2":"type-product","3":"status-publish","5":"product_cat-unkategorisiert","7":"first","8":"instock","9":"taxable","10":"shipping-taxable","11":"purchasable","12":"product-type-simple"},"jetpack_sharing_enabled":true,"_links":{"self":[{"href":"https:\/\/test.pulchlorenz.de\/index.php?rest_route=\/wp\/v2\/product\/768","targetHints":{"allow":["GET"]}}],"collection":[{"href":"https:\/\/test.pulchlorenz.de\/index.php?rest_route=\/wp\/v2\/product"}],"about":[{"href":"https:\/\/test.pulchlorenz.de\/index.php?rest_route=\/wp\/v2\/types\/product"}],"replies":[{"embeddable":true,"href":"https:\/\/test.pulchlorenz.de\/index.php?rest_route=%2Fwp%2Fv2%2Fcomments&post=768"}],"wp:attachment":[{"href":"https:\/\/test.pulchlorenz.de\/index.php?rest_route=%2Fwp%2Fv2%2Fmedia&parent=768"}],"wp:term":[{"taxonomy":"product_brand","embeddable":true,"href":"https:\/\/test.pulchlorenz.de\/index.php?rest_route=%2Fwp%2Fv2%2Fproduct_brand&post=768"},{"taxonomy":"product_cat","embeddable":true,"href":"https:\/\/test.pulchlorenz.de\/index.php?rest_route=%2Fwp%2Fv2%2Fproduct_cat&post=768"},{"taxonomy":"product_tag","embeddable":true,"href":"https:\/\/test.pulchlorenz.de\/index.php?rest_route=%2Fwp%2Fv2%2Fproduct_tag&post=768"}],"curies":[{"name":"wp","href":"https:\/\/api.w.org\/{rel}","templated":true}]}}