{"id":770,"date":"2023-03-21T16:07:03","date_gmt":"2023-03-21T16:07:03","guid":{"rendered":"https:\/\/test.pulchlorenz.de\/?product=objektiv-n-achroplan-10x-025-ph1-m27-a65mm"},"modified":"2023-03-21T16:07:03","modified_gmt":"2023-03-21T16:07:03","slug":"objektiv-n-achroplan-10x-025-ph1-m27-a65mm","status":"publish","type":"product","link":"https:\/\/test.pulchlorenz.de\/?product=objektiv-n-achroplan-10x-025-ph1-m27-a65mm","title":{"rendered":"Objektiv N-Achroplan 10x\/0,25 Ph1 M27 (a=6,5mm)"},"content":{"rendered":"<p>Die ACHROPLAN Objektive verf\u00fcgen \u00fcber eine gute Bildfeldebnung und Farbkorrektur und sind gut geeignet f\u00fcr die Mikrofotografie.  ACHROPLAN Objektive gibt es entsprechend der gro\u00dfen Anwendungsbreite,in zahlreichen Ausf\u00fchrungen.Die m\u00f6glichen Kontrastverfahren  sind Hellfeld und Phasenkontrast im Durchlicht,Fluoreszenz bei Anregung im sichtbaren Bereich.  Objektiv N-Achroplan 10x\/0,25 Ph1 M27 (a=6,5mm)  Kompatible Mikroskope:  \t Axio Imager.A2 \t Axio Imager.D2 \t Axio Imager.M2 \t Axio Imager.Z2 \t Axio Lab.A1 \t Axio Lab.A1 FL-LED \t Axio Scope.A1 \t Axio Scope.A1 Vario<\/p>\n","protected":false},"excerpt":{"rendered":"<p>Die ACHROPLAN Objektive verf\u00fcgen \u00fcber eine gute Bildfeldebnung und Farbkorrektur und sind gut geeignet f\u00fcr die Mikrofotografie. ACHROPLAN Objektive gibt es entsprechend der gro\u00dfen Anwendungsbreite,in zahlreichen Ausf\u00fchrungen.Die m\u00f6glichen Kontrastverfahren sind Hellfeld und Phasenkontrast im Durchlicht,Fluoreszenz bei Anregung im sichtbaren Bereich. Objektiv N-Achroplan 10x\/0,25 Ph1 M27 (a=6,5mm) Kompatible Mikroskope: Axio Imager.A2 Axio Imager.D2 Axio Imager.M2 Axio [&hellip;]<\/p>\n","protected":false},"featured_media":0,"comment_status":"open","ping_status":"closed","template":"","meta":[],"product_brand":[],"product_cat":[15],"product_tag":[],"class_list":{"0":"post-770","1":"product","2":"type-product","3":"status-publish","5":"product_cat-unkategorisiert","7":"first","8":"instock","9":"taxable","10":"shipping-taxable","11":"purchasable","12":"product-type-simple"},"jetpack_sharing_enabled":true,"_links":{"self":[{"href":"https:\/\/test.pulchlorenz.de\/index.php?rest_route=\/wp\/v2\/product\/770","targetHints":{"allow":["GET"]}}],"collection":[{"href":"https:\/\/test.pulchlorenz.de\/index.php?rest_route=\/wp\/v2\/product"}],"about":[{"href":"https:\/\/test.pulchlorenz.de\/index.php?rest_route=\/wp\/v2\/types\/product"}],"replies":[{"embeddable":true,"href":"https:\/\/test.pulchlorenz.de\/index.php?rest_route=%2Fwp%2Fv2%2Fcomments&post=770"}],"wp:attachment":[{"href":"https:\/\/test.pulchlorenz.de\/index.php?rest_route=%2Fwp%2Fv2%2Fmedia&parent=770"}],"wp:term":[{"taxonomy":"product_brand","embeddable":true,"href":"https:\/\/test.pulchlorenz.de\/index.php?rest_route=%2Fwp%2Fv2%2Fproduct_brand&post=770"},{"taxonomy":"product_cat","embeddable":true,"href":"https:\/\/test.pulchlorenz.de\/index.php?rest_route=%2Fwp%2Fv2%2Fproduct_cat&post=770"},{"taxonomy":"product_tag","embeddable":true,"href":"https:\/\/test.pulchlorenz.de\/index.php?rest_route=%2Fwp%2Fv2%2Fproduct_tag&post=770"}],"curies":[{"name":"wp","href":"https:\/\/api.w.org\/{rel}","templated":true}]}}