{"id":815,"date":"2023-03-21T16:07:11","date_gmt":"2023-03-21T16:07:11","guid":{"rendered":"https:\/\/test.pulchlorenz.de\/?product=mikroskop-axiolab-5-fuer-ultradunkelfeld-mikroskopie"},"modified":"2023-03-21T16:07:11","modified_gmt":"2023-03-21T16:07:11","slug":"mikroskop-axiolab-5-fuer-ultradunkelfeld-mikroskopie","status":"publish","type":"product","link":"https:\/\/test.pulchlorenz.de\/?product=mikroskop-axiolab-5-fuer-ultradunkelfeld-mikroskopie","title":{"rendered":"Mikroskop Axiolab 5 f\u00fcr Ultradunkelfeld-Mikroskopie"},"content":{"rendered":"<p>Durchlichtmikroskop f\u00fcr Hellfeld- und (Ultra-)Dunkelfeldanwendungen, mit Fototubus, codiertem Objektivrevolver und Lichtmanager.  Durch den codierten Objektivrevolver wird im Kamerabild jederzeit automatisch der korrekte Ma\u00dfstab eingeblendet.  Beim Objektivwechsel wird au\u00dferdem automatisch die Beleuchtungsintensit\u00e4t f\u00fcr das jeweilige Objektiv gespeichert und geladen, sofern der Lichtmanager nicht deaktiviert ist.   Dieses gebrauchsfertige Axiolab 5\u00a0Mikroskopset eignet sich speziell f\u00fcr die (Ultra-)Dunkelfeldmikroskopie, z.b. Blutanalysen. Der Fototubus bietet au\u00dferdem die M\u00f6glichkeit eine\u00a0 Mikroskopkamera\u00a0 zur Dokumentation genauso wie Pr\u00e4sentation anzuschlie\u00dfen.  \t T\u00dcV-gepr\u00fcfte ergonomische Gestaltung f\u00fcr maximalen Komfort und eine entspannte Arbeitshaltung. \t Exzellente optische Qualit\u00e4t f\u00fcr zuverl\u00e4ssige Ergebnisse. \t Lange Lebensdauer dank hochwertiger Materialien. \t Durchlichtbeleuchtung 10W LED    bestehend aus:  \t Axiolab 5 Mikroskopstativ mit Durchlicht (10W LED), 5x H, kodiert\u00a0 Kreuztisch 75&#215;30 R\t \t\t Z-Trieb mit Feintriebknopf links und Feintriebscheibe rechts, flach mit Skala\u00a0 \t\t Fokushub 15 mm\u00a0 \t\t Objektivrevolver 5x Hellfeld, M27 kodiert\u00a0 \t\t Tisch- und Kondensortr\u00e4ger\u00a0 \t\t Kreuztisch 75&#215;30 R mit Harteloxal-Beschichtung, Tischplatte 210 x 145 mm, untenliegende verdeckte X-F\u00fchrung, Trieb rechts 135 mm (um 15 mm ausziehbar) mit Friktionseinstellung\u00a0 \t\t Objekthalter f\u00fcr Einhandbedienung mit Federhebel links\u00a0 \t\t Durchlichtbeleuchtung mit Wei\u00dflicht LED 10W, optional f\u00fcr Halogen Reflektorlampe 12V 35 W\u00a0 \t\t Einbaunetzteil 24V DC 60W, stabilisiert 100&#8230;240V AC\/ 50&#8230;60Hz\u00a0 \t\t l\u00e4nderspezifisches Netzkabel\u00a0 \t\t Kontrollknopf f\u00fcr Eco Modus und Lichtmanager\u00a0 \t\t Integrierter Bildaufnahmeknopf unterst\u00fctzt ZEISS Axiocam\u00a0 \t\t USB 2.0 Schnittstelle\u00a0 \t\t Staubschutzh\u00fclle\u00a0 \t\t Filterhalter f\u00fcr Durchlicht \t \t \t Binokularer Fototubus 30\u00b0\/23 (50:50), umgekehrtes Bild \t 2x Okular PL 10x\/22 Br. foc. \t 2x Augenmuschel \t Objektiv A-Plan 10x\/0,25 M27 \t Objektiv N-Achroplan 100x\/1,25 Oil Iris M27 \t Kondensorhalter Z f\u00fcr Dunkelfeldkondensor \t Ultrakondensor 1,2 \/ 1,4 (0,75-1,0)<\/p>\n","protected":false},"excerpt":{"rendered":"<p>Durchlichtmikroskop f\u00fcr Hellfeld- und (Ultra-)Dunkelfeldanwendungen, mit Fototubus, codiertem Objektivrevolver und Lichtmanager. Durch den codierten Objektivrevolver wird im Kamerabild jederzeit automatisch der korrekte Ma\u00dfstab eingeblendet. Beim Objektivwechsel wird au\u00dferdem automatisch die Beleuchtungsintensit\u00e4t f\u00fcr das jeweilige Objektiv gespeichert und geladen, sofern der Lichtmanager nicht deaktiviert ist. Dieses gebrauchsfertige Axiolab 5\u00a0Mikroskopset eignet sich speziell f\u00fcr die (Ultra-)Dunkelfeldmikroskopie, z.b. [&hellip;]<\/p>\n","protected":false},"featured_media":0,"comment_status":"open","ping_status":"closed","template":"","meta":[],"product_brand":[],"product_cat":[15],"product_tag":[],"class_list":{"0":"post-815","1":"product","2":"type-product","3":"status-publish","5":"product_cat-unkategorisiert","7":"first","8":"instock","9":"taxable","10":"shipping-taxable","11":"purchasable","12":"product-type-simple"},"jetpack_sharing_enabled":true,"_links":{"self":[{"href":"https:\/\/test.pulchlorenz.de\/index.php?rest_route=\/wp\/v2\/product\/815","targetHints":{"allow":["GET"]}}],"collection":[{"href":"https:\/\/test.pulchlorenz.de\/index.php?rest_route=\/wp\/v2\/product"}],"about":[{"href":"https:\/\/test.pulchlorenz.de\/index.php?rest_route=\/wp\/v2\/types\/product"}],"replies":[{"embeddable":true,"href":"https:\/\/test.pulchlorenz.de\/index.php?rest_route=%2Fwp%2Fv2%2Fcomments&post=815"}],"wp:attachment":[{"href":"https:\/\/test.pulchlorenz.de\/index.php?rest_route=%2Fwp%2Fv2%2Fmedia&parent=815"}],"wp:term":[{"taxonomy":"product_brand","embeddable":true,"href":"https:\/\/test.pulchlorenz.de\/index.php?rest_route=%2Fwp%2Fv2%2Fproduct_brand&post=815"},{"taxonomy":"product_cat","embeddable":true,"href":"https:\/\/test.pulchlorenz.de\/index.php?rest_route=%2Fwp%2Fv2%2Fproduct_cat&post=815"},{"taxonomy":"product_tag","embeddable":true,"href":"https:\/\/test.pulchlorenz.de\/index.php?rest_route=%2Fwp%2Fv2%2Fproduct_tag&post=815"}],"curies":[{"name":"wp","href":"https:\/\/api.w.org\/{rel}","templated":true}]}}