{"id":819,"date":"2023-03-21T16:07:12","date_gmt":"2023-03-21T16:07:12","guid":{"rendered":"https:\/\/test.pulchlorenz.de\/?product=stereomikroskop-stereo-discovery-v12"},"modified":"2023-03-21T16:07:12","modified_gmt":"2023-03-21T16:07:12","slug":"stereomikroskop-stereo-discovery-v12","status":"publish","type":"product","link":"https:\/\/test.pulchlorenz.de\/?product=stereomikroskop-stereo-discovery-v12","title":{"rendered":"Stereomikroskop SteREO Discovery.V12"},"content":{"rendered":"<p>SteREO Discovery.V12 f\u00fcr Anwendungen in der Materialforschung, Qualit\u00e4tspr\u00fcfung, Biologie und Medizin. F\u00fcr noch mehr Komfort und Effizienz im Arbeitsablauf.  Bestehend aus:  \t Halogenlichtfilter CL 4500 LED (D) \t Okular PL 10x\/23 Br. foc. \t Augenmuschel \t Mikroskopk\u00f6rper SteREO Discovery.V12 Apochromatisches Stereo-Teleskopsystem mit Motor-Zoom 12,5:1 (0,8x&#8230;10x), Doppel-Irisblende und mit Aufnahmedurchmesser 76 mm, dazu HIP oder EMS 3 erforderlich \t Human Interface Panel HIP mit Steckernetzteil CAN RJ45 DC 24V 30W, Prim\u00e4radapter EU, GB, USA\/J, AUS \t Binokularer Tubus S 20\u00b0 f\u00fcr Augenabstand 51-75mm \t Objektiv Plan S 1,0x FWD 81 mm (Abgleichl\u00e4nge 137 mm) \t Grob-Feintrieb mit Profils\u00e4ule 490mm Tragf\u00e4higkeit 10kg; kompatibel zu Stativbasen 300\/450 \t Tr\u00e4ger S mit Aufnahme-Dmr. 76 mm \t Stativbasis 450 BxTxH 449x346x30mm Stativbasis mit 3x M8 Innengewinde, Einlegeplatte 450 und S\/W Platte D=120mm; kompatibel zu Profils\u00e4ule 490\/800mm oder T-S\u00e4ule 350mm und zu Durchlichteinheit 450 oder 450 mot oder VisiLED Durchlicht; Tisch d=84mm erfordert zus\u00e4tzlich Adapter 84\/120 (435430-9010) \t Analysator S, drehbar, d=66 mm \t Polarisator S, d=84 mm \t Staubschutz-Set M bestehend aus Staubschutzh\u00fclle (L650xB200xH570 mm), Okularabdeckung und Schutzabdeckung f\u00fcr Leuchtfeldblendenoptik   Beleuchtung Bestehend aus:  \t Kaltlichtquelle CL 4500 LED CRI90\t \t\t bis 450 lm Lichtstrom am Faserausgangs-Dmr. 9 mm, stufenlos dimmbar \t\t ca. 5400K Farbtemperatur und Farbwiedergabeindex CRI ca. 90 \t\t min. 50.000 Betriebsstunden bis Abfall auf 70% Anfangshelligkeit \t\t Spannzange 10 mm mit Sensor f\u00fcr Lichtleiter 200\/1500 \t\t Filterschieber f\u00fcr 2 Filter CL LED und mit freiem Durchgang \t\t 2 Exemplare stapelbar, 2 Gewindebuchsen M4 im Boden \t\t max. 50W Weitspannungs-Netzteil f\u00fcr flickerfreies Licht, leiser Axiall\u00fcfter \t\t 2,5 mm Klinkenbuchse f\u00fcr Fu\u00dftaste S und l\u00e4nderspezifisches Netzkabe \t \t \t Durchlichteinrichtung S ergonomisches Pult mit Lichtleiter und 2 schieb- und neigbaren Reflektoren f\u00fcr Hell-\/ Dunkelfeld und f\u00fcr variables Schr\u00e4glicht, verwendbar auf Stativbasis 450   Bio-Med. Anwendungen  \t Botanik \t Chemie- und Petrochemie \t Kriminaltechnische Untersuchung   Materialanwendungen  \t Automobilindustrie \t Baustoffindustrie \t Halbleitertechnik \t Holz- und Papierindustrie \t Justieraufgaben \t Kriminaltechnische Untersuchung \t Luft- und Raumfahrt \t Maschinenbau \t Mineralogie \t Numismatik \t Qualit\u00e4tskontrolle \t Werkstofftechnik<\/p>\n","protected":false},"excerpt":{"rendered":"<p>SteREO Discovery.V12 f\u00fcr Anwendungen in der Materialforschung, Qualit\u00e4tspr\u00fcfung, Biologie und Medizin. F\u00fcr noch mehr Komfort und Effizienz im Arbeitsablauf. Bestehend aus: Halogenlichtfilter CL 4500 LED (D) Okular PL 10x\/23 Br. foc. Augenmuschel Mikroskopk\u00f6rper SteREO Discovery.V12 Apochromatisches Stereo-Teleskopsystem mit Motor-Zoom 12,5:1 (0,8x&#8230;10x), Doppel-Irisblende und mit Aufnahmedurchmesser 76 mm, dazu HIP oder EMS 3 erforderlich Human Interface [&hellip;]<\/p>\n","protected":false},"featured_media":0,"comment_status":"open","ping_status":"closed","template":"","meta":[],"product_brand":[],"product_cat":[15],"product_tag":[],"class_list":{"0":"post-819","1":"product","2":"type-product","3":"status-publish","5":"product_cat-unkategorisiert","7":"first","8":"instock","9":"taxable","10":"shipping-taxable","11":"purchasable","12":"product-type-simple"},"jetpack_sharing_enabled":true,"_links":{"self":[{"href":"https:\/\/test.pulchlorenz.de\/index.php?rest_route=\/wp\/v2\/product\/819","targetHints":{"allow":["GET"]}}],"collection":[{"href":"https:\/\/test.pulchlorenz.de\/index.php?rest_route=\/wp\/v2\/product"}],"about":[{"href":"https:\/\/test.pulchlorenz.de\/index.php?rest_route=\/wp\/v2\/types\/product"}],"replies":[{"embeddable":true,"href":"https:\/\/test.pulchlorenz.de\/index.php?rest_route=%2Fwp%2Fv2%2Fcomments&post=819"}],"wp:attachment":[{"href":"https:\/\/test.pulchlorenz.de\/index.php?rest_route=%2Fwp%2Fv2%2Fmedia&parent=819"}],"wp:term":[{"taxonomy":"product_brand","embeddable":true,"href":"https:\/\/test.pulchlorenz.de\/index.php?rest_route=%2Fwp%2Fv2%2Fproduct_brand&post=819"},{"taxonomy":"product_cat","embeddable":true,"href":"https:\/\/test.pulchlorenz.de\/index.php?rest_route=%2Fwp%2Fv2%2Fproduct_cat&post=819"},{"taxonomy":"product_tag","embeddable":true,"href":"https:\/\/test.pulchlorenz.de\/index.php?rest_route=%2Fwp%2Fv2%2Fproduct_tag&post=819"}],"curies":[{"name":"wp","href":"https:\/\/api.w.org\/{rel}","templated":true}]}}