{"id":823,"date":"2023-03-21T16:07:12","date_gmt":"2023-03-21T16:07:12","guid":{"rendered":"https:\/\/test.pulchlorenz.de\/?product=mikroskop-stativ-axioscope-5-d-hal-50-6xh-codiert"},"modified":"2023-03-21T16:07:12","modified_gmt":"2023-03-21T16:07:12","slug":"mikroskop-stativ-axioscope-5-d-hal-50-6xh-codiert","status":"publish","type":"product","link":"https:\/\/test.pulchlorenz.de\/?product=mikroskop-stativ-axioscope-5-d-hal-50-6xh-codiert","title":{"rendered":"Mikroskop Stativ Axioscope 5, D HAL 50, 6xH codiert"},"content":{"rendered":"<p>Stativunterteil f\u00fcr HAL 50-Beleuchtung  \t  Durchlichtbeleuchtung mit Anbauleuchte f\u00fcr Reflektorlampe 12V 50W  \t  Schwalbe f\u00fcr anklemmbare Tischtr\u00e4ger  \t  Fokushub 24 mm, einstellbarer Fokusstop  \t  Filterrad 6-fach f\u00fcr Filter mit 36 mm Durchmesser  \t  Aufnahme f\u00fcr Filterschieber 14&#215;40 2-fach, D = 36 mm  \t  Einbaunetzteil 24V DC 60W, stabilisiert 100&#8230;240V AC\/ 50&#8230;60Hz  \t  l\u00e4nderspezifisches Netzkabel  \t  Kontrollknopf f\u00fcr Eco Modus und Lichtmanager  \t  Integrierter Bildaufnahmeknopf unterst\u00fctzt ZEISS Axiocam  \t  USB 2.0 Schnittstelle  \t  Staubschutzh\u00fclle  \t  Filterhalter im Durchlicht  \t  Stativoberteil f\u00fcr Durchlicht mit Objektivrevolver 6x Hellfeld, M27 codiert  \t  Schwalbe f\u00fcr wechselbare Reflektorrevolver, -schieber<\/p>\n","protected":false},"excerpt":{"rendered":"<p>Stativunterteil f\u00fcr HAL 50-Beleuchtung Durchlichtbeleuchtung mit Anbauleuchte f\u00fcr Reflektorlampe 12V 50W Schwalbe f\u00fcr anklemmbare Tischtr\u00e4ger Fokushub 24 mm, einstellbarer Fokusstop Filterrad 6-fach f\u00fcr Filter mit 36 mm Durchmesser Aufnahme f\u00fcr Filterschieber 14&#215;40 2-fach, D = 36 mm Einbaunetzteil 24V DC 60W, stabilisiert 100&#8230;240V AC\/ 50&#8230;60Hz l\u00e4nderspezifisches Netzkabel Kontrollknopf f\u00fcr Eco Modus und Lichtmanager Integrierter Bildaufnahmeknopf [&hellip;]<\/p>\n","protected":false},"featured_media":0,"comment_status":"open","ping_status":"closed","template":"","meta":[],"product_brand":[],"product_cat":[15],"product_tag":[],"class_list":{"0":"post-823","1":"product","2":"type-product","3":"status-publish","5":"product_cat-unkategorisiert","7":"first","8":"instock","9":"taxable","10":"shipping-taxable","11":"purchasable","12":"product-type-simple"},"jetpack_sharing_enabled":true,"_links":{"self":[{"href":"https:\/\/test.pulchlorenz.de\/index.php?rest_route=\/wp\/v2\/product\/823","targetHints":{"allow":["GET"]}}],"collection":[{"href":"https:\/\/test.pulchlorenz.de\/index.php?rest_route=\/wp\/v2\/product"}],"about":[{"href":"https:\/\/test.pulchlorenz.de\/index.php?rest_route=\/wp\/v2\/types\/product"}],"replies":[{"embeddable":true,"href":"https:\/\/test.pulchlorenz.de\/index.php?rest_route=%2Fwp%2Fv2%2Fcomments&post=823"}],"wp:attachment":[{"href":"https:\/\/test.pulchlorenz.de\/index.php?rest_route=%2Fwp%2Fv2%2Fmedia&parent=823"}],"wp:term":[{"taxonomy":"product_brand","embeddable":true,"href":"https:\/\/test.pulchlorenz.de\/index.php?rest_route=%2Fwp%2Fv2%2Fproduct_brand&post=823"},{"taxonomy":"product_cat","embeddable":true,"href":"https:\/\/test.pulchlorenz.de\/index.php?rest_route=%2Fwp%2Fv2%2Fproduct_cat&post=823"},{"taxonomy":"product_tag","embeddable":true,"href":"https:\/\/test.pulchlorenz.de\/index.php?rest_route=%2Fwp%2Fv2%2Fproduct_tag&post=823"}],"curies":[{"name":"wp","href":"https:\/\/api.w.org\/{rel}","templated":true}]}}