{"id":85,"date":"2023-03-21T16:05:09","date_gmt":"2023-03-21T16:05:09","guid":{"rendered":"https:\/\/test.pulchlorenz.de\/?product=primostar-3-full-k-tri-sf22-5-pos-brauerei-mikroskop"},"modified":"2023-03-21T16:05:09","modified_gmt":"2023-03-21T16:05:09","slug":"primostar-3-full-k-tri-sf22-5-pos-brauerei-mikroskop","status":"publish","type":"product","link":"https:\/\/test.pulchlorenz.de\/?product=primostar-3-full-k-tri-sf22-5-pos-brauerei-mikroskop","title":{"rendered":"Primostar 3, Full-K, Tri, SF22, 5 Pos., Brauerei-Mikroskop"},"content":{"rendered":"<p>Zur Qualit\u00e4tssicherung in der Brauerei, mit Durchlicht-Hellfeld, -Dunkelfeld und -Phasenkontrast.   Komplettausr\u00fcstung mit Stativ Full-K\u00f6hler einschlie\u00dflich  \t Durchlicht Einschubmodule mit 6V 30W Halogenlampe und LED 3W Wei\u00dflicht, 5600K\u00a0 \t Objektivrevolver 5-fach, nach hinten geneigt\u00a0 \t Kreuztisch 75&#215;50 Trieb rechts und Objekthalter f\u00fcr zwei Objektr\u00e4ger mit Federhebel links\u00a0 \t Binokularer Fototubus 25\u00b0\/22 (50:50)\u00a0 \t Okularen 10x\/22 Br. foc. mit Augenmuscheln\u00a0 \t Objektiven iPlan-Achromat 4x, 10x,\u00a040x Ph2\u00a0 \t Abbe-Kondensor 0,9\/ 1,25 mit Slot\u00a0 \t LichtManager\u00a0 \t ECO-Mode \t Schieber HF\/DF\/Ph2\/Ph3\u00a0 \t Diopter d=30mm\u00a0\u00a0 \t Farbfiltersatz blau, gr\u00fcn, gelb\u00a0 \t Halogenlampe 6V 30W (Ersatz)\u00a0 \t l\u00e4nderspezifische Netzleitung\u00a0 \t Staubschutzh\u00fclle \t 5 Jahre Garantie<\/p>\n","protected":false},"excerpt":{"rendered":"<p>Zur Qualit\u00e4tssicherung in der Brauerei, mit Durchlicht-Hellfeld, -Dunkelfeld und -Phasenkontrast. Komplettausr\u00fcstung mit Stativ Full-K\u00f6hler einschlie\u00dflich Durchlicht Einschubmodule mit 6V 30W Halogenlampe und LED 3W Wei\u00dflicht, 5600K\u00a0 Objektivrevolver 5-fach, nach hinten geneigt\u00a0 Kreuztisch 75&#215;50 Trieb rechts und Objekthalter f\u00fcr zwei Objektr\u00e4ger mit Federhebel links\u00a0 Binokularer Fototubus 25\u00b0\/22 (50:50)\u00a0 Okularen 10x\/22 Br. foc. mit Augenmuscheln\u00a0 Objektiven iPlan-Achromat [&hellip;]<\/p>\n","protected":false},"featured_media":0,"comment_status":"open","ping_status":"closed","template":"","meta":[],"product_brand":[],"product_cat":[15],"product_tag":[],"class_list":{"0":"post-85","1":"product","2":"type-product","3":"status-publish","5":"product_cat-unkategorisiert","7":"first","8":"instock","9":"taxable","10":"shipping-taxable","11":"purchasable","12":"product-type-simple"},"jetpack_sharing_enabled":true,"_links":{"self":[{"href":"https:\/\/test.pulchlorenz.de\/index.php?rest_route=\/wp\/v2\/product\/85","targetHints":{"allow":["GET"]}}],"collection":[{"href":"https:\/\/test.pulchlorenz.de\/index.php?rest_route=\/wp\/v2\/product"}],"about":[{"href":"https:\/\/test.pulchlorenz.de\/index.php?rest_route=\/wp\/v2\/types\/product"}],"replies":[{"embeddable":true,"href":"https:\/\/test.pulchlorenz.de\/index.php?rest_route=%2Fwp%2Fv2%2Fcomments&post=85"}],"wp:attachment":[{"href":"https:\/\/test.pulchlorenz.de\/index.php?rest_route=%2Fwp%2Fv2%2Fmedia&parent=85"}],"wp:term":[{"taxonomy":"product_brand","embeddable":true,"href":"https:\/\/test.pulchlorenz.de\/index.php?rest_route=%2Fwp%2Fv2%2Fproduct_brand&post=85"},{"taxonomy":"product_cat","embeddable":true,"href":"https:\/\/test.pulchlorenz.de\/index.php?rest_route=%2Fwp%2Fv2%2Fproduct_cat&post=85"},{"taxonomy":"product_tag","embeddable":true,"href":"https:\/\/test.pulchlorenz.de\/index.php?rest_route=%2Fwp%2Fv2%2Fproduct_tag&post=85"}],"curies":[{"name":"wp","href":"https:\/\/api.w.org\/{rel}","templated":true}]}}