{"id":86,"date":"2023-03-21T16:05:09","date_gmt":"2023-03-21T16:05:09","guid":{"rendered":"https:\/\/test.pulchlorenz.de\/?product=zeiss-stemi-stativ-k-edu"},"modified":"2023-03-21T16:05:09","modified_gmt":"2023-03-21T16:05:09","slug":"zeiss-stemi-stativ-k-edu","status":"publish","type":"product","link":"https:\/\/test.pulchlorenz.de\/?product=zeiss-stemi-stativ-k-edu","title":{"rendered":"Zeiss Stemi Stativ K EDU"},"content":{"rendered":"<p>Stativ K EDU mit Durchlicht Hellfeld und Durchlicht Dunkelfeld  \t Stativbasis B190xT310xH35 mm \t Arbeitsfl\u00e4che B160xT195 mm \t Schnittstellen d=84 mm f\u00fcr Tische and d=45 mm f\u00fcr DL Polarisator \t S\u00e4ule 250 mm mit Trieb und Handgriff, Hubbereich 145 mm \t Stemi-Tr\u00e4ger d=76 mm, Tragf\u00e4higkeit 5 Kg, Friktion einstellbar \t Integriertes LED-Durchlicht-Hellfeld\/Dunkelfeld, schaltbar \t 2x Buchse f\u00fcr IVI und Leuchte K LED \t Separate AL\/DL-Bedienelemente f\u00fcr Ein\/Aus\/Dimmen \t Einbaunetzteil 12V DC 24W\/100&#8230;240V AC\/50&#8230;60Hz Zus\u00e4tzlich enthalten: \t Glasplatte D=84&#215;5 mm \t L\u00e4nderspezifisches Netzkabel EURO C7 \t Staubschutzh\u00fclle   Maximal 10 cm Probenh\u00f6he mit einem Stemi 305 ohne Vorsatzsystem Maximal 12 cm Probenh\u00f6he mit einem Stemi 508 ohne Vorsatzsystem<\/p>\n","protected":false},"excerpt":{"rendered":"<p>Stativ K EDU mit Durchlicht Hellfeld und Durchlicht Dunkelfeld Stativbasis B190xT310xH35 mm Arbeitsfl\u00e4che B160xT195 mm Schnittstellen d=84 mm f\u00fcr Tische and d=45 mm f\u00fcr DL Polarisator S\u00e4ule 250 mm mit Trieb und Handgriff, Hubbereich 145 mm Stemi-Tr\u00e4ger d=76 mm, Tragf\u00e4higkeit 5 Kg, Friktion einstellbar Integriertes LED-Durchlicht-Hellfeld\/Dunkelfeld, schaltbar 2x Buchse f\u00fcr IVI und Leuchte K LED [&hellip;]<\/p>\n","protected":false},"featured_media":0,"comment_status":"open","ping_status":"closed","template":"","meta":[],"product_brand":[],"product_cat":[15],"product_tag":[],"class_list":{"0":"post-86","1":"product","2":"type-product","3":"status-publish","5":"product_cat-unkategorisiert","7":"first","8":"instock","9":"taxable","10":"shipping-taxable","11":"purchasable","12":"product-type-simple"},"jetpack_sharing_enabled":true,"_links":{"self":[{"href":"https:\/\/test.pulchlorenz.de\/index.php?rest_route=\/wp\/v2\/product\/86","targetHints":{"allow":["GET"]}}],"collection":[{"href":"https:\/\/test.pulchlorenz.de\/index.php?rest_route=\/wp\/v2\/product"}],"about":[{"href":"https:\/\/test.pulchlorenz.de\/index.php?rest_route=\/wp\/v2\/types\/product"}],"replies":[{"embeddable":true,"href":"https:\/\/test.pulchlorenz.de\/index.php?rest_route=%2Fwp%2Fv2%2Fcomments&post=86"}],"wp:attachment":[{"href":"https:\/\/test.pulchlorenz.de\/index.php?rest_route=%2Fwp%2Fv2%2Fmedia&parent=86"}],"wp:term":[{"taxonomy":"product_brand","embeddable":true,"href":"https:\/\/test.pulchlorenz.de\/index.php?rest_route=%2Fwp%2Fv2%2Fproduct_brand&post=86"},{"taxonomy":"product_cat","embeddable":true,"href":"https:\/\/test.pulchlorenz.de\/index.php?rest_route=%2Fwp%2Fv2%2Fproduct_cat&post=86"},{"taxonomy":"product_tag","embeddable":true,"href":"https:\/\/test.pulchlorenz.de\/index.php?rest_route=%2Fwp%2Fv2%2Fproduct_tag&post=86"}],"curies":[{"name":"wp","href":"https:\/\/api.w.org\/{rel}","templated":true}]}}