{"id":87,"date":"2023-03-21T16:05:09","date_gmt":"2023-03-21T16:05:09","guid":{"rendered":"https:\/\/test.pulchlorenz.de\/?product=mikroskop-axioscope-5-led-fuer-durchlicht-hellfeld-mit-fototubus"},"modified":"2023-03-21T16:05:09","modified_gmt":"2023-03-21T16:05:09","slug":"mikroskop-axioscope-5-led-fuer-durchlicht-hellfeld-mit-fototubus","status":"publish","type":"product","link":"https:\/\/test.pulchlorenz.de\/?product=mikroskop-axioscope-5-led-fuer-durchlicht-hellfeld-mit-fototubus","title":{"rendered":"Mikroskop Axioscope 5 LED f\u00fcr Durchlicht-Hellfeld mit Fototubus"},"content":{"rendered":"<p>Durchlichtmikroskop f\u00fcr Hellfeldanwendungen mit codiertem Objektivrevolver, Lichtmanager und Kamera  Durch den codierten Objektivrevolver wird im Kamerabild jederzeit automatisch der korrekte Ma\u00dfstab eingeblendet.  Beim Objektivwechsel wird au\u00dferdem automatisch die Beleuchtungsintensit\u00e4t f\u00fcr das jeweilige Objektiv gespeichert und geladen, sofern der Lichtmanager nicht deaktiviert ist.  Zur Steuerung der Kamera und zum Speichern von Aufnahmen ohne PC kann \u00fcber das mitgelieferte USB-Hub Maus, Tastatur und Speicherstick angeschlossen werden   \t Mikroskop Stativ Axioscope 5, DL 6x H kodiert, LED\/Hal 100\t \t\t Stativunterteil mit Leuchtenschnittstelle\u00a0 \t\t Durchlichtbeleuchtung mit Wei\u00dflicht LED 10W, optional f\u00fcr Hal 100W\u00a0 \t\t Schwalbe f\u00fcr anklemmbare Tischtr\u00e4ger\u00a0 \t\t Fokushub 24 mm, einstellbarer Fokusstop\u00a0 \t\t Filterrad 6-fach f\u00fcr Filter mit Durchmesser 36 mm in DL\u00a0 \t\t Aufnahme f\u00fcr Filterschieber 14&#215;40 2-fach, D = 36 mm\u00a0 \t\t Einbaunetzteil 24V DC 60W, stabilisiert 100&#8230;240V AC\/ 50&#8230;60Hz\u00a0 \t\t l\u00e4nderspezifisches Netzkabel\u00a0 \t\t Kontrollknopf f\u00fcr Eco Modus und Lichtmanager\u00a0 \t\t Schnappschussfunktion unterst\u00fctzt ZEISS Axiocam\u00a0 \t\t USB 2.0 Schnittstelle\u00a0 \t\t Staubschutzh\u00fclle\u00a0 \t\t Filterhalter f\u00fcr Durchlicht\u00a0 \t\t Stativoberteil f\u00fcr Durchlicht mit Objektivrevolver 6x H, M 27\u00a0 \t\t Schwalbe f\u00fcr kodierte, wechselbare Reflektorrevolver, -schieber \t \t \t Tischtr\u00e4ger D\/A, anklemmbar und h\u00f6henverstellbar \t Kondensortr\u00e4ger mit beidseitiger H\u00f6henverstellung \t Kreuztisch 75&#215;50 R mit Harteloxal-Beschichtung \t Objekthalter f\u00fcr 2 Objekttr\u00e4ger 75x25mm, Federhebel links \t Binokularer Komfort-Ergofototubus 15\u00b0\/23 (50:50) \t Kamera-Adapter 60N-C 2\/3&#8220; 0,5x \t 2x Okular PL 10x\/23 Br. foc. \t 2x Augenmuschel \t Objektiv N-Achroplan 2,5x\/0,07 M27 \t Objektiv N-Achroplan 5x\/0,15 M27 \t Objektiv EC Plan-Neofluar 10x\/0,3 M27 \t Objektiv EC Plan-Neofluar 40x\/0,75 M27 \t \u00dcbersichtseinrichtung f\u00fcr Objektive 2,5x\/4x zum Kondensor 0,9\/1,25 H \t Kondensor, achromatisch-aplanatisch 0,9 H \t Mikroskopiekamera Axiocam 208 color<\/p>\n","protected":false},"excerpt":{"rendered":"<p>Durchlichtmikroskop f\u00fcr Hellfeldanwendungen mit codiertem Objektivrevolver, Lichtmanager und Kamera Durch den codierten Objektivrevolver wird im Kamerabild jederzeit automatisch der korrekte Ma\u00dfstab eingeblendet. Beim Objektivwechsel wird au\u00dferdem automatisch die Beleuchtungsintensit\u00e4t f\u00fcr das jeweilige Objektiv gespeichert und geladen, sofern der Lichtmanager nicht deaktiviert ist. Zur Steuerung der Kamera und zum Speichern von Aufnahmen ohne PC kann \u00fcber [&hellip;]<\/p>\n","protected":false},"featured_media":0,"comment_status":"open","ping_status":"closed","template":"","meta":[],"product_brand":[],"product_cat":[15],"product_tag":[],"class_list":{"0":"post-87","1":"product","2":"type-product","3":"status-publish","5":"product_cat-unkategorisiert","7":"first","8":"instock","9":"taxable","10":"shipping-taxable","11":"purchasable","12":"product-type-simple"},"jetpack_sharing_enabled":true,"_links":{"self":[{"href":"https:\/\/test.pulchlorenz.de\/index.php?rest_route=\/wp\/v2\/product\/87","targetHints":{"allow":["GET"]}}],"collection":[{"href":"https:\/\/test.pulchlorenz.de\/index.php?rest_route=\/wp\/v2\/product"}],"about":[{"href":"https:\/\/test.pulchlorenz.de\/index.php?rest_route=\/wp\/v2\/types\/product"}],"replies":[{"embeddable":true,"href":"https:\/\/test.pulchlorenz.de\/index.php?rest_route=%2Fwp%2Fv2%2Fcomments&post=87"}],"wp:attachment":[{"href":"https:\/\/test.pulchlorenz.de\/index.php?rest_route=%2Fwp%2Fv2%2Fmedia&parent=87"}],"wp:term":[{"taxonomy":"product_brand","embeddable":true,"href":"https:\/\/test.pulchlorenz.de\/index.php?rest_route=%2Fwp%2Fv2%2Fproduct_brand&post=87"},{"taxonomy":"product_cat","embeddable":true,"href":"https:\/\/test.pulchlorenz.de\/index.php?rest_route=%2Fwp%2Fv2%2Fproduct_cat&post=87"},{"taxonomy":"product_tag","embeddable":true,"href":"https:\/\/test.pulchlorenz.de\/index.php?rest_route=%2Fwp%2Fv2%2Fproduct_tag&post=87"}],"curies":[{"name":"wp","href":"https:\/\/api.w.org\/{rel}","templated":true}]}}