{"id":874,"date":"2023-03-21T16:07:21","date_gmt":"2023-03-21T16:07:21","guid":{"rendered":"https:\/\/test.pulchlorenz.de\/?product=festkoerperlichtquelle-colibri-5-ausfuehrung-rgb-uv"},"modified":"2023-03-21T16:07:21","modified_gmt":"2023-03-21T16:07:21","slug":"festkoerperlichtquelle-colibri-5-ausfuehrung-rgb-uv","status":"publish","type":"product","link":"https:\/\/test.pulchlorenz.de\/?product=festkoerperlichtquelle-colibri-5-ausfuehrung-rgb-uv","title":{"rendered":"Festk\u00f6rperlichtquelle Colibri 5, Ausf\u00fchrung RGB-UV"},"content":{"rendered":"<p>Ausf\u00fchrung RGB-UV 4-Kanal Fluoreszenzlichtquelle mit integrierter Ansteuerungseinheit zur stufenlosen Helligkeitseinstellung, schnell schaltbar. Ausgestattet mit 4 Anregungslinien.  \t Red (630nm) zur Anregung von Cy5, Alexa 631, TOTO-3 und \u00e4hnlichen Farbstoffen \t Green (555nm) zur Anregung von Cy3, TRITC, DsRed und \u00e4hnlichen Farbstoffen \t Blue (475nm) zur Anregung von eGFP, Fluo4, FITC und \u00e4hnlichen Farbstoffen \t UV (385nm) zur Anregung von DAPI, Alexa 405, Hoechst 33258 und \u00e4hnlichen Farbstoffen   Ein l\u00e4nderspezifisches Netzkabel und ein Tischnetzteil sind im Lieferumfang enthalten.<\/p>\n","protected":false},"excerpt":{"rendered":"<p>Ausf\u00fchrung RGB-UV 4-Kanal Fluoreszenzlichtquelle mit integrierter Ansteuerungseinheit zur stufenlosen Helligkeitseinstellung, schnell schaltbar. Ausgestattet mit 4 Anregungslinien. Red (630nm) zur Anregung von Cy5, Alexa 631, TOTO-3 und \u00e4hnlichen Farbstoffen Green (555nm) zur Anregung von Cy3, TRITC, DsRed und \u00e4hnlichen Farbstoffen Blue (475nm) zur Anregung von eGFP, Fluo4, FITC und \u00e4hnlichen Farbstoffen UV (385nm) zur Anregung von [&hellip;]<\/p>\n","protected":false},"featured_media":0,"comment_status":"open","ping_status":"closed","template":"","meta":[],"product_brand":[],"product_cat":[15],"product_tag":[],"class_list":{"0":"post-874","1":"product","2":"type-product","3":"status-publish","5":"product_cat-unkategorisiert","7":"first","8":"instock","9":"taxable","10":"shipping-taxable","11":"purchasable","12":"product-type-simple"},"jetpack_sharing_enabled":true,"_links":{"self":[{"href":"https:\/\/test.pulchlorenz.de\/index.php?rest_route=\/wp\/v2\/product\/874","targetHints":{"allow":["GET"]}}],"collection":[{"href":"https:\/\/test.pulchlorenz.de\/index.php?rest_route=\/wp\/v2\/product"}],"about":[{"href":"https:\/\/test.pulchlorenz.de\/index.php?rest_route=\/wp\/v2\/types\/product"}],"replies":[{"embeddable":true,"href":"https:\/\/test.pulchlorenz.de\/index.php?rest_route=%2Fwp%2Fv2%2Fcomments&post=874"}],"wp:attachment":[{"href":"https:\/\/test.pulchlorenz.de\/index.php?rest_route=%2Fwp%2Fv2%2Fmedia&parent=874"}],"wp:term":[{"taxonomy":"product_brand","embeddable":true,"href":"https:\/\/test.pulchlorenz.de\/index.php?rest_route=%2Fwp%2Fv2%2Fproduct_brand&post=874"},{"taxonomy":"product_cat","embeddable":true,"href":"https:\/\/test.pulchlorenz.de\/index.php?rest_route=%2Fwp%2Fv2%2Fproduct_cat&post=874"},{"taxonomy":"product_tag","embeddable":true,"href":"https:\/\/test.pulchlorenz.de\/index.php?rest_route=%2Fwp%2Fv2%2Fproduct_tag&post=874"}],"curies":[{"name":"wp","href":"https:\/\/api.w.org\/{rel}","templated":true}]}}