{"id":875,"date":"2023-03-21T16:07:21","date_gmt":"2023-03-21T16:07:21","guid":{"rendered":"https:\/\/test.pulchlorenz.de\/?product=smartzoom-5-objektiv-planapo-d-05x-003-fwd-78mm"},"modified":"2023-03-21T16:07:21","modified_gmt":"2023-03-21T16:07:21","slug":"smartzoom-5-objektiv-planapo-d-05x-003-fwd-78mm","status":"publish","type":"product","link":"https:\/\/test.pulchlorenz.de\/?product=smartzoom-5-objektiv-planapo-d-05x-003-fwd-78mm","title":{"rendered":"Smartzoom 5 Objektiv PlanApo D 0,5x\/0,03 FWD 78mm"},"content":{"rendered":"<p>Mit Bajonett-Schnittstelle \t Informationen \u00fcber Vergr\u00f6\u00dferung und geometrische Korrekturen im Objektiv gespeichert \t Integriertes segmentiertes LED-Ringlicht<\/p>\n","protected":false},"excerpt":{"rendered":"<p>Mit Bajonett-Schnittstelle Informationen \u00fcber Vergr\u00f6\u00dferung und geometrische Korrekturen im Objektiv gespeichert Integriertes segmentiertes LED-Ringlicht<\/p>\n","protected":false},"featured_media":0,"comment_status":"open","ping_status":"closed","template":"","meta":[],"product_brand":[],"product_cat":[15],"product_tag":[],"class_list":{"0":"post-875","1":"product","2":"type-product","3":"status-publish","5":"product_cat-unkategorisiert","7":"first","8":"instock","9":"taxable","10":"shipping-taxable","11":"purchasable","12":"product-type-simple"},"jetpack_sharing_enabled":true,"_links":{"self":[{"href":"https:\/\/test.pulchlorenz.de\/index.php?rest_route=\/wp\/v2\/product\/875","targetHints":{"allow":["GET"]}}],"collection":[{"href":"https:\/\/test.pulchlorenz.de\/index.php?rest_route=\/wp\/v2\/product"}],"about":[{"href":"https:\/\/test.pulchlorenz.de\/index.php?rest_route=\/wp\/v2\/types\/product"}],"replies":[{"embeddable":true,"href":"https:\/\/test.pulchlorenz.de\/index.php?rest_route=%2Fwp%2Fv2%2Fcomments&post=875"}],"wp:attachment":[{"href":"https:\/\/test.pulchlorenz.de\/index.php?rest_route=%2Fwp%2Fv2%2Fmedia&parent=875"}],"wp:term":[{"taxonomy":"product_brand","embeddable":true,"href":"https:\/\/test.pulchlorenz.de\/index.php?rest_route=%2Fwp%2Fv2%2Fproduct_brand&post=875"},{"taxonomy":"product_cat","embeddable":true,"href":"https:\/\/test.pulchlorenz.de\/index.php?rest_route=%2Fwp%2Fv2%2Fproduct_cat&post=875"},{"taxonomy":"product_tag","embeddable":true,"href":"https:\/\/test.pulchlorenz.de\/index.php?rest_route=%2Fwp%2Fv2%2Fproduct_tag&post=875"}],"curies":[{"name":"wp","href":"https:\/\/api.w.org\/{rel}","templated":true}]}}