{"id":877,"date":"2023-03-21T16:07:21","date_gmt":"2023-03-21T16:07:21","guid":{"rendered":"https:\/\/test.pulchlorenz.de\/?product=systemeinheit-visioner-1"},"modified":"2023-03-21T16:07:21","modified_gmt":"2023-03-21T16:07:21","slug":"systemeinheit-visioner-1","status":"publish","type":"product","link":"https:\/\/test.pulchlorenz.de\/?product=systemeinheit-visioner-1","title":{"rendered":"Systemeinheit Visioner 1"},"content":{"rendered":"<p>integrierte Optik (1,3-fache Vergr\u00f6\u00dferung)\u00a0 \t integriertes Spiegel-Array-Linsensystem (engl. Mirror Array Lens System, MALS) f\u00fcr Aufnahmen mit erweiterter Tiefensch\u00e4rfe in Echtzeit\u00a0 \t integrierte 3 MP Kamera\u00a0 \t integriertes koaxiales Auflicht\u00a0 \t Schnittstelle D=76 mm f\u00fcr Stemi- Tr\u00e4ger\/Tr\u00e4ger S\u00a0 \t Schnittstelle D=66 mm f\u00fcr Beleuchtungen\u00a0 \t Kabelset\u00a0 \t LED Ringleuchte mit 3 Ringen und 8 Sektoren (optimiert f\u00fcr 1,3-fache und 0,35-fache Vergr\u00f6\u00dferung)\u00a0 \t Minimaler Arbeitsabstand 44 mm (ohne LED Ringleuchte) \/ 19 mm (mit LED Ringleuchte)<\/p>\n","protected":false},"excerpt":{"rendered":"<p>integrierte Optik (1,3-fache Vergr\u00f6\u00dferung)\u00a0 integriertes Spiegel-Array-Linsensystem (engl. Mirror Array Lens System, MALS) f\u00fcr Aufnahmen mit erweiterter Tiefensch\u00e4rfe in Echtzeit\u00a0 integrierte 3 MP Kamera\u00a0 integriertes koaxiales Auflicht\u00a0 Schnittstelle D=76 mm f\u00fcr Stemi- Tr\u00e4ger\/Tr\u00e4ger S\u00a0 Schnittstelle D=66 mm f\u00fcr Beleuchtungen\u00a0 Kabelset\u00a0 LED Ringleuchte mit 3 Ringen und 8 Sektoren (optimiert f\u00fcr 1,3-fache und 0,35-fache Vergr\u00f6\u00dferung)\u00a0 Minimaler Arbeitsabstand [&hellip;]<\/p>\n","protected":false},"featured_media":0,"comment_status":"open","ping_status":"closed","template":"","meta":[],"product_brand":[],"product_cat":[15],"product_tag":[],"class_list":{"0":"post-877","1":"product","2":"type-product","3":"status-publish","5":"product_cat-unkategorisiert","7":"first","8":"instock","9":"taxable","10":"shipping-taxable","11":"purchasable","12":"product-type-simple"},"jetpack_sharing_enabled":true,"_links":{"self":[{"href":"https:\/\/test.pulchlorenz.de\/index.php?rest_route=\/wp\/v2\/product\/877","targetHints":{"allow":["GET"]}}],"collection":[{"href":"https:\/\/test.pulchlorenz.de\/index.php?rest_route=\/wp\/v2\/product"}],"about":[{"href":"https:\/\/test.pulchlorenz.de\/index.php?rest_route=\/wp\/v2\/types\/product"}],"replies":[{"embeddable":true,"href":"https:\/\/test.pulchlorenz.de\/index.php?rest_route=%2Fwp%2Fv2%2Fcomments&post=877"}],"wp:attachment":[{"href":"https:\/\/test.pulchlorenz.de\/index.php?rest_route=%2Fwp%2Fv2%2Fmedia&parent=877"}],"wp:term":[{"taxonomy":"product_brand","embeddable":true,"href":"https:\/\/test.pulchlorenz.de\/index.php?rest_route=%2Fwp%2Fv2%2Fproduct_brand&post=877"},{"taxonomy":"product_cat","embeddable":true,"href":"https:\/\/test.pulchlorenz.de\/index.php?rest_route=%2Fwp%2Fv2%2Fproduct_cat&post=877"},{"taxonomy":"product_tag","embeddable":true,"href":"https:\/\/test.pulchlorenz.de\/index.php?rest_route=%2Fwp%2Fv2%2Fproduct_tag&post=877"}],"curies":[{"name":"wp","href":"https:\/\/api.w.org\/{rel}","templated":true}]}}