{"id":878,"date":"2023-03-21T16:07:22","date_gmt":"2023-03-21T16:07:22","guid":{"rendered":"https:\/\/test.pulchlorenz.de\/?product=mikroskop-axio-imager-a2-codiert"},"modified":"2023-03-21T16:07:22","modified_gmt":"2023-03-21T16:07:22","slug":"mikroskop-axio-imager-a2-codiert","status":"publish","type":"product","link":"https:\/\/test.pulchlorenz.de\/?product=mikroskop-axio-imager-a2-codiert","title":{"rendered":"Mikroskop Axio Imager.A2, codiert"},"content":{"rendered":"<p>Komplettsystem f\u00fcr die korrelative technische Sauberkeitsanalyse   Mikroskopstativ Axio Imager.A2   Z-Trieb man., mit Feintriebknopf und Feintriebscheibe, flach mit Skala, seitenwechselbar  Tisch-\/Kondensortr\u00e4ger, anklemmbar   Durchlichtbeleuchtung man.  Doppelfilterrad diskret man. mit Neutralfiltersatz  Light Control man. mit RS-232 Schnittstelle  Einbaunetzteil 12V DC 100W, stabilisiert, 100V&#8230;240V AC\/50&#8230;60Hz\/168VA  l\u00e4nderspezifisches Netzkabel und RS-232 Kabel   Objektivrevolver 7-fach, HD M27 cod.  Anbauleuchte VIS-LED mit Kollektor  Kreuztisch 75&#215;50 R basic, f\u00fcr Axio Imager, Harteloxal-Beschichtung  Objekthalter f\u00fcr Objekttr\u00e4ger 76&#215;26 mm, f\u00fcr Einhandbedienung  Binokularer Tubus 30\u00b0\/23, umgekehrtes Bild, Axio Imager  Konversionsfilter 5700-3200 K, d=25 mm  2x Okular PL 10x\/23 Br. foc.  2x Augenmuschel  Objektiv A-Plan 5x\/0,12 M27  Objektiv A-Plan 10x\/0,25 M27  Objektiv A-Plan 40x\/0,65 M27  Objektiv A-Plan 100x\/1,25 Oil M27  Achromatisch-aplanatischer Pathologie-Kondensor 0,9 H  Staubschutz-Set M<\/p>\n","protected":false},"excerpt":{"rendered":"<p>Komplettsystem f\u00fcr die korrelative technische Sauberkeitsanalyse Mikroskopstativ Axio Imager.A2 Z-Trieb man., mit Feintriebknopf und Feintriebscheibe, flach mit Skala, seitenwechselbar Tisch-\/Kondensortr\u00e4ger, anklemmbar Durchlichtbeleuchtung man. Doppelfilterrad diskret man. mit Neutralfiltersatz Light Control man. mit RS-232 Schnittstelle Einbaunetzteil 12V DC 100W, stabilisiert, 100V&#8230;240V AC\/50&#8230;60Hz\/168VA l\u00e4nderspezifisches Netzkabel und RS-232 Kabel Objektivrevolver 7-fach, HD M27 cod. Anbauleuchte VIS-LED mit Kollektor [&hellip;]<\/p>\n","protected":false},"featured_media":0,"comment_status":"open","ping_status":"closed","template":"","meta":[],"product_brand":[],"product_cat":[15],"product_tag":[],"class_list":{"0":"post-878","1":"product","2":"type-product","3":"status-publish","5":"product_cat-unkategorisiert","7":"first","8":"instock","9":"taxable","10":"shipping-taxable","11":"purchasable","12":"product-type-simple"},"jetpack_sharing_enabled":true,"_links":{"self":[{"href":"https:\/\/test.pulchlorenz.de\/index.php?rest_route=\/wp\/v2\/product\/878","targetHints":{"allow":["GET"]}}],"collection":[{"href":"https:\/\/test.pulchlorenz.de\/index.php?rest_route=\/wp\/v2\/product"}],"about":[{"href":"https:\/\/test.pulchlorenz.de\/index.php?rest_route=\/wp\/v2\/types\/product"}],"replies":[{"embeddable":true,"href":"https:\/\/test.pulchlorenz.de\/index.php?rest_route=%2Fwp%2Fv2%2Fcomments&post=878"}],"wp:attachment":[{"href":"https:\/\/test.pulchlorenz.de\/index.php?rest_route=%2Fwp%2Fv2%2Fmedia&parent=878"}],"wp:term":[{"taxonomy":"product_brand","embeddable":true,"href":"https:\/\/test.pulchlorenz.de\/index.php?rest_route=%2Fwp%2Fv2%2Fproduct_brand&post=878"},{"taxonomy":"product_cat","embeddable":true,"href":"https:\/\/test.pulchlorenz.de\/index.php?rest_route=%2Fwp%2Fv2%2Fproduct_cat&post=878"},{"taxonomy":"product_tag","embeddable":true,"href":"https:\/\/test.pulchlorenz.de\/index.php?rest_route=%2Fwp%2Fv2%2Fproduct_tag&post=878"}],"curies":[{"name":"wp","href":"https:\/\/api.w.org\/{rel}","templated":true}]}}