{"id":880,"date":"2023-03-21T16:07:22","date_gmt":"2023-03-21T16:07:22","guid":{"rendered":"https:\/\/test.pulchlorenz.de\/?product=mikroskop-axioscope-5-mat-al-hf-df-dl-led"},"modified":"2023-03-21T16:07:22","modified_gmt":"2023-03-21T16:07:22","slug":"mikroskop-axioscope-5-mat-al-hf-df-dl-led","status":"publish","type":"product","link":"https:\/\/test.pulchlorenz.de\/?product=mikroskop-axioscope-5-mat-al-hf-df-dl-led","title":{"rendered":"Mikroskop Axioscope 5 MAT AL HF\/DF, DL LED"},"content":{"rendered":"<p>Auf- und Durchlichtmikroskop f\u00fcr Hellfeld- und Dunkelfeldanwendungen mit codiertem Objektivrevolver, Lichtmanager und Fototubus.  Durch den codierten Objektivrevolver wird im Kamerabild jederzeit automatisch der korrekte Ma\u00dfstab eingeblendet.  Beim Objektivwechsel wird au\u00dferdem automatisch die Beleuchtungsintensit\u00e4t f\u00fcr das jeweilige Objektiv gespeichert und geladen, sofern der Lichtmanager nicht deaktiviert ist.   \t Mikroskop Stativ Axioscope 5, DL\/AL 6x HD DIC kodiert\t \t\t Stativunterteil mit Leuchtenschnittstelle \t\t Durchlichtbeleuchtung mit Wei\u00dflicht LED 10W, optional f\u00fcr HAL 100W \t\t Schwalbe f\u00fcr anklemmbare Tischtr\u00e4ger \t\t Fokushub 24 mm, einstellbarer Fokusstopp \t\t Filterrad 6-fach f\u00fcr Filter mit 36 mm Durchmesser \t\t Aufnahme f\u00fcr Filterschieber 14&#215;40 2-fach, D = 36 mm \t\t Einbaunetzteil 24V DC 60W, stabilisiert 100&#8230;240V AC\/ 50&#8230;60Hz \t\t l\u00e4nderspezifisches Netzkabel \t\t Kontrollknopf f\u00fcr Eco Modus und Lichtmanager \t\t Integrierter Bildaufnahmeknopf unterst\u00fctzt ZEISS Axiocam \t\t USB 2.0 \t\t Staubschutzh\u00fclle \t\t Filterhalter f\u00fcr Durchlicht \t\t Stativoberteil mit Leuchtenschnittstelle f\u00fcr Auflicht HAL 100\/HBO\/HXP\/Colibri \t\t Hellfeld-\/Dunkelfeld-Auflichtbeleuchtung LED 10W wei\u00df \t\t Objektivrevolver 6xHD DIC, M27 kodiert \t\t Schwalbe f\u00fcr kodierte, wechselbare Reflektorrevolver, -schieber \t\t eingebauter achromatischer Beleuchtungsadapter \t\t eingebauter Leuchtfeldblendenschieber \t\t eingebauter Aperturblendenschieber \t\t Aufnahme f\u00fcr Filterschieber 14&#215;40 2-fach, D = 36 mm \t\t Aufnahme f\u00fcr Polarisationsschieber A 6&#215;30 mm \t \t \t Tischtr\u00e4ger D\/A, anklemmbar und h\u00f6henverstellbar \t Kondensortr\u00e4ger mit beidseitiger H\u00f6henverstellung \t Reflektorrevolver 4-fach codiert, wechselbar, f\u00fcr P&#038;C Module \t Reflektormodul Hellfeld ACR P&#038;C f\u00fcr Auflicht \t Reflektormodul Dunkelfeld ACR P&#038;C f\u00fcr Auflicht \t Kreuztisch 75&#215;50 R mit Harteloxal-Beschichtung \t Objekthalter Auflicht f\u00fcr KT 75&#215;50 \t Objekthalter f\u00fcr 2 Objekttr\u00e4ger 75x25mm, Federhebel links \t Binokularer Fototubus 30\u00b0\/23 (50:50), umgekehrtes Bild \t Filtersatz D \t 2x Okular PL 10x\/23 Br. foc. \t 2x Augenmuschel \t Objektiv EC Epiplan 5x\/0,13 HD M27 \t Objektiv EC Epiplan 10x\/0,25 HD M27 \t Objektiv EC Epiplan 20x\/0,4 HD M27 \t Objektiv EC Epiplan 50x\/0,75 HD M27 \t Kondensor, achromatisch-aplanatisch 0,9 H<\/p>\n","protected":false},"excerpt":{"rendered":"<p>Auf- und Durchlichtmikroskop f\u00fcr Hellfeld- und Dunkelfeldanwendungen mit codiertem Objektivrevolver, Lichtmanager und Fototubus. Durch den codierten Objektivrevolver wird im Kamerabild jederzeit automatisch der korrekte Ma\u00dfstab eingeblendet. Beim Objektivwechsel wird au\u00dferdem automatisch die Beleuchtungsintensit\u00e4t f\u00fcr das jeweilige Objektiv gespeichert und geladen, sofern der Lichtmanager nicht deaktiviert ist. Mikroskop Stativ Axioscope 5, DL\/AL 6x HD DIC kodiert [&hellip;]<\/p>\n","protected":false},"featured_media":0,"comment_status":"open","ping_status":"closed","template":"","meta":[],"product_brand":[],"product_cat":[15],"product_tag":[],"class_list":{"0":"post-880","1":"product","2":"type-product","3":"status-publish","5":"product_cat-unkategorisiert","7":"first","8":"instock","9":"taxable","10":"shipping-taxable","11":"purchasable","12":"product-type-simple"},"jetpack_sharing_enabled":true,"_links":{"self":[{"href":"https:\/\/test.pulchlorenz.de\/index.php?rest_route=\/wp\/v2\/product\/880","targetHints":{"allow":["GET"]}}],"collection":[{"href":"https:\/\/test.pulchlorenz.de\/index.php?rest_route=\/wp\/v2\/product"}],"about":[{"href":"https:\/\/test.pulchlorenz.de\/index.php?rest_route=\/wp\/v2\/types\/product"}],"replies":[{"embeddable":true,"href":"https:\/\/test.pulchlorenz.de\/index.php?rest_route=%2Fwp%2Fv2%2Fcomments&post=880"}],"wp:attachment":[{"href":"https:\/\/test.pulchlorenz.de\/index.php?rest_route=%2Fwp%2Fv2%2Fmedia&parent=880"}],"wp:term":[{"taxonomy":"product_brand","embeddable":true,"href":"https:\/\/test.pulchlorenz.de\/index.php?rest_route=%2Fwp%2Fv2%2Fproduct_brand&post=880"},{"taxonomy":"product_cat","embeddable":true,"href":"https:\/\/test.pulchlorenz.de\/index.php?rest_route=%2Fwp%2Fv2%2Fproduct_cat&post=880"},{"taxonomy":"product_tag","embeddable":true,"href":"https:\/\/test.pulchlorenz.de\/index.php?rest_route=%2Fwp%2Fv2%2Fproduct_tag&post=880"}],"curies":[{"name":"wp","href":"https:\/\/api.w.org\/{rel}","templated":true}]}}