{"id":899,"date":"2023-03-21T16:07:25","date_gmt":"2023-03-21T16:07:25","guid":{"rendered":"https:\/\/test.pulchlorenz.de\/?product=pl-fullscreen-presenter-kostenlos"},"modified":"2023-03-21T16:07:25","modified_gmt":"2023-03-21T16:07:25","slug":"pl-fullscreen-presenter-kostenlos","status":"publish","type":"product","link":"https:\/\/test.pulchlorenz.de\/?product=pl-fullscreen-presenter-kostenlos","title":{"rendered":"PL Fullscreen Presenter &#8211; kostenlos"},"content":{"rendered":"<p>Die Mikroskopsoftware PL Fullscreen Presenter\u00a0ist im Ausstattungsumfang unserer PL Dokucams enthalten.  Mit dieser Anwendung l\u00e4sst sich das Kamerabild auf dem ganzen Bildschirm darstellen. Dies ist speziell f\u00fcr Schulungsituationen und Pr\u00e4sentationen ein Vorteil. Mit der Maus l\u00e4sst sich ein rotes Rechteck direkt im Livebild zeichnen, um auf bestimmte Bildbereiche besser hinzuweisen. Einzelne Bilder werden per Tastendruck in einem vorher definierten Verzeichnis gespeichert.<\/p>\n","protected":false},"excerpt":{"rendered":"<p>Die Mikroskopsoftware PL Fullscreen Presenter\u00a0ist im Ausstattungsumfang unserer PL Dokucams enthalten. Mit dieser Anwendung l\u00e4sst sich das Kamerabild auf dem ganzen Bildschirm darstellen. Dies ist speziell f\u00fcr Schulungsituationen und Pr\u00e4sentationen ein Vorteil. Mit der Maus l\u00e4sst sich ein rotes Rechteck direkt im Livebild zeichnen, um auf bestimmte Bildbereiche besser hinzuweisen. Einzelne Bilder werden per Tastendruck [&hellip;]<\/p>\n","protected":false},"featured_media":0,"comment_status":"open","ping_status":"closed","template":"","meta":[],"product_brand":[],"product_cat":[15],"product_tag":[],"class_list":{"0":"post-899","1":"product","2":"type-product","3":"status-publish","5":"product_cat-unkategorisiert","7":"first","8":"instock","9":"taxable","10":"shipping-taxable","11":"purchasable","12":"product-type-simple"},"jetpack_sharing_enabled":true,"_links":{"self":[{"href":"https:\/\/test.pulchlorenz.de\/index.php?rest_route=\/wp\/v2\/product\/899","targetHints":{"allow":["GET"]}}],"collection":[{"href":"https:\/\/test.pulchlorenz.de\/index.php?rest_route=\/wp\/v2\/product"}],"about":[{"href":"https:\/\/test.pulchlorenz.de\/index.php?rest_route=\/wp\/v2\/types\/product"}],"replies":[{"embeddable":true,"href":"https:\/\/test.pulchlorenz.de\/index.php?rest_route=%2Fwp%2Fv2%2Fcomments&post=899"}],"wp:attachment":[{"href":"https:\/\/test.pulchlorenz.de\/index.php?rest_route=%2Fwp%2Fv2%2Fmedia&parent=899"}],"wp:term":[{"taxonomy":"product_brand","embeddable":true,"href":"https:\/\/test.pulchlorenz.de\/index.php?rest_route=%2Fwp%2Fv2%2Fproduct_brand&post=899"},{"taxonomy":"product_cat","embeddable":true,"href":"https:\/\/test.pulchlorenz.de\/index.php?rest_route=%2Fwp%2Fv2%2Fproduct_cat&post=899"},{"taxonomy":"product_tag","embeddable":true,"href":"https:\/\/test.pulchlorenz.de\/index.php?rest_route=%2Fwp%2Fv2%2Fproduct_tag&post=899"}],"curies":[{"name":"wp","href":"https:\/\/api.w.org\/{rel}","templated":true}]}}