{"id":90,"date":"2023-03-21T16:05:09","date_gmt":"2023-03-21T16:05:09","guid":{"rendered":"https:\/\/test.pulchlorenz.de\/?product=vorsatzsystemwechsler-2-fach-fuer-stemi-508"},"modified":"2023-03-21T16:05:09","modified_gmt":"2023-03-21T16:05:09","slug":"vorsatzsystemwechsler-2-fach-fuer-stemi-508","status":"publish","type":"product","link":"https:\/\/test.pulchlorenz.de\/?product=vorsatzsystemwechsler-2-fach-fuer-stemi-508","title":{"rendered":"Vorsatzsystemwechsler 2-fach f\u00fcr Stemi 508"},"content":{"rendered":"<p>Zur Montage von zwei Vorsatzoptiken\u00a0oder auch f\u00fcr den schnellen Wechsel mit nur einem Vorsatzsystem an einem Stemi 508 Mikroskop.  Wird am Staubschutzglas des Mikroskopk\u00f6rpers festgeklemmt.  Nicht geeignet f\u00fcr die Verwendung mt einem Ringlicht.<\/p>\n","protected":false},"excerpt":{"rendered":"<p>Zur Montage von zwei Vorsatzoptiken\u00a0oder auch f\u00fcr den schnellen Wechsel mit nur einem Vorsatzsystem an einem Stemi 508 Mikroskop. Wird am Staubschutzglas des Mikroskopk\u00f6rpers festgeklemmt. Nicht geeignet f\u00fcr die Verwendung mt einem Ringlicht.<\/p>\n","protected":false},"featured_media":0,"comment_status":"open","ping_status":"closed","template":"","meta":[],"product_brand":[],"product_cat":[15],"product_tag":[],"class_list":{"0":"post-90","1":"product","2":"type-product","3":"status-publish","5":"product_cat-unkategorisiert","7":"first","8":"instock","9":"taxable","10":"shipping-taxable","11":"purchasable","12":"product-type-simple"},"jetpack_sharing_enabled":true,"_links":{"self":[{"href":"https:\/\/test.pulchlorenz.de\/index.php?rest_route=\/wp\/v2\/product\/90","targetHints":{"allow":["GET"]}}],"collection":[{"href":"https:\/\/test.pulchlorenz.de\/index.php?rest_route=\/wp\/v2\/product"}],"about":[{"href":"https:\/\/test.pulchlorenz.de\/index.php?rest_route=\/wp\/v2\/types\/product"}],"replies":[{"embeddable":true,"href":"https:\/\/test.pulchlorenz.de\/index.php?rest_route=%2Fwp%2Fv2%2Fcomments&post=90"}],"wp:attachment":[{"href":"https:\/\/test.pulchlorenz.de\/index.php?rest_route=%2Fwp%2Fv2%2Fmedia&parent=90"}],"wp:term":[{"taxonomy":"product_brand","embeddable":true,"href":"https:\/\/test.pulchlorenz.de\/index.php?rest_route=%2Fwp%2Fv2%2Fproduct_brand&post=90"},{"taxonomy":"product_cat","embeddable":true,"href":"https:\/\/test.pulchlorenz.de\/index.php?rest_route=%2Fwp%2Fv2%2Fproduct_cat&post=90"},{"taxonomy":"product_tag","embeddable":true,"href":"https:\/\/test.pulchlorenz.de\/index.php?rest_route=%2Fwp%2Fv2%2Fproduct_tag&post=90"}],"curies":[{"name":"wp","href":"https:\/\/api.w.org\/{rel}","templated":true}]}}