{"id":903,"date":"2023-03-21T16:07:25","date_gmt":"2023-03-21T16:07:25","guid":{"rendered":"https:\/\/test.pulchlorenz.de\/?product=axio-lab-a1-fuer-ultradunkelfeld-mikroskopie"},"modified":"2023-03-21T16:07:25","modified_gmt":"2023-03-21T16:07:25","slug":"axio-lab-a1-fuer-ultradunkelfeld-mikroskopie","status":"publish","type":"product","link":"https:\/\/test.pulchlorenz.de\/?product=axio-lab-a1-fuer-ultradunkelfeld-mikroskopie","title":{"rendered":"Axio Lab A1 f\u00fcr Ultradunkelfeld Mikroskopie"},"content":{"rendered":"<p>Dieses gebrauchsfertige Axio Lab A1 Mikroskopset eignet sich speziell f\u00fcr die Dunkelfeldmikroskopie, z.b. Blutanalysen. Der Fototubus bietet au\u00dferdem die M\u00f6glichkeit eine  Mikroskopkamera  zur Dokumentation genauso wie Pr\u00e4sentation anzuschlie\u00dfen.  \t T\u00dcV-gepr\u00fcfte ergonomische Gestaltung f\u00fcr maximalen Komfort und eine entspannte Arbeitshaltung. \t Exzellente optische Qualit\u00e4t f\u00fcr zuverl\u00e4ssige Ergebnisse. \t Lange Lebensdauer dank hochwertiger Materialien. \t Breiter Anwendungsbereich durch eine gro\u00dfe Auswahl an Tuben(einschlie\u00dflich Multidiskusioneinrichtung) und Zubeh\u00f6r. \t Durchlichtbeleuchtung wahlweise mit HAL 35 W,Tageslicht -LED oder Warmlicht-LED.  bestehend aus  Axio Lab.A1 Mikroskopstativ HAL 35, 5x H, Kreuztisch R  Binokularer Fototubus 30\u00b0\/23 (50:50), umgekehrtes Bild  2x Okular PL 10x\/22 Br. foc.  2x Augenmuschel  Objektiv A-Plan 10x\/0,25 M27  Objektiv N-Achroplan 100x\/1,25 Oil Iris M27  Kondensorhalter Z f\u00fcr Dunkelfeldkondensor  Ultrakondensor 1,2 \/ 1,4 (0,75-1,0)<\/p>\n","protected":false},"excerpt":{"rendered":"<p>Dieses gebrauchsfertige Axio Lab A1 Mikroskopset eignet sich speziell f\u00fcr die Dunkelfeldmikroskopie, z.b. Blutanalysen. Der Fototubus bietet au\u00dferdem die M\u00f6glichkeit eine Mikroskopkamera zur Dokumentation genauso wie Pr\u00e4sentation anzuschlie\u00dfen. T\u00dcV-gepr\u00fcfte ergonomische Gestaltung f\u00fcr maximalen Komfort und eine entspannte Arbeitshaltung. Exzellente optische Qualit\u00e4t f\u00fcr zuverl\u00e4ssige Ergebnisse. Lange Lebensdauer dank hochwertiger Materialien. Breiter Anwendungsbereich durch eine gro\u00dfe Auswahl [&hellip;]<\/p>\n","protected":false},"featured_media":0,"comment_status":"open","ping_status":"closed","template":"","meta":[],"product_brand":[],"product_cat":[15],"product_tag":[],"class_list":{"0":"post-903","1":"product","2":"type-product","3":"status-publish","5":"product_cat-unkategorisiert","7":"first","8":"instock","9":"taxable","10":"shipping-taxable","11":"purchasable","12":"product-type-simple"},"jetpack_sharing_enabled":true,"_links":{"self":[{"href":"https:\/\/test.pulchlorenz.de\/index.php?rest_route=\/wp\/v2\/product\/903","targetHints":{"allow":["GET"]}}],"collection":[{"href":"https:\/\/test.pulchlorenz.de\/index.php?rest_route=\/wp\/v2\/product"}],"about":[{"href":"https:\/\/test.pulchlorenz.de\/index.php?rest_route=\/wp\/v2\/types\/product"}],"replies":[{"embeddable":true,"href":"https:\/\/test.pulchlorenz.de\/index.php?rest_route=%2Fwp%2Fv2%2Fcomments&post=903"}],"wp:attachment":[{"href":"https:\/\/test.pulchlorenz.de\/index.php?rest_route=%2Fwp%2Fv2%2Fmedia&parent=903"}],"wp:term":[{"taxonomy":"product_brand","embeddable":true,"href":"https:\/\/test.pulchlorenz.de\/index.php?rest_route=%2Fwp%2Fv2%2Fproduct_brand&post=903"},{"taxonomy":"product_cat","embeddable":true,"href":"https:\/\/test.pulchlorenz.de\/index.php?rest_route=%2Fwp%2Fv2%2Fproduct_cat&post=903"},{"taxonomy":"product_tag","embeddable":true,"href":"https:\/\/test.pulchlorenz.de\/index.php?rest_route=%2Fwp%2Fv2%2Fproduct_tag&post=903"}],"curies":[{"name":"wp","href":"https:\/\/api.w.org\/{rel}","templated":true}]}}