{"id":923,"date":"2023-03-21T16:07:29","date_gmt":"2023-03-21T16:07:29","guid":{"rendered":"https:\/\/test.pulchlorenz.de\/?product=augenmuschel-fuer-primo-mikroskope"},"modified":"2023-03-21T16:07:29","modified_gmt":"2023-03-21T16:07:29","slug":"augenmuschel-fuer-primo-mikroskope","status":"publish","type":"product","link":"https:\/\/test.pulchlorenz.de\/?product=augenmuschel-fuer-primo-mikroskope","title":{"rendered":"Augenmuschel f\u00fcr Primo Mikroskope"},"content":{"rendered":"<p>1 St\u00fcck Augenmuschel f\u00fcr Primo Mikroskope   Kompatible Mikroskope:  \t Primo Star \t Primo Star iLED \t Primo Vert<\/p>\n","protected":false},"excerpt":{"rendered":"<p>1 St\u00fcck Augenmuschel f\u00fcr Primo Mikroskope Kompatible Mikroskope: Primo Star Primo Star iLED Primo Vert<\/p>\n","protected":false},"featured_media":0,"comment_status":"open","ping_status":"closed","template":"","meta":[],"product_brand":[],"product_cat":[15],"product_tag":[],"class_list":{"0":"post-923","1":"product","2":"type-product","3":"status-publish","5":"product_cat-unkategorisiert","7":"first","8":"instock","9":"taxable","10":"shipping-taxable","11":"purchasable","12":"product-type-simple"},"jetpack_sharing_enabled":true,"_links":{"self":[{"href":"https:\/\/test.pulchlorenz.de\/index.php?rest_route=\/wp\/v2\/product\/923","targetHints":{"allow":["GET"]}}],"collection":[{"href":"https:\/\/test.pulchlorenz.de\/index.php?rest_route=\/wp\/v2\/product"}],"about":[{"href":"https:\/\/test.pulchlorenz.de\/index.php?rest_route=\/wp\/v2\/types\/product"}],"replies":[{"embeddable":true,"href":"https:\/\/test.pulchlorenz.de\/index.php?rest_route=%2Fwp%2Fv2%2Fcomments&post=923"}],"wp:attachment":[{"href":"https:\/\/test.pulchlorenz.de\/index.php?rest_route=%2Fwp%2Fv2%2Fmedia&parent=923"}],"wp:term":[{"taxonomy":"product_brand","embeddable":true,"href":"https:\/\/test.pulchlorenz.de\/index.php?rest_route=%2Fwp%2Fv2%2Fproduct_brand&post=923"},{"taxonomy":"product_cat","embeddable":true,"href":"https:\/\/test.pulchlorenz.de\/index.php?rest_route=%2Fwp%2Fv2%2Fproduct_cat&post=923"},{"taxonomy":"product_tag","embeddable":true,"href":"https:\/\/test.pulchlorenz.de\/index.php?rest_route=%2Fwp%2Fv2%2Fproduct_tag&post=923"}],"curies":[{"name":"wp","href":"https:\/\/api.w.org\/{rel}","templated":true}]}}