{"id":925,"date":"2023-03-21T16:07:30","date_gmt":"2023-03-21T16:07:30","guid":{"rendered":"https:\/\/test.pulchlorenz.de\/?product=beleuchtungssystem-colibri-2"},"modified":"2023-03-21T16:07:30","modified_gmt":"2023-03-21T16:07:30","slug":"beleuchtungssystem-colibri-2","status":"publish","type":"product","link":"https:\/\/test.pulchlorenz.de\/?product=beleuchtungssystem-colibri-2","title":{"rendered":"Beleuchtungssystem Colibri.2"},"content":{"rendered":"<p>Beleuchtungssystem Colibri.2    Beleuchtungssystem Colibri.2 stufenlos regelbare, schnell schaltbare und langzeitstabile Fluoreszenzlichtquelle incl. Ansteuerungseinheit und Bedienpult zur Aufnahme von bis zu 4 kundenseitig wechselbaren Hochleistungs-LED-Modulen. Aufbewahrungsbeh\u00e4lter f\u00fcr Colibri LED-Module, Aufbewahrungsbeh\u00e4lter f\u00fcr 6 Reflektormodule P&#038;C, l\u00e4nderspezifisches Netzkabel, CAN-Bus-Kabel und USB-Verl\u00e4ngerungskabel sind im Lieferumfang enthalten   Kompatible Mikroskope:  \t Axio Examiner.A1 \t Axio Examiner.D1 \t Axio Examiner.Z1 \t Axio Imager Vario \t Axio Imager.A1 \t Axio Imager.A1m \t Axio Imager.A2 \t Axio Imager.A2m \t Axio Imager.D1 \t Axio Imager.D1 f\u00fcr Auflicht-Fluoreszenz mit ApoTome&#8220; \t Axio Imager.D1m \t Axio Imager.D2 \t Axio Imager.D2m \t Axio Imager.M1 \t Axio Imager.M1m \t Axio Imager.M2 \t Axio Imager.M2m \t Axio Imager.Z1 \t Axio Imager.Z1 + ApoTome \t Axio Imager.Z1m \t Axio Imager.Z2 \t Axio Imager.Z2m \t Axio Observer.A1 \t Axio Observer.A1m \t Axio Observer.D1 \t Axio Observer.D1 + ApoTome \t Axio Observer.D1m \t Axio Observer.Z1 \t Axio Observer.Z1 Cell Observer \t Axio Observer.Z1 Cell Observer SD \t Axio Observer.Z1 f\u00fcr Auflicht-Fluoreszenz mit &#8222;ApoTome&#8220; \t Axio Observer.Z1m \t Axio Observer.Z1m ACR \t Axio Scope.A1 \t Axio Scope.A1 Vario \t Axiophot 2 \t Axioplan 2 Imaging \t Axioplan 2 Imaging \t Axioplan 2 Imaging E \t Axioplan 2 Imaging f\u00fcr Auflicht-Fluoreszenz mit &#8222;ApoTome&#8220; \t Axioplan 2 Imaging MAT \t Axioskop 2 \t Axioskop 2 FS \t Axioskop 2 FS MOT \t Axioskop 2 FS Plus \t Axioskop 2 MAT \t Axioskop 2 MAT mot \t Axioskop 2 MOT Plus \t Axioskop 2 Plus \t Axioskop 40 \t Axioskop 40 FL \t Axiovert 200 \t Axiovert 200 f\u00fcr Auflicht-Fluoreszenz mit &#8222;ApoTome&#8220; \t Axiovert 200 M \t Axiovert 200 M f\u00fcr Auflicht-Fluoreszenz mit &#8222;ApoTome&#8220; \t Axiovert 200 M MAT \t Axiovert 200 MAT \t PALM CombiSystem Rel. 4.2 \t PALM MicroBeam Rel.4.2 \t PALM MicroTweezers Rel.4.2  &#8222;<\/p>\n","protected":false},"excerpt":{"rendered":"<p>Beleuchtungssystem Colibri.2 Beleuchtungssystem Colibri.2 stufenlos regelbare, schnell schaltbare und langzeitstabile Fluoreszenzlichtquelle incl. Ansteuerungseinheit und Bedienpult zur Aufnahme von bis zu 4 kundenseitig wechselbaren Hochleistungs-LED-Modulen. Aufbewahrungsbeh\u00e4lter f\u00fcr Colibri LED-Module, Aufbewahrungsbeh\u00e4lter f\u00fcr 6 Reflektormodule P&#038;C, l\u00e4nderspezifisches Netzkabel, CAN-Bus-Kabel und USB-Verl\u00e4ngerungskabel sind im Lieferumfang enthalten Kompatible Mikroskope: Axio Examiner.A1 Axio Examiner.D1 Axio Examiner.Z1 Axio Imager Vario Axio Imager.A1 [&hellip;]<\/p>\n","protected":false},"featured_media":0,"comment_status":"open","ping_status":"closed","template":"","meta":[],"product_brand":[],"product_cat":[15],"product_tag":[],"class_list":{"0":"post-925","1":"product","2":"type-product","3":"status-publish","5":"product_cat-unkategorisiert","7":"first","8":"instock","9":"taxable","10":"shipping-taxable","11":"purchasable","12":"product-type-simple"},"jetpack_sharing_enabled":true,"_links":{"self":[{"href":"https:\/\/test.pulchlorenz.de\/index.php?rest_route=\/wp\/v2\/product\/925","targetHints":{"allow":["GET"]}}],"collection":[{"href":"https:\/\/test.pulchlorenz.de\/index.php?rest_route=\/wp\/v2\/product"}],"about":[{"href":"https:\/\/test.pulchlorenz.de\/index.php?rest_route=\/wp\/v2\/types\/product"}],"replies":[{"embeddable":true,"href":"https:\/\/test.pulchlorenz.de\/index.php?rest_route=%2Fwp%2Fv2%2Fcomments&post=925"}],"wp:attachment":[{"href":"https:\/\/test.pulchlorenz.de\/index.php?rest_route=%2Fwp%2Fv2%2Fmedia&parent=925"}],"wp:term":[{"taxonomy":"product_brand","embeddable":true,"href":"https:\/\/test.pulchlorenz.de\/index.php?rest_route=%2Fwp%2Fv2%2Fproduct_brand&post=925"},{"taxonomy":"product_cat","embeddable":true,"href":"https:\/\/test.pulchlorenz.de\/index.php?rest_route=%2Fwp%2Fv2%2Fproduct_cat&post=925"},{"taxonomy":"product_tag","embeddable":true,"href":"https:\/\/test.pulchlorenz.de\/index.php?rest_route=%2Fwp%2Fv2%2Fproduct_tag&post=925"}],"curies":[{"name":"wp","href":"https:\/\/api.w.org\/{rel}","templated":true}]}}