{"id":937,"date":"2023-03-21T16:07:32","date_gmt":"2023-03-21T16:07:32","guid":{"rendered":"https:\/\/test.pulchlorenz.de\/?product=zeiss-stativ-m-led"},"modified":"2023-03-21T16:07:32","modified_gmt":"2023-03-21T16:07:32","slug":"zeiss-stativ-m-led","status":"publish","type":"product","link":"https:\/\/test.pulchlorenz.de\/?product=zeiss-stativ-m-led","title":{"rendered":"Zeiss Stativ M LED"},"content":{"rendered":"<p>Stativbasis T340xB300xH35 mm \t Arbeitsfl\u00e4che B255xT215 mm \t Schnittstellen d=84 mm f\u00fcr Tische und d=45 mm f\u00fcr DL Polarisator \t Zentrales Durchgangsloch 40 mm \t S\u00e4ule 360 mm mit Trieb, Hubbereich 190 mm \t Stemi-Tr\u00e4ger d=76 mm, Tragf\u00e4higkeit 5 Kg, Friktion einstellbar \t Durchlichtbeleuchtungen M LED nachr\u00fcstbar \t 2x Buchse f\u00fcr IVI und Leuchte K LED \t Separate AL\/DL-Bedienelemente: 2x Dreh-Dr\u00fcck-Knopf f\u00fcr Ein\/Aus\/Dimmen \t 3x Memory Taste zum Speichern\/Aufrufen von drei Mischlichteinstellungen: Speichern: langer Tastendruck (2 sec), Aufrufen: kurzer Tastendruck Speichert: Aktuelle eingestellte Werte (An\/Aus, Helligkeit) von AL\/DL-Leuchten K\/M LED Speichert nicht: Mechanische Einstellung der Beleuchtungen sowie Segmenteinstellung und Rotation von Ringlicht K LED \t Einbaunetzteil 12V DC 24W\/100&#8230;240V AC\/50&#8230;60Hz Zus\u00e4tzlich enthalten: \t Glas- und S\/W Kunststoffplatte D=84&#215;5 mm \t L\u00e4nderspezifisches Netzkabel EURO C8 \t Staubschutzh\u00fclle<\/p>\n","protected":false},"excerpt":{"rendered":"<p>Stativbasis T340xB300xH35 mm Arbeitsfl\u00e4che B255xT215 mm Schnittstellen d=84 mm f\u00fcr Tische und d=45 mm f\u00fcr DL Polarisator Zentrales Durchgangsloch 40 mm S\u00e4ule 360 mm mit Trieb, Hubbereich 190 mm Stemi-Tr\u00e4ger d=76 mm, Tragf\u00e4higkeit 5 Kg, Friktion einstellbar Durchlichtbeleuchtungen M LED nachr\u00fcstbar 2x Buchse f\u00fcr IVI und Leuchte K LED Separate AL\/DL-Bedienelemente: 2x Dreh-Dr\u00fcck-Knopf f\u00fcr Ein\/Aus\/Dimmen [&hellip;]<\/p>\n","protected":false},"featured_media":0,"comment_status":"open","ping_status":"closed","template":"","meta":[],"product_brand":[],"product_cat":[15],"product_tag":[],"class_list":{"0":"post-937","1":"product","2":"type-product","3":"status-publish","5":"product_cat-unkategorisiert","7":"first","8":"instock","9":"taxable","10":"shipping-taxable","11":"purchasable","12":"product-type-simple"},"jetpack_sharing_enabled":true,"_links":{"self":[{"href":"https:\/\/test.pulchlorenz.de\/index.php?rest_route=\/wp\/v2\/product\/937","targetHints":{"allow":["GET"]}}],"collection":[{"href":"https:\/\/test.pulchlorenz.de\/index.php?rest_route=\/wp\/v2\/product"}],"about":[{"href":"https:\/\/test.pulchlorenz.de\/index.php?rest_route=\/wp\/v2\/types\/product"}],"replies":[{"embeddable":true,"href":"https:\/\/test.pulchlorenz.de\/index.php?rest_route=%2Fwp%2Fv2%2Fcomments&post=937"}],"wp:attachment":[{"href":"https:\/\/test.pulchlorenz.de\/index.php?rest_route=%2Fwp%2Fv2%2Fmedia&parent=937"}],"wp:term":[{"taxonomy":"product_brand","embeddable":true,"href":"https:\/\/test.pulchlorenz.de\/index.php?rest_route=%2Fwp%2Fv2%2Fproduct_brand&post=937"},{"taxonomy":"product_cat","embeddable":true,"href":"https:\/\/test.pulchlorenz.de\/index.php?rest_route=%2Fwp%2Fv2%2Fproduct_cat&post=937"},{"taxonomy":"product_tag","embeddable":true,"href":"https:\/\/test.pulchlorenz.de\/index.php?rest_route=%2Fwp%2Fv2%2Fproduct_tag&post=937"}],"curies":[{"name":"wp","href":"https:\/\/api.w.org\/{rel}","templated":true}]}}