{"id":94,"date":"2023-03-21T16:05:10","date_gmt":"2023-03-21T16:05:10","guid":{"rendered":"https:\/\/test.pulchlorenz.de\/?product=mikroskop-stativ-axioscope-5-al-6xhd-dic-kodiert"},"modified":"2023-03-21T16:05:10","modified_gmt":"2023-03-21T16:05:10","slug":"mikroskop-stativ-axioscope-5-al-6xhd-dic-kodiert","status":"publish","type":"product","link":"https:\/\/test.pulchlorenz.de\/?product=mikroskop-stativ-axioscope-5-al-6xhd-dic-kodiert","title":{"rendered":"Mikroskop Stativ Axioscope 5, AL, 6xHD DIC kodiert"},"content":{"rendered":"<p>Stativunterteil mit Schwalbe f\u00fcr anklemmbare Tischtr\u00e4ger \t Fokushub 24 mm, einstellbarer Fokusstop \t Einbaunetzteil 24V DC 60W, stabilisiert 100&#8230;240V AC\/ 50&#8230;60Hz \t l\u00e4nderspezifisches Netzkabel \t Kontrollknopf f\u00fcr Eco Modus und Lichtmanager \t Schnappschussfunktion unterst\u00fctzt ZEISS Axiocam \t USB 2.0 Schnittstelle \t Staubschutzh\u00fclle \t Stativoberteil mit Leuchtenschnittstelle f\u00fcr Auflicht Hal100\/HBO\/HXP \t Hellfeld\/ Dunkelfeld Auflichtbeleuchtung LED10W wei\u00df \t Objektivrevolver 6xHD DIC, M27 kodiert \t Schwalbe f\u00fcr kodierte, wechselbare Reflektorrevolver, -schieber \t eingebauter achromatischer Beleuchtungsadapter \t eingebauter Leuchtfeldblendenschieber \t eingebauter Aperturblendenschieber \t Aufnahme f\u00fcr Filterschieber 14&#215;40 2-fach, D = 36 mm \t Aufnahme f\u00fcr Polarisationsschieber A 6&#215;30 mm<\/p>\n","protected":false},"excerpt":{"rendered":"<p>Stativunterteil mit Schwalbe f\u00fcr anklemmbare Tischtr\u00e4ger Fokushub 24 mm, einstellbarer Fokusstop Einbaunetzteil 24V DC 60W, stabilisiert 100&#8230;240V AC\/ 50&#8230;60Hz l\u00e4nderspezifisches Netzkabel Kontrollknopf f\u00fcr Eco Modus und Lichtmanager Schnappschussfunktion unterst\u00fctzt ZEISS Axiocam USB 2.0 Schnittstelle Staubschutzh\u00fclle Stativoberteil mit Leuchtenschnittstelle f\u00fcr Auflicht Hal100\/HBO\/HXP Hellfeld\/ Dunkelfeld Auflichtbeleuchtung LED10W wei\u00df Objektivrevolver 6xHD DIC, M27 kodiert Schwalbe f\u00fcr kodierte, wechselbare [&hellip;]<\/p>\n","protected":false},"featured_media":0,"comment_status":"open","ping_status":"closed","template":"","meta":[],"product_brand":[],"product_cat":[15],"product_tag":[],"class_list":{"0":"post-94","1":"product","2":"type-product","3":"status-publish","5":"product_cat-unkategorisiert","7":"first","8":"instock","9":"taxable","10":"shipping-taxable","11":"purchasable","12":"product-type-simple"},"jetpack_sharing_enabled":true,"_links":{"self":[{"href":"https:\/\/test.pulchlorenz.de\/index.php?rest_route=\/wp\/v2\/product\/94","targetHints":{"allow":["GET"]}}],"collection":[{"href":"https:\/\/test.pulchlorenz.de\/index.php?rest_route=\/wp\/v2\/product"}],"about":[{"href":"https:\/\/test.pulchlorenz.de\/index.php?rest_route=\/wp\/v2\/types\/product"}],"replies":[{"embeddable":true,"href":"https:\/\/test.pulchlorenz.de\/index.php?rest_route=%2Fwp%2Fv2%2Fcomments&post=94"}],"wp:attachment":[{"href":"https:\/\/test.pulchlorenz.de\/index.php?rest_route=%2Fwp%2Fv2%2Fmedia&parent=94"}],"wp:term":[{"taxonomy":"product_brand","embeddable":true,"href":"https:\/\/test.pulchlorenz.de\/index.php?rest_route=%2Fwp%2Fv2%2Fproduct_brand&post=94"},{"taxonomy":"product_cat","embeddable":true,"href":"https:\/\/test.pulchlorenz.de\/index.php?rest_route=%2Fwp%2Fv2%2Fproduct_cat&post=94"},{"taxonomy":"product_tag","embeddable":true,"href":"https:\/\/test.pulchlorenz.de\/index.php?rest_route=%2Fwp%2Fv2%2Fproduct_tag&post=94"}],"curies":[{"name":"wp","href":"https:\/\/api.w.org\/{rel}","templated":true}]}}