{"id":941,"date":"2023-03-21T16:07:33","date_gmt":"2023-03-21T16:07:33","guid":{"rendered":"https:\/\/test.pulchlorenz.de\/?product=transport-und-aufbewahrungskoffer-fuer-axio-lab-a1-h-h-pol"},"modified":"2023-03-21T16:07:33","modified_gmt":"2023-03-21T16:07:33","slug":"transport-und-aufbewahrungskoffer-fuer-axio-lab-a1-h-h-pol","status":"publish","type":"product","link":"https:\/\/test.pulchlorenz.de\/?product=transport-und-aufbewahrungskoffer-fuer-axio-lab-a1-h-h-pol","title":{"rendered":"Transport- und Aufbewahrungskoffer f\u00fcr Axio Lab.A1 H\/ H Pol"},"content":{"rendered":"<p>F\u00fcr die Stative 430037-9000-000, 430037-9010-000 und 430037-9030-000 \u00a0  geeignet f\u00fcr Axio Lab.A1 H und Axio Lab.A1 Pol &#8211; mit Teleskopstange, 2 Laufrollen, Tragegriff und Schlie\u00dfsicherung, &#8211; staubdicht, &#8211; Au\u00dfenabmessungen des Koffers: 615 x 540 x 325 mm, &#8211; Gewicht 8,0 kg<\/p>\n","protected":false},"excerpt":{"rendered":"<p>F\u00fcr die Stative 430037-9000-000, 430037-9010-000 und 430037-9030-000 \u00a0 geeignet f\u00fcr Axio Lab.A1 H und Axio Lab.A1 Pol &#8211; mit Teleskopstange, 2 Laufrollen, Tragegriff und Schlie\u00dfsicherung, &#8211; staubdicht, &#8211; Au\u00dfenabmessungen des Koffers: 615 x 540 x 325 mm, &#8211; Gewicht 8,0 kg<\/p>\n","protected":false},"featured_media":0,"comment_status":"open","ping_status":"closed","template":"","meta":[],"product_brand":[],"product_cat":[15],"product_tag":[],"class_list":{"0":"post-941","1":"product","2":"type-product","3":"status-publish","5":"product_cat-unkategorisiert","7":"first","8":"instock","9":"taxable","10":"shipping-taxable","11":"purchasable","12":"product-type-simple"},"jetpack_sharing_enabled":true,"_links":{"self":[{"href":"https:\/\/test.pulchlorenz.de\/index.php?rest_route=\/wp\/v2\/product\/941","targetHints":{"allow":["GET"]}}],"collection":[{"href":"https:\/\/test.pulchlorenz.de\/index.php?rest_route=\/wp\/v2\/product"}],"about":[{"href":"https:\/\/test.pulchlorenz.de\/index.php?rest_route=\/wp\/v2\/types\/product"}],"replies":[{"embeddable":true,"href":"https:\/\/test.pulchlorenz.de\/index.php?rest_route=%2Fwp%2Fv2%2Fcomments&post=941"}],"wp:attachment":[{"href":"https:\/\/test.pulchlorenz.de\/index.php?rest_route=%2Fwp%2Fv2%2Fmedia&parent=941"}],"wp:term":[{"taxonomy":"product_brand","embeddable":true,"href":"https:\/\/test.pulchlorenz.de\/index.php?rest_route=%2Fwp%2Fv2%2Fproduct_brand&post=941"},{"taxonomy":"product_cat","embeddable":true,"href":"https:\/\/test.pulchlorenz.de\/index.php?rest_route=%2Fwp%2Fv2%2Fproduct_cat&post=941"},{"taxonomy":"product_tag","embeddable":true,"href":"https:\/\/test.pulchlorenz.de\/index.php?rest_route=%2Fwp%2Fv2%2Fproduct_tag&post=941"}],"curies":[{"name":"wp","href":"https:\/\/api.w.org\/{rel}","templated":true}]}}