{"id":947,"date":"2023-03-21T16:07:34","date_gmt":"2023-03-21T16:07:34","guid":{"rendered":"https:\/\/test.pulchlorenz.de\/?product=festkoerperlichtquelle-colibri-3-ausfuehrung-rgb-uv"},"modified":"2023-03-21T16:07:34","modified_gmt":"2023-03-21T16:07:34","slug":"festkoerperlichtquelle-colibri-3-ausfuehrung-rgb-uv","status":"publish","type":"product","link":"https:\/\/test.pulchlorenz.de\/?product=festkoerperlichtquelle-colibri-3-ausfuehrung-rgb-uv","title":{"rendered":"Festk\u00f6rperlichtquelle Colibri 3, Ausf\u00fchrung RGB-UV"},"content":{"rendered":"<p>4-Kanal Fluoreszenzlichtquelle mit integrierter Ansteuerungseinheit im Axioscope Mikroskopstativ, zur stufenlosen Helligkeitseinstellung, schnell schaltbar. Einstellbar im Stand-Alone-Betrieb, OnScreenDisplay (OSD) mit Axiocam 202, Software Labscope App. Ausger\u00fcstet mit 4 Festk\u00f6rper LEDs.  \t Red (630nm) zur Anregung von Cy5, Alexa 631, TOTO-3 und \u00e4hnlichen Farbstoffen \t Green (565nm) zur Anregung von Cy3, TRITC, DsRed und \u00e4hnlichen Farbstoffen  Blue (470nm) zur Anregung von eGFP, Fluo4, FITC und \u00e4hnlichen Farbstoffen \t UV (385nm) zur Anregung von DAPI, Alexa 405, Hoechst 33258 und \u00e4hnlichen Farbstoffen<\/p>\n","protected":false},"excerpt":{"rendered":"<p>4-Kanal Fluoreszenzlichtquelle mit integrierter Ansteuerungseinheit im Axioscope Mikroskopstativ, zur stufenlosen Helligkeitseinstellung, schnell schaltbar. Einstellbar im Stand-Alone-Betrieb, OnScreenDisplay (OSD) mit Axiocam 202, Software Labscope App. Ausger\u00fcstet mit 4 Festk\u00f6rper LEDs. Red (630nm) zur Anregung von Cy5, Alexa 631, TOTO-3 und \u00e4hnlichen Farbstoffen Green (565nm) zur Anregung von Cy3, TRITC, DsRed und \u00e4hnlichen Farbstoffen Blue (470nm) zur [&hellip;]<\/p>\n","protected":false},"featured_media":0,"comment_status":"open","ping_status":"closed","template":"","meta":[],"product_brand":[],"product_cat":[15],"product_tag":[],"class_list":{"0":"post-947","1":"product","2":"type-product","3":"status-publish","5":"product_cat-unkategorisiert","7":"first","8":"instock","9":"taxable","10":"shipping-taxable","11":"purchasable","12":"product-type-simple"},"jetpack_sharing_enabled":true,"_links":{"self":[{"href":"https:\/\/test.pulchlorenz.de\/index.php?rest_route=\/wp\/v2\/product\/947","targetHints":{"allow":["GET"]}}],"collection":[{"href":"https:\/\/test.pulchlorenz.de\/index.php?rest_route=\/wp\/v2\/product"}],"about":[{"href":"https:\/\/test.pulchlorenz.de\/index.php?rest_route=\/wp\/v2\/types\/product"}],"replies":[{"embeddable":true,"href":"https:\/\/test.pulchlorenz.de\/index.php?rest_route=%2Fwp%2Fv2%2Fcomments&post=947"}],"wp:attachment":[{"href":"https:\/\/test.pulchlorenz.de\/index.php?rest_route=%2Fwp%2Fv2%2Fmedia&parent=947"}],"wp:term":[{"taxonomy":"product_brand","embeddable":true,"href":"https:\/\/test.pulchlorenz.de\/index.php?rest_route=%2Fwp%2Fv2%2Fproduct_brand&post=947"},{"taxonomy":"product_cat","embeddable":true,"href":"https:\/\/test.pulchlorenz.de\/index.php?rest_route=%2Fwp%2Fv2%2Fproduct_cat&post=947"},{"taxonomy":"product_tag","embeddable":true,"href":"https:\/\/test.pulchlorenz.de\/index.php?rest_route=%2Fwp%2Fv2%2Fproduct_tag&post=947"}],"curies":[{"name":"wp","href":"https:\/\/api.w.org\/{rel}","templated":true}]}}