{"id":972,"date":"2023-03-21T16:07:39","date_gmt":"2023-03-21T16:07:39","guid":{"rendered":"https:\/\/test.pulchlorenz.de\/?product=kaltlichtquelle-schott-kl-1600-led-mit-spaltringlicht"},"modified":"2023-03-21T16:07:39","modified_gmt":"2023-03-21T16:07:39","slug":"kaltlichtquelle-schott-kl-1600-led-mit-spaltringlicht","status":"publish","type":"product","link":"https:\/\/test.pulchlorenz.de\/?product=kaltlichtquelle-schott-kl-1600-led-mit-spaltringlicht","title":{"rendered":"Kaltlichtquelle Schott KL 1600 LED mit Spaltringlicht"},"content":{"rendered":"<p>Beleuchtungsset KL 1600 LED gebrauchsfertig mit\u00a0Lichtquelle, Spaltringlicht Standard&#8220; \u00d8i = 66 mm, 1000 mm und Netzkabel.     Kaltlichtquelle Schott KL 1600 LED   \t stufenlos elektronisch regulierbare Lichtintensit\u00e4t \t Keine Ver\u00e4nderung der Farbtemperatur beim dimmen \t Dioden: Osram Ostar Compact \t Farbtemperatur: ~5600K \t inkl. Netzkabel.      Spaltringlicht     \t Innendurchmesser 66 mm \t L\u00e4nge 1000 mm \t Ausf\u00fchrung Standard \t Kompatibilit\u00e4t KL 1500\/1600\/2500  &#8222;<\/p>\n","protected":false},"excerpt":{"rendered":"<p>Beleuchtungsset KL 1600 LED gebrauchsfertig mit\u00a0Lichtquelle, Spaltringlicht Standard&#8220; \u00d8i = 66 mm, 1000 mm und Netzkabel. Kaltlichtquelle Schott KL 1600 LED stufenlos elektronisch regulierbare Lichtintensit\u00e4t Keine Ver\u00e4nderung der Farbtemperatur beim dimmen Dioden: Osram Ostar Compact Farbtemperatur: ~5600K inkl. Netzkabel. Spaltringlicht Innendurchmesser 66 mm L\u00e4nge 1000 mm Ausf\u00fchrung Standard Kompatibilit\u00e4t KL 1500\/1600\/2500 &#8222;<\/p>\n","protected":false},"featured_media":0,"comment_status":"open","ping_status":"closed","template":"","meta":[],"product_brand":[],"product_cat":[15],"product_tag":[],"class_list":{"0":"post-972","1":"product","2":"type-product","3":"status-publish","5":"product_cat-unkategorisiert","7":"first","8":"instock","9":"taxable","10":"shipping-taxable","11":"purchasable","12":"product-type-simple"},"jetpack_sharing_enabled":true,"_links":{"self":[{"href":"https:\/\/test.pulchlorenz.de\/index.php?rest_route=\/wp\/v2\/product\/972","targetHints":{"allow":["GET"]}}],"collection":[{"href":"https:\/\/test.pulchlorenz.de\/index.php?rest_route=\/wp\/v2\/product"}],"about":[{"href":"https:\/\/test.pulchlorenz.de\/index.php?rest_route=\/wp\/v2\/types\/product"}],"replies":[{"embeddable":true,"href":"https:\/\/test.pulchlorenz.de\/index.php?rest_route=%2Fwp%2Fv2%2Fcomments&post=972"}],"wp:attachment":[{"href":"https:\/\/test.pulchlorenz.de\/index.php?rest_route=%2Fwp%2Fv2%2Fmedia&parent=972"}],"wp:term":[{"taxonomy":"product_brand","embeddable":true,"href":"https:\/\/test.pulchlorenz.de\/index.php?rest_route=%2Fwp%2Fv2%2Fproduct_brand&post=972"},{"taxonomy":"product_cat","embeddable":true,"href":"https:\/\/test.pulchlorenz.de\/index.php?rest_route=%2Fwp%2Fv2%2Fproduct_cat&post=972"},{"taxonomy":"product_tag","embeddable":true,"href":"https:\/\/test.pulchlorenz.de\/index.php?rest_route=%2Fwp%2Fv2%2Fproduct_tag&post=972"}],"curies":[{"name":"wp","href":"https:\/\/api.w.org\/{rel}","templated":true}]}}