{"id":975,"date":"2023-03-21T16:07:39","date_gmt":"2023-03-21T16:07:39","guid":{"rendered":"https:\/\/test.pulchlorenz.de\/?product=mikroskop-axio-vert-a1-fd"},"modified":"2023-03-21T16:07:39","modified_gmt":"2023-03-21T16:07:39","slug":"mikroskop-axio-vert-a1-fd","status":"publish","type":"product","link":"https:\/\/test.pulchlorenz.de\/?product=mikroskop-axio-vert-a1-fd","title":{"rendered":"Mikroskop Axio Vert.A1 FD"},"content":{"rendered":"<p>Mikroskopstativ Axio Vert.A1 FL-LED  Binokularer Tubus 45\u00b0\/23  Foto-Zwischentubus H=50mm, links  Schieber mit Spiegel 100% f\u00fcr Foto-Zwischentubus  2x Okular PL 10x\/23 Br. foc.  2x Augenmuschel  Objekttisch 232&#215;230 mm mit Harteloxal-Beschichtung  Halterahmen Flex M  Halterahmeneinsatz Flex M, Petrischalen  Halterahmeneinsatz Flex M, Objekttr\u00e4ger und Kammern  Objektf\u00fchrer M 130&#215;85 mm f\u00fcr Axio Vert  Staubschutz-Set f\u00fcr Axio Vert  Leuchte LED f\u00fcr Axio Vert Durchlicht  Konversionsfilter 5700-3200 K, d=32 mm  Neutralfilter 0,06; d=32&#215;2  Gr\u00fcnfilter, d=32&#215;2 mm  LD-Kondensor 0,4 f\u00fcr Schieber  Schieber 10&#215;46 mm mit fester Ringblende Ph 1\/0,4  LED-Modul 385 nm  LED-Modul 470 nm  LED-Modul 565 nm  Filtersatz 38 mit Reflektormodul FL EC P&#038;C (E)  Filtersatz 43 mit Reflektormodul FL EC P&#038;C (E)  Filtersatz 49 mit Reflektormodul FL EC P&#038;C (E)  Objektiv LD A-Plan 5x\/0,15 Ph1 M27  Objektiv LD A-Plan 10x\/0,25 Ph1 M27  Objektiv LD A-Plan 20x\/0,35 Ph1 M27  Objektiv LD A-Plan 40x\/0,55 Ph1 M27  Mikroskopie-Kamera Axiocam 305 color R2 (D)  Kamera-Adapter 60N-C 2\/3 0,63x  &#8222;<\/p>\n","protected":false},"excerpt":{"rendered":"<p>Mikroskopstativ Axio Vert.A1 FL-LED Binokularer Tubus 45\u00b0\/23 Foto-Zwischentubus H=50mm, links Schieber mit Spiegel 100% f\u00fcr Foto-Zwischentubus 2x Okular PL 10x\/23 Br. foc. 2x Augenmuschel Objekttisch 232&#215;230 mm mit Harteloxal-Beschichtung Halterahmen Flex M Halterahmeneinsatz Flex M, Petrischalen Halterahmeneinsatz Flex M, Objekttr\u00e4ger und Kammern Objektf\u00fchrer M 130&#215;85 mm f\u00fcr Axio Vert Staubschutz-Set f\u00fcr Axio Vert Leuchte LED [&hellip;]<\/p>\n","protected":false},"featured_media":0,"comment_status":"open","ping_status":"closed","template":"","meta":[],"product_brand":[],"product_cat":[15],"product_tag":[],"class_list":{"0":"post-975","1":"product","2":"type-product","3":"status-publish","5":"product_cat-unkategorisiert","7":"first","8":"instock","9":"taxable","10":"shipping-taxable","11":"purchasable","12":"product-type-simple"},"jetpack_sharing_enabled":true,"_links":{"self":[{"href":"https:\/\/test.pulchlorenz.de\/index.php?rest_route=\/wp\/v2\/product\/975","targetHints":{"allow":["GET"]}}],"collection":[{"href":"https:\/\/test.pulchlorenz.de\/index.php?rest_route=\/wp\/v2\/product"}],"about":[{"href":"https:\/\/test.pulchlorenz.de\/index.php?rest_route=\/wp\/v2\/types\/product"}],"replies":[{"embeddable":true,"href":"https:\/\/test.pulchlorenz.de\/index.php?rest_route=%2Fwp%2Fv2%2Fcomments&post=975"}],"wp:attachment":[{"href":"https:\/\/test.pulchlorenz.de\/index.php?rest_route=%2Fwp%2Fv2%2Fmedia&parent=975"}],"wp:term":[{"taxonomy":"product_brand","embeddable":true,"href":"https:\/\/test.pulchlorenz.de\/index.php?rest_route=%2Fwp%2Fv2%2Fproduct_brand&post=975"},{"taxonomy":"product_cat","embeddable":true,"href":"https:\/\/test.pulchlorenz.de\/index.php?rest_route=%2Fwp%2Fv2%2Fproduct_cat&post=975"},{"taxonomy":"product_tag","embeddable":true,"href":"https:\/\/test.pulchlorenz.de\/index.php?rest_route=%2Fwp%2Fv2%2Fproduct_tag&post=975"}],"curies":[{"name":"wp","href":"https:\/\/api.w.org\/{rel}","templated":true}]}}