{"id":991,"date":"2023-03-21T16:07:41","date_gmt":"2023-03-21T16:07:41","guid":{"rendered":"https:\/\/test.pulchlorenz.de\/?product=objektiv-w-plan-apochromat-20x-10-korr-dic-m27"},"modified":"2023-03-21T16:07:41","modified_gmt":"2023-03-21T16:07:41","slug":"objektiv-w-plan-apochromat-20x-10-korr-dic-m27","status":"publish","type":"product","link":"https:\/\/test.pulchlorenz.de\/?product=objektiv-w-plan-apochromat-20x-10-korr-dic-m27","title":{"rendered":"Objektiv W Plan-Apochromat 20x\/1,0 Korr DIC M27"},"content":{"rendered":"<p>Plan APOCHROMAT Objektive liefern mit bester Farbkorrektur und h\u00f6chsten numerische Aperturen brilliante Bilder  im Hellfeld und Fluoreszenzverfahren.  Eine hohe Aufl\u00f6sung und exzellente Bildsch\u00e4rfe machen auch feinste Details und Farbnuancen deutlich sichtbar.  Objektiv W Plan-Apochromat 20x\/1,0 Korr DIC M27 75mm Abgleichl\u00e4nge 75mm (a=2,4mm), UV-VIS-IR Korrektionsring f\u00fcr Brechzahldifferenzen nD von -0,002 bis 0,025. Apochromatische Korrektur des Farbl\u00e4ngsfehlers beinhaltet die Wellenl\u00e4nge 405 nm.  Kompatible Mikroskope:  \t Axio Examiner.D1 \t Axio Examiner.Z1<\/p>\n","protected":false},"excerpt":{"rendered":"<p>Plan APOCHROMAT Objektive liefern mit bester Farbkorrektur und h\u00f6chsten numerische Aperturen brilliante Bilder im Hellfeld und Fluoreszenzverfahren. Eine hohe Aufl\u00f6sung und exzellente Bildsch\u00e4rfe machen auch feinste Details und Farbnuancen deutlich sichtbar. Objektiv W Plan-Apochromat 20x\/1,0 Korr DIC M27 75mm Abgleichl\u00e4nge 75mm (a=2,4mm), UV-VIS-IR Korrektionsring f\u00fcr Brechzahldifferenzen nD von -0,002 bis 0,025. Apochromatische Korrektur des Farbl\u00e4ngsfehlers [&hellip;]<\/p>\n","protected":false},"featured_media":0,"comment_status":"open","ping_status":"closed","template":"","meta":[],"product_brand":[],"product_cat":[15],"product_tag":[],"class_list":{"0":"post-991","1":"product","2":"type-product","3":"status-publish","5":"product_cat-unkategorisiert","7":"first","8":"instock","9":"taxable","10":"shipping-taxable","11":"purchasable","12":"product-type-simple"},"jetpack_sharing_enabled":true,"_links":{"self":[{"href":"https:\/\/test.pulchlorenz.de\/index.php?rest_route=\/wp\/v2\/product\/991","targetHints":{"allow":["GET"]}}],"collection":[{"href":"https:\/\/test.pulchlorenz.de\/index.php?rest_route=\/wp\/v2\/product"}],"about":[{"href":"https:\/\/test.pulchlorenz.de\/index.php?rest_route=\/wp\/v2\/types\/product"}],"replies":[{"embeddable":true,"href":"https:\/\/test.pulchlorenz.de\/index.php?rest_route=%2Fwp%2Fv2%2Fcomments&post=991"}],"wp:attachment":[{"href":"https:\/\/test.pulchlorenz.de\/index.php?rest_route=%2Fwp%2Fv2%2Fmedia&parent=991"}],"wp:term":[{"taxonomy":"product_brand","embeddable":true,"href":"https:\/\/test.pulchlorenz.de\/index.php?rest_route=%2Fwp%2Fv2%2Fproduct_brand&post=991"},{"taxonomy":"product_cat","embeddable":true,"href":"https:\/\/test.pulchlorenz.de\/index.php?rest_route=%2Fwp%2Fv2%2Fproduct_cat&post=991"},{"taxonomy":"product_tag","embeddable":true,"href":"https:\/\/test.pulchlorenz.de\/index.php?rest_route=%2Fwp%2Fv2%2Fproduct_tag&post=991"}],"curies":[{"name":"wp","href":"https:\/\/api.w.org\/{rel}","templated":true}]}}