{"id":995,"date":"2023-03-21T16:07:42","date_gmt":"2023-03-21T16:07:42","guid":{"rendered":"https:\/\/test.pulchlorenz.de\/?product=zeiss-stemi-stativ-k-ohne-beleuchtung"},"modified":"2023-03-21T16:07:42","modified_gmt":"2023-03-21T16:07:42","slug":"zeiss-stemi-stativ-k-ohne-beleuchtung","status":"publish","type":"product","link":"https:\/\/test.pulchlorenz.de\/?product=zeiss-stemi-stativ-k-ohne-beleuchtung","title":{"rendered":"Zeiss Stemi Stativ K (ohne Beleuchtung)"},"content":{"rendered":"<p>Stativ K (ohne Beleuchtung)  \t Stativbasis B190xT310xH35 mm \t Arbeitsfl\u00e4che B160xT195 mm \t Schnittstelle d=84 mm f\u00fcr Tische \t S\u00e4ule 250 mm mit Trieb und Handgriff, Hubbereich 145 mm \t Stemi-Tr\u00e4ger d=76 mm, Tragf\u00e4higkeit 5 Kg, Friktion einstellbar \t Gewinde 2x M8 f\u00fcr Adaption von Zubeh\u00f6r Zus\u00e4tzlich enthalten: \t S\/W Kunststoffplatte D=84&#215;5 mm\u00a0 \t Staubschutzh\u00fclle   Maximal 10 cm Probenh\u00f6he mit einem Stemi 305 ohne Vorsatzsystem Maximal 12 cm Probenh\u00f6he mit einem Stemi 508 ohne Vorsatzsystem<\/p>\n","protected":false},"excerpt":{"rendered":"<p>Stativ K (ohne Beleuchtung) Stativbasis B190xT310xH35 mm Arbeitsfl\u00e4che B160xT195 mm Schnittstelle d=84 mm f\u00fcr Tische S\u00e4ule 250 mm mit Trieb und Handgriff, Hubbereich 145 mm Stemi-Tr\u00e4ger d=76 mm, Tragf\u00e4higkeit 5 Kg, Friktion einstellbar Gewinde 2x M8 f\u00fcr Adaption von Zubeh\u00f6r Zus\u00e4tzlich enthalten: S\/W Kunststoffplatte D=84&#215;5 mm\u00a0 Staubschutzh\u00fclle Maximal 10 cm Probenh\u00f6he mit einem Stemi 305 [&hellip;]<\/p>\n","protected":false},"featured_media":0,"comment_status":"open","ping_status":"closed","template":"","meta":[],"product_brand":[],"product_cat":[15],"product_tag":[],"class_list":{"0":"post-995","1":"product","2":"type-product","3":"status-publish","5":"product_cat-unkategorisiert","7":"first","8":"instock","9":"taxable","10":"shipping-taxable","11":"purchasable","12":"product-type-simple"},"jetpack_sharing_enabled":true,"_links":{"self":[{"href":"https:\/\/test.pulchlorenz.de\/index.php?rest_route=\/wp\/v2\/product\/995","targetHints":{"allow":["GET"]}}],"collection":[{"href":"https:\/\/test.pulchlorenz.de\/index.php?rest_route=\/wp\/v2\/product"}],"about":[{"href":"https:\/\/test.pulchlorenz.de\/index.php?rest_route=\/wp\/v2\/types\/product"}],"replies":[{"embeddable":true,"href":"https:\/\/test.pulchlorenz.de\/index.php?rest_route=%2Fwp%2Fv2%2Fcomments&post=995"}],"wp:attachment":[{"href":"https:\/\/test.pulchlorenz.de\/index.php?rest_route=%2Fwp%2Fv2%2Fmedia&parent=995"}],"wp:term":[{"taxonomy":"product_brand","embeddable":true,"href":"https:\/\/test.pulchlorenz.de\/index.php?rest_route=%2Fwp%2Fv2%2Fproduct_brand&post=995"},{"taxonomy":"product_cat","embeddable":true,"href":"https:\/\/test.pulchlorenz.de\/index.php?rest_route=%2Fwp%2Fv2%2Fproduct_cat&post=995"},{"taxonomy":"product_tag","embeddable":true,"href":"https:\/\/test.pulchlorenz.de\/index.php?rest_route=%2Fwp%2Fv2%2Fproduct_tag&post=995"}],"curies":[{"name":"wp","href":"https:\/\/api.w.org\/{rel}","templated":true}]}}